{"id":119200,"date":"2026-03-13T08:12:17","date_gmt":"2026-03-13T07:12:17","guid":{"rendered":"https:\/\/www.raschvin.com\/produkt\/cade-reserve-howell-mountain-2018-75-cl\/"},"modified":"2026-03-13T08:12:17","modified_gmt":"2026-03-13T07:12:17","slug":"cade-reserve-howell-mountain-2018-75-cl","status":"publish","type":"product","link":"https:\/\/www.raschvin.com\/sv\/produkt\/cade-reserve-howell-mountain-2018-75-cl\/","title":{"rendered":"CADE Reserve Howell Mountain 2018 75 cl."},"content":{"rendered":"<p data-start=\"13\" data-end=\"499\">CADE Estate ligger p\u00e5 en egendom med totalt 21 hektar planterade med vinrankor. Bel\u00e4gen i hj\u00e4rtat av Howell Mountain str\u00e4cker sig CADEs ving\u00e5rdar fr\u00e5n 1 500 till 1 850 fot \u00f6ver havet och \u00e4r planterade med Cabernet Sauvignon, Malbec och Petit Verdot. \u00c5rg\u00e5ng 2018 inneh\u00e5ller \u00e4ven frukt fr\u00e5n vineriets nyligen f\u00f6rv\u00e4rvade egendom p\u00e5 82 hektar p\u00e5 Howell Mountain \u2013 13th Vineyard. Frukten sk\u00f6rdades fr\u00e5n den 5 oktober till den 1 november och detta blev den st\u00f6rsta \u00e5rg\u00e5ngen n\u00e5gonsin f\u00f6r CADE.<\/p>\n<p data-start=\"501\" data-end=\"808\">Frukten handsk\u00f6rdades, avstj\u00e4lkades med hela b\u00e4r, handsorterades och pumpades \u00f6ver till sm\u00e5 j\u00e4stankar i rostfritt st\u00e5l. Musten h\u00f6lls temperaturkontrollerad under tv\u00e5 dagars kallmaceration. J\u00e4sningen var varm och snabb. Macerationen varade i 6\u20137 dagar. Vinet lagrades i 20 m\u00e5nader p\u00e5 100 % nya franska ekfat.<\/p>\n<div class=\"col-12\">\n<div class=\"row\">\n<div class=\"col-8\">eb Dunnuck<\/div>\n<div class=\"col-4 text-right\"><span class=\"font-weight-bold\">98 point<\/span><\/div>\n<\/div>\n<\/div>\n<div class=\"col-12\">\n<div class=\"row\">\n<div class=\"col-8\">Robert Parker&#8217;s Wine Advocate<\/div>\n<div class=\"col-4 text-right\"><span class=\"font-weight-bold\">95 point<\/span><\/div>\n<\/div>\n<\/div>\n<div class=\"col-12\">\n<div class=\"row\">\n<div class=\"col-8\">Wine Spectator<\/div>\n<div class=\"col-4 text-right\"><span class=\"font-weight-bold\">94 point<\/span><\/div>\n<\/div>\n<\/div>\n<div class=\"col-12\">\n<div class=\"row\">\n<div class=\"col-8\">Vinous<\/div>\n<div class=\"col-4 text-right\"><span class=\"font-weight-bold\">97 point<\/span><\/div>\n<div>\n<p data-start=\"68\" data-end=\"284\">Vinet \u00e4r gjort p\u00e5 en klassisk Bordeauxblend med <strong data-start=\"130\" data-end=\"202\">87 % Cabernet Sauvignon, 6 % Malbec, 4 % Merlot och 3 % Petit Verdot<\/strong>, vilket ger en kraftfull men elegant stil med b\u00e5de djup, struktur och fin balans.<\/p>\n<p data-start=\"286\" data-end=\"507\">\n<\/div>\n<\/div>\n<\/div>\n<p data-start=\"810\" data-end=\"913\">\u00c5rg\u00e5ng 2018 resulterade i ett vin fyllt av fantastisk frukt, saftig textur och gener\u00f6st med kryddighet.<\/p>\n<p data-start=\"915\" data-end=\"1286\"><strong data-start=\"915\" data-end=\"924\">F\u00e4rg:<\/strong> Djup r\u00f6d.<br data-start=\"934\" data-end=\"937\" \/><strong data-start=\"937\" data-end=\"946\">Doft:<\/strong> Bj\u00f6rnb\u00e4r, bl\u00e5b\u00e4r, svarta k\u00f6rsb\u00e4r, m\u00f6rk choklad, kaffe, vaniljst\u00e5ng, graham cracker och svarta vinb\u00e4r.<br data-start=\"1048\" data-end=\"1051\" \/><strong data-start=\"1051\" data-end=\"1060\">Smak:<\/strong> Smak av boysenb\u00e4r, halloncoulis, chokladt\u00e4ckta espressob\u00f6nor, bruna kryddor och r\u00f6da k\u00f6rsb\u00e4r. Tanninerna \u00e4r strukturerade och eleganta. T\u00e4theten och munk\u00e4nslan visar verkligen vinets silkeslena, fylliga och gener\u00f6sa karakt\u00e4r.<\/p>\n","protected":false},"excerpt":{"rendered":"<p>Napa Valley &#8211; Cali USA<\/p>\n","protected":false},"featured_media":119219,"template":"","meta":{"_acf_changed":false,"rs_blank_template":"","rs_page_bg_color":"","slide_template_v7":""},"product_brand":[],"product_cat":[7705,2788,2798],"product_tag":[],"class_list":{"0":"post-119200","1":"product","2":"type-product","3":"status-publish","4":"has-post-thumbnail","6":"product_cat-fine-wine-sv","7":"product_cat-vin-sv","8":"product_cat-roedvin-sv","9":"pa_aargang-2018-sv","10":"pa_drue-cabernet-sauvignon-sv","11":"pa_drue-malbec-sv","12":"pa_drue-merlot-sv","13":"pa_drue-petit-verdot-sv","14":"pa_land-usa-sv","15":"pa_procent-15-9-sv","16":"pa_producent-cade-estate-winery","17":"pa_region-napa-valley-sv","18":"pa_serveringstemperatur-16-18-sv","19":"pa_volume-75-sv","21":"first","22":"instock","23":"taxable","24":"shipping-taxable","25":"purchasable","26":"product-type-simple"},"bundled_by":[],"bundle_stock_status":"instock","bundle_stock_quantity":null,"bundle_virtual":false,"bundle_layout":"","bundle_add_to_cart_form_location":"","bundle_editable_in_cart":false,"bundle_sold_individually_context":"","bundle_item_grouping":"","bundle_min_size":"","bundle_max_size":"","bundle_price":[],"bundled_items":[],"bundle_sell_ids":[],"acf":[],"_links":{"self":[{"href":"https:\/\/www.raschvin.com\/sv\/wp-json\/wp\/v2\/product\/119200","targetHints":{"allow":["GET"]}}],"collection":[{"href":"https:\/\/www.raschvin.com\/sv\/wp-json\/wp\/v2\/product"}],"about":[{"href":"https:\/\/www.raschvin.com\/sv\/wp-json\/wp\/v2\/types\/product"}],"wp:featuredmedia":[{"embeddable":true,"href":"https:\/\/www.raschvin.com\/sv\/wp-json\/wp\/v2\/media\/119219"}],"wp:attachment":[{"href":"https:\/\/www.raschvin.com\/sv\/wp-json\/wp\/v2\/media?parent=119200"}],"wp:term":[{"taxonomy":"product_brand","embeddable":true,"href":"https:\/\/www.raschvin.com\/sv\/wp-json\/wp\/v2\/product_brand?post=119200"},{"taxonomy":"product_cat","embeddable":true,"href":"https:\/\/www.raschvin.com\/sv\/wp-json\/wp\/v2\/product_cat?post=119200"},{"taxonomy":"product_tag","embeddable":true,"href":"https:\/\/www.raschvin.com\/sv\/wp-json\/wp\/v2\/product_tag?post=119200"}],"curies":[{"name":"wp","href":"https:\/\/api.w.org\/{rel}","templated":true}]}}