{"id":119102,"date":"2026-03-12T09:00:24","date_gmt":"2026-03-12T08:00:24","guid":{"rendered":"https:\/\/www.raschvin.com\/?post_type=product&#038;p=119102"},"modified":"2026-03-12T09:04:44","modified_gmt":"2026-03-12T08:04:44","slug":"tarquins-yuzu-and-lime-gin-70-cl-42-kopier","status":"publish","type":"product","link":"https:\/\/www.raschvin.com\/sv\/produkt\/tarquins-yuzu-and-lime-gin-70-cl-42-kopier\/","title":{"rendered":"Tarquin&#8217;s Rhubarb &#038; Raspberry Gin 70 cl. 38%"},"content":{"rendered":"<p data-start=\"12\" data-end=\"455\">Tarquin\u2019s Rhubarb and Raspberry \u00e4r en fruktgin fr\u00e5n Cornwall i s\u00f6dra England. Basen i denna fruktgin \u00e4r Tarquin\u2019s egen Cornish Dry Gin, som \u00e4r gjord p\u00e5 vetesprit och 12 utvalda botanicals, bland annat kardemumma och viol. Ginen, som i detta skede av processen h\u00e5ller 76 % alkohol, infuseras d\u00e4refter med hallon och rabarber, b\u00e5da 100 % brittiska, och n\u00e4r Tarquin anser att balansen \u00e4r den r\u00e4tta, sp\u00e4ds den ner till 38 %. Inget tillsatt socker!<\/p>\n<p data-start=\"457\" data-end=\"689\">F\u00e4rg: Som n\u00e4stan mogna hallon.<br data-start=\"487\" data-end=\"490\" \/>Doft: Enb\u00e4ren kommer fint igenom de gener\u00f6sa tonerna av hallon, citronsorbet och kardemumma.<br data-start=\"582\" data-end=\"585\" \/>Smaknoter: V\u00e4lbalanserad smak som inte \u00e4r f\u00f6r s\u00f6t och pr\u00e4glas av friska citrustoner, rabarber och enb\u00e4r.<\/p>\n<p data-start=\"691\" data-end=\"825\">Serveringsf\u00f6rslag: Njut den ren eller i cocktails \u2013 prova den till exempel i en spritz med mousserande vin och en twist av citronskal.<\/p>\n","protected":false},"excerpt":{"rendered":"<p>Handcrafted Cornish Dry Gin \u2013 Created On The Wild Cornish Coast<\/p>\n","protected":false},"featured_media":119114,"template":"","meta":{"_acf_changed":false,"rs_blank_template":"","rs_page_bg_color":"","slide_template_v7":""},"product_brand":[],"product_cat":[4700,2404,2402],"product_tag":[],"class_list":{"0":"post-119102","1":"product","2":"type-product","3":"status-publish","4":"has-post-thumbnail","6":"product_cat-flavoured-gin-sv","7":"product_cat-gin-sv","8":"product_cat-sprit-sv","9":"pa_land-skottland","10":"pa_procent-38-sv","11":"pa_producent-tarquins-sv","12":"pa_region-cornwall-sv","13":"pa_volume-70-sv-2","15":"first","16":"instock","17":"sale","18":"taxable","19":"shipping-taxable","20":"purchasable","21":"product-type-simple"},"bundled_by":[],"bundle_stock_status":"instock","bundle_stock_quantity":null,"bundle_virtual":false,"bundle_layout":"","bundle_add_to_cart_form_location":"","bundle_editable_in_cart":false,"bundle_sold_individually_context":"","bundle_item_grouping":"","bundle_min_size":"","bundle_max_size":"","bundle_price":[],"bundled_items":[],"bundle_sell_ids":[],"acf":[],"_links":{"self":[{"href":"https:\/\/www.raschvin.com\/sv\/wp-json\/wp\/v2\/product\/119102","targetHints":{"allow":["GET"]}}],"collection":[{"href":"https:\/\/www.raschvin.com\/sv\/wp-json\/wp\/v2\/product"}],"about":[{"href":"https:\/\/www.raschvin.com\/sv\/wp-json\/wp\/v2\/types\/product"}],"wp:featuredmedia":[{"embeddable":true,"href":"https:\/\/www.raschvin.com\/sv\/wp-json\/wp\/v2\/media\/119114"}],"wp:attachment":[{"href":"https:\/\/www.raschvin.com\/sv\/wp-json\/wp\/v2\/media?parent=119102"}],"wp:term":[{"taxonomy":"product_brand","embeddable":true,"href":"https:\/\/www.raschvin.com\/sv\/wp-json\/wp\/v2\/product_brand?post=119102"},{"taxonomy":"product_cat","embeddable":true,"href":"https:\/\/www.raschvin.com\/sv\/wp-json\/wp\/v2\/product_cat?post=119102"},{"taxonomy":"product_tag","embeddable":true,"href":"https:\/\/www.raschvin.com\/sv\/wp-json\/wp\/v2\/product_tag?post=119102"}],"curies":[{"name":"wp","href":"https:\/\/api.w.org\/{rel}","templated":true}]}}