{"id":119041,"date":"2026-03-11T20:03:25","date_gmt":"2026-03-11T19:03:25","guid":{"rendered":"https:\/\/www.raschvin.com\/?post_type=product&#038;p=119041"},"modified":"2026-03-11T20:06:31","modified_gmt":"2026-03-11T19:06:31","slug":"edradour-12-years-2013-cask-strength-ibisco-decanter-70-cl-607-kopier","status":"publish","type":"product","link":"https:\/\/www.raschvin.com\/sv\/produkt\/edradour-12-years-2013-cask-strength-ibisco-decanter-70-cl-607-kopier\/","title":{"rendered":"Edradour 12 Years Charity Air Ambulance 70 cl. 46%"},"content":{"rendered":"<p>Denna exklusiva <b>Edradour 12 \u00e5r Skottlands v\u00e4lg\u00f6renhetsluftambulans<\/b> f\u00f6renar m\u00e4sterlig destillering med djup tacksamhet och ett livr\u00e4ddande syfte. Bli en del av en speciell mission och njut av en whisky som genom sin <b>12-\u00e5riga mognad<\/b> utm\u00e4rker sig och samtidigt st\u00f6djer <b>skotsk luftambulans<\/b>.<\/p>\n<h3>En fest f\u00f6r sinnena<\/h3>\n<p>Glaset fylls med en f\u00f6rtrollande m\u00f6rk f\u00e4rg, som helt <b>utan f\u00e4rg\u00e4mnen<\/b> har uppst\u00e5tt genom den l\u00e5nga vilotiden i f\u00f6rstklassiga <b>First Fill Oloroso Sherry Butts<\/b>. P\u00e5 gommen utvecklas med kraftfulla 46% vol. en <b>opulent blandning<\/b> av mogna m\u00f6rka frukter, silkeslen m\u00f6rk choklad och kandiserade apelsiner, som \u00e5tf\u00f6ljs av julig pepparkaka och s\u00f6ta russin. Den l\u00e5ngvariga eftersmaken sk\u00e4mmer bort med en <b>och den mustiga kryddigheten fr\u00e5n ek, som harmoniskt sm\u00e4lter samman med nyanser av dadlar och kraftfulla bakverkssmaker.<\/b><\/p>\n<h3>Traditionellt hantverk m\u00f6ter socialt ansvar<\/h3>\n<p>Denne exceptionella whisky skapades i ett av de minsta och charmigaste destillerierna i Skottland. Edradour \u00e4r v\u00e4rldsber\u00f6mt f\u00f6r autenticitet och <b>hantverksm\u00e4ssigt<\/b> tillverkad single malt, som h\u00e4r visar en djupt m\u00e4nsklig sida. Personliga upplevelser fr\u00e5n \u00e4garen Andrew Symington gjorde denna <b>begr\u00e4nsade specialutg\u00e5va<\/b> till en s\u00e4rskild hj\u00e4rtefr\u00e5ga. Med ditt val av denna flaska st\u00f6djer du detta engagemang<b>,<\/b> eftersom Edradour <b>dona hela vinsten<\/b> fr\u00e5n f\u00f6rs\u00e4ljningen (ca 70 000 pund) till den ideella organisationen SCAA <b>.<\/b><\/p>\n<p>Skr\u00e4ddarsy dig denna <b>karakt\u00e4rsfulla<\/b> Highland Single Malt och bidra med ditt k\u00f6p till att s\u00e4kerst\u00e4lla att de <b>livsviktiga insatserna<\/b> fr\u00e5n r\u00e4ddningshelikoptrarna ocks\u00e5 \u00e4r trygga i framtiden. Best\u00e4ll nu en av <b>endast 3216 flaskor.<\/b><\/p>\n<p><strong>Aroma<\/strong>: Intensiva noter av m\u00f6rka frukter, kryddor och n\u00f6tter m\u00f6ter kakao och tr\u00e4.<\/p>\n<p><strong>Smak<\/strong>: V\u00e4lbalanserad med kryddig ek, kandiserade apelsiner, plommon och m\u00f6rk choklad samt en tydlig maltsmak.<\/p>\n<p><strong>Eftersmak<\/strong>: L\u00e5ngvarig, fruktig-kryddig och med en kraftfull ekton.<\/p>\n","protected":false},"excerpt":{"rendered":"<p>Highland Single Malt Scotch Whisky<\/p>\n","protected":false},"featured_media":119050,"template":"","meta":{"_acf_changed":false,"rs_blank_template":"","rs_page_bg_color":"","slide_template_v7":""},"product_brand":[],"product_cat":[2387,4651,2392],"product_tag":[],"class_list":{"0":"post-119041","1":"product","2":"type-product","3":"status-publish","4":"has-post-thumbnail","6":"product_cat-avec-sv","7":"product_cat-single-malt-sv","8":"product_cat-whisky-sv","9":"pa_land-skottland","10":"pa_procent-46-sv","11":"pa_producent-edradour-sv","12":"pa_region-highland-sv","13":"pa_volume-70-sv-2","15":"first","16":"instock","17":"sale","18":"taxable","19":"shipping-taxable","20":"purchasable","21":"product-type-simple"},"bundled_by":[],"bundle_stock_status":"instock","bundle_stock_quantity":null,"bundle_virtual":false,"bundle_layout":"","bundle_add_to_cart_form_location":"","bundle_editable_in_cart":false,"bundle_sold_individually_context":"","bundle_item_grouping":"","bundle_min_size":"","bundle_max_size":"","bundle_price":[],"bundled_items":[],"bundle_sell_ids":[],"acf":[],"_links":{"self":[{"href":"https:\/\/www.raschvin.com\/sv\/wp-json\/wp\/v2\/product\/119041","targetHints":{"allow":["GET"]}}],"collection":[{"href":"https:\/\/www.raschvin.com\/sv\/wp-json\/wp\/v2\/product"}],"about":[{"href":"https:\/\/www.raschvin.com\/sv\/wp-json\/wp\/v2\/types\/product"}],"wp:featuredmedia":[{"embeddable":true,"href":"https:\/\/www.raschvin.com\/sv\/wp-json\/wp\/v2\/media\/119050"}],"wp:attachment":[{"href":"https:\/\/www.raschvin.com\/sv\/wp-json\/wp\/v2\/media?parent=119041"}],"wp:term":[{"taxonomy":"product_brand","embeddable":true,"href":"https:\/\/www.raschvin.com\/sv\/wp-json\/wp\/v2\/product_brand?post=119041"},{"taxonomy":"product_cat","embeddable":true,"href":"https:\/\/www.raschvin.com\/sv\/wp-json\/wp\/v2\/product_cat?post=119041"},{"taxonomy":"product_tag","embeddable":true,"href":"https:\/\/www.raschvin.com\/sv\/wp-json\/wp\/v2\/product_tag?post=119041"}],"curies":[{"name":"wp","href":"https:\/\/api.w.org\/{rel}","templated":true}]}}