{"id":119024,"date":"2026-03-11T19:34:26","date_gmt":"2026-03-11T18:34:26","guid":{"rendered":"https:\/\/www.raschvin.com\/?post_type=product&#038;p=119024"},"modified":"2026-03-11T19:39:27","modified_gmt":"2026-03-11T18:39:27","slug":"edradour-21-years-1999-2021-bordeaux-cask-finish-70-cl-557-kopier","status":"publish","type":"product","link":"https:\/\/www.raschvin.com\/sv\/produkt\/edradour-21-years-1999-2021-bordeaux-cask-finish-70-cl-557-kopier\/","title":{"rendered":"Edradour 50 Years Old School Malts &#8211; Coastal Edition Signatory Vintage 70 cl. 43,1%"},"content":{"rendered":"<p data-start=\"12\" data-end=\"377\"><strong data-start=\"12\" data-end=\"62\">Old School Malts 50 Year Old \u2013 Coastal Edition<\/strong>, buteljerad av Signatory Vintage, \u00e4r en extraordin\u00e4r single malt Scotch whisky som har lagrats i ett halvt sekel p\u00e5 ett Oloroso sherry butt. Denna v\u00f6rdnadsbjudande utg\u00e5va f\u00e5ngar m\u00f6tet mellan l\u00e5ng fatlagring och en st\u00e4mningsfull kustkarakt\u00e4r och levererar en anm\u00e4rkningsv\u00e4rd kombination av djup, balans och elegans.<\/p>\n<p data-start=\"379\" data-end=\"822\">Tiden har verkat varsamt men m\u00e5lmedvetet och l\u00e5tit sherryfylligheten fl\u00e4tas samman med maritima inslag som vuxit fram genom \u00e5rtionden av l\u00e5ngsam mognad. Salta kusttoner v\u00e4ver sig genom lager av torkad frukt, m\u00f6rk choklad och polerad ek, medan inslag av citrus och havssalt sk\u00e4nker lyft och klarhet. Buteljerad vid v\u00e4lavv\u00e4gda 43,1 % ABV \u00e4r detta en whisky som inte definieras av kraft, utan av harmoni, elegans och en tydlig k\u00e4nsla av ursprung.<\/p>\n<p data-start=\"824\" data-end=\"999\">En verkligt kontemplativ dram, d\u00e4r Coastal Edition f\u00f6rflyttar den som dricker till vindpinade klippor ovanf\u00f6r ett brusande hav \u2013 d\u00e4r \u00e5lder, ek och ocean m\u00f6ts i perfekt balans.<\/p>\n<p data-start=\"1001\" data-end=\"1051\"><strong data-start=\"1001\" data-end=\"1051\">D\u00e4rf\u00f6r tror vi att du kommer att uppskatta den<\/strong><\/p>\n<p data-start=\"1053\" data-end=\"1105\">En anm\u00e4rkningsv\u00e4rd 50-\u00e5rig single malt Scotch whisky<\/p>\n<p data-start=\"1107\" data-end=\"1148\">Lagrad uteslutande p\u00e5 Oloroso sherry butt<\/p>\n<p data-start=\"1150\" data-end=\"1211\">Buteljerad av Signatory Vintage under Old School Malts-namnet<\/p>\n<p data-start=\"1213\" data-end=\"1250\">Elegant och balanserad vid 43,1 % ABV<\/p>\n<p data-start=\"1252\" data-end=\"1299\">F\u00f6renar kustn\u00e4ra s\u00e4lta med djup sherryfyllighet<\/p>\n<p data-start=\"1301\" data-end=\"1369\">En s\u00e4llsynt och eftert\u00e4nksam whisky f\u00f6r verkliga samlare och k\u00e4nnare<\/p>\n<p data-start=\"1371\" data-end=\"1760\" data-is-last-node=\"\" data-is-only-node=\"\"><strong data-start=\"1371\" data-end=\"1380\">Doft:<\/strong> Salt havsluft, torkad frukt och m\u00f6rk choklad, f\u00f6ljt av citrusskal, gammal ek och en antydan av mild torvr\u00f6k.<br data-start=\"1489\" data-end=\"1492\" \/><strong data-start=\"1492\" data-end=\"1501\">Smak:<\/strong> Silkeslen och harmonisk, med v\u00e5gor av sherrys\u00f6tma, fikon och russin, balanserade av havssalt, diskret r\u00f6k och f\u00f6rfinade ektoner.<br data-start=\"1630\" data-end=\"1633\" \/><strong data-start=\"1633\" data-end=\"1647\">Eftersmak:<\/strong> L\u00e5ng, salt och l\u00e4tt uttorkande med kvarh\u00e4ngande toner av sherryfyllighet, finst\u00e4md torvr\u00f6k och maritim friskhet.<\/p>\n","protected":false},"excerpt":{"rendered":"<p>Highland Single Malt Scotch Whisky<\/p>\n","protected":false},"featured_media":119059,"template":"","meta":{"_acf_changed":false,"rs_blank_template":"","rs_page_bg_color":"","slide_template_v7":""},"product_brand":[],"product_cat":[2387,4651,2392],"product_tag":[],"class_list":{"0":"post-119024","1":"product","2":"type-product","3":"status-publish","4":"has-post-thumbnail","6":"product_cat-avec-sv","7":"product_cat-single-malt-sv","8":"product_cat-whisky-sv","9":"pa_champagne-type-single-cask-sv","10":"pa_land-skottland","11":"pa_procent-43-1-sv","12":"pa_producent-edradour-sv","13":"pa_region-highland-sv","14":"pa_volume-70-sv-2","16":"first","17":"instock","18":"taxable","19":"shipping-taxable","20":"purchasable","21":"product-type-simple"},"bundled_by":[],"bundle_stock_status":"instock","bundle_stock_quantity":2,"bundle_virtual":false,"bundle_layout":"","bundle_add_to_cart_form_location":"","bundle_editable_in_cart":false,"bundle_sold_individually_context":"","bundle_item_grouping":"","bundle_min_size":"","bundle_max_size":"","bundle_price":[],"bundled_items":[],"bundle_sell_ids":[],"acf":[],"_links":{"self":[{"href":"https:\/\/www.raschvin.com\/sv\/wp-json\/wp\/v2\/product\/119024","targetHints":{"allow":["GET"]}}],"collection":[{"href":"https:\/\/www.raschvin.com\/sv\/wp-json\/wp\/v2\/product"}],"about":[{"href":"https:\/\/www.raschvin.com\/sv\/wp-json\/wp\/v2\/types\/product"}],"wp:featuredmedia":[{"embeddable":true,"href":"https:\/\/www.raschvin.com\/sv\/wp-json\/wp\/v2\/media\/119059"}],"wp:attachment":[{"href":"https:\/\/www.raschvin.com\/sv\/wp-json\/wp\/v2\/media?parent=119024"}],"wp:term":[{"taxonomy":"product_brand","embeddable":true,"href":"https:\/\/www.raschvin.com\/sv\/wp-json\/wp\/v2\/product_brand?post=119024"},{"taxonomy":"product_cat","embeddable":true,"href":"https:\/\/www.raschvin.com\/sv\/wp-json\/wp\/v2\/product_cat?post=119024"},{"taxonomy":"product_tag","embeddable":true,"href":"https:\/\/www.raschvin.com\/sv\/wp-json\/wp\/v2\/product_tag?post=119024"}],"curies":[{"name":"wp","href":"https:\/\/api.w.org\/{rel}","templated":true}]}}