{"id":119014,"date":"2026-03-11T19:16:55","date_gmt":"2026-03-11T18:16:55","guid":{"rendered":"https:\/\/www.raschvin.com\/?post_type=product&#038;p=119014"},"modified":"2026-03-11T19:22:41","modified_gmt":"2026-03-11T18:22:41","slug":"edradour-ibisco-2012-bourbon-decanter-70-cl-596-kopier-2","status":"publish","type":"product","link":"https:\/\/www.raschvin.com\/sv\/produkt\/edradour-ibisco-2012-bourbon-decanter-70-cl-596-kopier-2\/","title":{"rendered":"Edradour 12 Years 2013 Cask Strength Ibisco Decanter 70 cl. 60,7%"},"content":{"rendered":"<p>En suver\u00e4n small batch-utg\u00e5va fr\u00e5n Edradour Distillery. Denna 12-\u00e5riga single malt destillerades 2013 och buteljerades i december 2025 vid 60,7 % ABV. Uteslutande lagrad p\u00e5 \u00e5tta noggrant utvalda bourbonfat visar denna utg\u00e5va destilleriets signaturm\u00e4ssiga rikedom med b\u00e5de precision och klarhet. P\u00e5verkan fr\u00e5n amerikansk ek av h\u00f6gsta klass bidrar med struktur och naturlig s\u00f6tma, medan Edradours karakt\u00e4rsfulla destillat levererar djup, textur och tyngd i lika stor utstr\u00e4ckning. Begr\u00e4nsad till endast 1.628 flaskor presenteras den i den karakteristiska Ibisco-dekantern fr\u00e5n Signatory Vintage, vilket understryker dess status som en seri\u00f6s samlarutg\u00e5va. Kraftfull, ofiltrerad och kompromissl\u00f6st fyllig \u2013 detta \u00e4r Edradour i sin mest autentiska form.<\/p>\n","protected":false},"excerpt":{"rendered":"<p>Highland Single Malt Scotch Whisky<\/p>\n","protected":false},"featured_media":119056,"template":"","meta":{"_acf_changed":false,"rs_blank_template":"","rs_page_bg_color":"","slide_template_v7":""},"product_brand":[],"product_cat":[2387,4651,2392],"product_tag":[],"class_list":{"0":"post-119014","1":"product","2":"type-product","3":"status-publish","4":"has-post-thumbnail","6":"product_cat-avec-sv","7":"product_cat-single-malt-sv","8":"product_cat-whisky-sv","9":"pa_champagne-type-single-cask-sv","10":"pa_land-skottland","11":"pa_procent-60-7-sv","12":"pa_producent-edradour-sv","13":"pa_region-highland-sv","14":"pa_traefad-bourbon-sv","15":"pa_vintage-2013-sv","16":"pa_volume-70-sv-2","18":"first","19":"instock","20":"taxable","21":"shipping-taxable","22":"purchasable","23":"product-type-simple"},"bundled_by":[],"bundle_stock_status":"instock","bundle_stock_quantity":null,"bundle_virtual":false,"bundle_layout":"","bundle_add_to_cart_form_location":"","bundle_editable_in_cart":false,"bundle_sold_individually_context":"","bundle_item_grouping":"","bundle_min_size":"","bundle_max_size":"","bundle_price":[],"bundled_items":[],"bundle_sell_ids":[],"acf":[],"_links":{"self":[{"href":"https:\/\/www.raschvin.com\/sv\/wp-json\/wp\/v2\/product\/119014","targetHints":{"allow":["GET"]}}],"collection":[{"href":"https:\/\/www.raschvin.com\/sv\/wp-json\/wp\/v2\/product"}],"about":[{"href":"https:\/\/www.raschvin.com\/sv\/wp-json\/wp\/v2\/types\/product"}],"wp:featuredmedia":[{"embeddable":true,"href":"https:\/\/www.raschvin.com\/sv\/wp-json\/wp\/v2\/media\/119056"}],"wp:attachment":[{"href":"https:\/\/www.raschvin.com\/sv\/wp-json\/wp\/v2\/media?parent=119014"}],"wp:term":[{"taxonomy":"product_brand","embeddable":true,"href":"https:\/\/www.raschvin.com\/sv\/wp-json\/wp\/v2\/product_brand?post=119014"},{"taxonomy":"product_cat","embeddable":true,"href":"https:\/\/www.raschvin.com\/sv\/wp-json\/wp\/v2\/product_cat?post=119014"},{"taxonomy":"product_tag","embeddable":true,"href":"https:\/\/www.raschvin.com\/sv\/wp-json\/wp\/v2\/product_tag?post=119014"}],"curies":[{"name":"wp","href":"https:\/\/api.w.org\/{rel}","templated":true}]}}