{"id":118967,"date":"2026-03-11T18:08:35","date_gmt":"2026-03-11T17:08:35","guid":{"rendered":"https:\/\/www.raschvin.com\/?post_type=product&#038;p=118967"},"modified":"2026-03-11T18:17:19","modified_gmt":"2026-03-11T17:17:19","slug":"bunnahabhain-staoisha-12-years-2013-2025-adelphi-selection-dk-release-70-cl-586-kopier","status":"publish","type":"product","link":"https:\/\/www.raschvin.com\/sv\/produkt\/bunnahabhain-staoisha-12-years-2013-2025-adelphi-selection-dk-release-70-cl-586-kopier\/","title":{"rendered":"Isle of Arran 10 Years 2014\/2025 Adelphi Selection 70 cl. 57,1%"},"content":{"rendered":"<p data-start=\"100\" data-end=\"533\"><strong data-start=\"100\" data-end=\"149\">Isle of Arran 10 Years 2014 Adelphi Selection<\/strong> \u00e4r en whisky som lyfter fram det som gjort <strong data-start=\"193\" data-end=\"202\">Arran<\/strong> s\u00e5 uppskattat bland m\u00e5nga whisky\u00e4lskare. Destilleriet \u00e4r k\u00e4nt f\u00f6r sin rena, fruktiga och livliga stil, d\u00e4r destillatet ofta bjuder p\u00e5 tydlig friskhet, fin energi och en naturlig elegans. Just d\u00e4rf\u00f6r passar Arran ocks\u00e5 v\u00e4ldigt bra i oberoende buteljeringar, d\u00e4r fatet f\u00e5r bygga vidare p\u00e5 destillerikarakt\u00e4ren utan att ta \u00f6ver helt.<\/p>\n<p data-start=\"535\" data-end=\"980\">I den h\u00e4r buteljeringen m\u00f6ter Arrans \u00f6ppna och fruktdrivna husstil <strong data-start=\"602\" data-end=\"614\">Adelphis<\/strong> mer kompromissl\u00f6sa och noggranna fatselektion. Adelphi \u00e4r k\u00e4nt f\u00f6r att v\u00e4lja fat med tydlig personlighet, och resultatet blir d\u00e4rf\u00f6r en whisky som k\u00e4nns mer koncentrerad, djup och uttrycksfull \u00e4n m\u00e5nga standardbuteljeringar. Det \u00e4r inte en whisky som f\u00f6rs\u00f6ker vara l\u00e4ttsam f\u00f6r alla, utan snarare en buteljering f\u00f6r den som uppskattar tydlig karakt\u00e4r och integritet.<\/p>\n<p data-start=\"982\" data-end=\"1257\">I glaset kan man v\u00e4nta sig en whisky med bra intensitet, d\u00e4r frukt, kryddor, ek och fatkarakt\u00e4r samspelar p\u00e5 ett balanserat s\u00e4tt. Den h\u00f6ga alkoholstyrkan ger extra tryck och en t\u00e4tare textur, men Arrans naturliga friskhet hj\u00e4lper till att h\u00e5lla uttrycket levande och elegant.<\/p>\n<p data-start=\"1259\" data-end=\"1521\" data-is-last-node=\"\" data-is-only-node=\"\"><strong data-start=\"1259\" data-end=\"1278\">Sammanfattning:<\/strong><br data-start=\"1278\" data-end=\"1281\" \/>Det h\u00e4r \u00e4r en whisky f\u00f6r den som gillar Arrans rena och fruktiga stil, men vill uppleva den i en mer kraftfull, personlig och fatdriven tappning. Ett mycket intressant val f\u00f6r den som uppskattar oberoende buteljeringar med tydlig identitet.<\/p>\n","protected":false},"excerpt":{"rendered":"<p>Single Malt Scotch Whisky<\/p>\n","protected":false},"featured_media":118983,"template":"","meta":{"_acf_changed":false,"rs_blank_template":"","rs_page_bg_color":"","slide_template_v7":""},"product_brand":[],"product_cat":[2387,4651,2392],"product_tag":[],"class_list":{"0":"post-118967","1":"product","2":"type-product","3":"status-publish","4":"has-post-thumbnail","6":"product_cat-avec-sv","7":"product_cat-single-malt-sv","8":"product_cat-whisky-sv","9":"pa_champagne-type-single-cask-sv","10":"pa_land-skottland","11":"pa_procent-57-1-sv","12":"pa_producent-arran-sv","13":"pa_region-islands-sv","14":"pa_vintage-2014-sv","15":"pa_volume-70-sv-2","17":"first","18":"instock","19":"taxable","20":"shipping-taxable","21":"purchasable","22":"product-type-simple"},"bundled_by":[],"bundle_stock_status":"instock","bundle_stock_quantity":null,"bundle_virtual":false,"bundle_layout":"","bundle_add_to_cart_form_location":"","bundle_editable_in_cart":false,"bundle_sold_individually_context":"","bundle_item_grouping":"","bundle_min_size":"","bundle_max_size":"","bundle_price":[],"bundled_items":[],"bundle_sell_ids":[],"acf":[],"_links":{"self":[{"href":"https:\/\/www.raschvin.com\/sv\/wp-json\/wp\/v2\/product\/118967","targetHints":{"allow":["GET"]}}],"collection":[{"href":"https:\/\/www.raschvin.com\/sv\/wp-json\/wp\/v2\/product"}],"about":[{"href":"https:\/\/www.raschvin.com\/sv\/wp-json\/wp\/v2\/types\/product"}],"wp:featuredmedia":[{"embeddable":true,"href":"https:\/\/www.raschvin.com\/sv\/wp-json\/wp\/v2\/media\/118983"}],"wp:attachment":[{"href":"https:\/\/www.raschvin.com\/sv\/wp-json\/wp\/v2\/media?parent=118967"}],"wp:term":[{"taxonomy":"product_brand","embeddable":true,"href":"https:\/\/www.raschvin.com\/sv\/wp-json\/wp\/v2\/product_brand?post=118967"},{"taxonomy":"product_cat","embeddable":true,"href":"https:\/\/www.raschvin.com\/sv\/wp-json\/wp\/v2\/product_cat?post=118967"},{"taxonomy":"product_tag","embeddable":true,"href":"https:\/\/www.raschvin.com\/sv\/wp-json\/wp\/v2\/product_tag?post=118967"}],"curies":[{"name":"wp","href":"https:\/\/api.w.org\/{rel}","templated":true}]}}