{"id":118825,"date":"2026-03-11T14:57:05","date_gmt":"2026-03-11T13:57:05","guid":{"rendered":"https:\/\/www.raschvin.com\/produkt\/isle-of-raasay-cask-strength-release-70-cl-616\/"},"modified":"2026-03-11T14:57:05","modified_gmt":"2026-03-11T13:57:05","slug":"isle-of-raasay-cask-strength-release-70-cl-616","status":"publish","type":"product","link":"https:\/\/www.raschvin.com\/sv\/produkt\/isle-of-raasay-cask-strength-release-70-cl-616\/","title":{"rendered":"Isle of Raasay Cask Strength Release 70 cl. 61,6%"},"content":{"rendered":"<p data-start=\"2773\" data-end=\"3419\">Den h\u00e4r Cask Strength-whiskyn v\u00e4rmer mer \u00e4n en norsk vedspis en kall vinterdag. Den har lagrats p\u00e5 <strong data-start=\"2872\" data-end=\"2912\">first fill ex-Rye Whiskey-fat (63 %)<\/strong>, <strong data-start=\"2914\" data-end=\"2945\">virgin Chinkapin oak (25 %)<\/strong> och <strong data-start=\"2950\" data-end=\"2991\">first fill Bordeaux-r\u00f6dvinsfat (12 %)<\/strong>. Det \u00e4r en dram som levererar Raasays unika karakt\u00e4r helt ofiltrerad, d\u00e4r allt g\u00e5r upp i en h\u00f6gre enhet. Faten samspelar vackert och skapar en harmonisk helhet som bjuder in dig att sjunka tillbaka i stolen och njuta av varje enda klunk. Medan vinterstormen susar f\u00f6rbi f\u00f6nstret och l\u00e5gorna lyser upp rummet sprider whiskyn en djup v\u00e4rme i kroppen \u2013 en p\u00e5minnelse om att vara n\u00e4rvarande, k\u00e4nna livet och njuta av nuet. Sl\u00e1inte.<\/p>\n<p data-start=\"3421\" data-end=\"3726\"><strong data-start=\"3421\" data-end=\"3430\">Doft:<\/strong> En s\u00f6t arom av malt kombinerad med ljunghonung, nyanser av citrus, piptobak samt en diskret och elegant torvr\u00f6k.<br data-start=\"3543\" data-end=\"3546\" \/><strong data-start=\"3546\" data-end=\"3555\">Smak:<\/strong> Toner av butterscotch, engelsk lakrits, mocka och kryddor balanseras av en l\u00e4tt torvr\u00f6kig profil.<br data-start=\"3653\" data-end=\"3656\" \/><strong data-start=\"3656\" data-end=\"3670\">Eftersmak:<\/strong> Varm och kryddig avslutning inlindad i en l\u00e4tt torvr\u00f6k.<\/p>\n<p data-start=\"3728\" data-end=\"3786\"><strong data-start=\"3728\" data-end=\"3786\">Isle of Raasay Distillery \u2013 Tradition m\u00f6ter innovation<\/strong><\/p>\n<p data-start=\"3788\" data-end=\"4303\">Raasay Distillery \u00e4r inte bara ett destilleri \u2013 det \u00e4r en drivkraft f\u00f6r f\u00f6rnyelse och tillv\u00e4xt p\u00e5 en av de vackraste \u00f6arna i de skotska Hebriderna. Med en vision om att skapa n\u00e5got unikt utan att sl\u00e4ppa det ursprungliga har destilleriet lyckats locka unga m\u00e4nniskor fr\u00e5n storst\u00e4derna och \u00e5teruppliva lokalsamh\u00e4llet. \u00d6ns genomsnitts\u00e5lder har sjunkit till 30 \u00e5r och befolkningen v\u00e4xer \u2013 en utveckling som b\u00e4rs av whiskyns kraft. Om de n\u00e5gon g\u00e5ng n\u00e5r upp till 1 500 inv\u00e5nare igen, som det en g\u00e5ng var, \u00e5terst\u00e5r att se.<\/p>\n<p data-start=\"4305\" data-end=\"4520\">Destilleriet har satt som m\u00e5l att bli s\u00e5 sj\u00e4lvf\u00f6rs\u00f6rjande som m\u00f6jligt. Korn odlas nu \u00e5terigen p\u00e5 \u00f6n, och ambitionen \u00e4r att hela produktionen \u2013 fr\u00e5n odling till destillering, lagring och buteljering \u2013 ska ske lokalt.<\/p>\n<p data-start=\"4522\" data-end=\"4968\">Raasay Distillery utm\u00e4rker sig ocks\u00e5 genom sin lagringsteknik. En del av deras whisky mognar p\u00e5 ex-Bordeaux-r\u00f6dvinsfat fr\u00e5n v\u00e4lrenommerade egendomar, som familjen bakom destilleriet har personliga f\u00f6rbindelser till. Faten anl\u00e4nder f\u00e4rska och svampfria under de kalla m\u00e5naderna, d\u00e5 de fylls med new make-sprit f\u00f6r att sedan mogna p\u00e5 \u00f6n. Detta ger whiskyn en s\u00e4rskild karakt\u00e4r: en rosaton i de unga \u00e5ren, som med tiden blir djupare och m\u00f6rkare r\u00f6d.<\/p>\n<p data-start=\"4970\" data-end=\"5209\">Smakprofilen bjuder p\u00e5 toner av torkad frukt, sultanrussin, druvor, julkaka och br\u00f6dpudding \u2013 en komplex och v\u00e4rmande upplevelse som speglar b\u00e5de terroir och hantverk. Raasay Distillery st\u00e5r f\u00f6r autenticitet, ansvarstagande och innovation.<\/p>\n","protected":false},"excerpt":{"rendered":"<p>Hebridean Single Malt Scotch Whisky<\/p>\n","protected":false},"featured_media":118903,"template":"","meta":{"_acf_changed":false,"rs_blank_template":"","rs_page_bg_color":"","slide_template_v7":""},"product_brand":[],"product_cat":[2387,4651,2392],"product_tag":[],"class_list":{"0":"post-118825","1":"product","2":"type-product","3":"status-publish","4":"has-post-thumbnail","6":"product_cat-avec-sv","7":"product_cat-single-malt-sv","8":"product_cat-whisky-sv","9":"pa_land-skottland","10":"pa_procent-61-6-sv","11":"pa_producent-isle-of-raasay-distillery","12":"pa_region-highlands-sv","13":"pa_volume-70-sv-2","15":"first","16":"instock","17":"sale","18":"taxable","19":"shipping-taxable","20":"purchasable","21":"product-type-simple"},"bundled_by":[],"bundle_stock_status":"instock","bundle_stock_quantity":null,"bundle_virtual":false,"bundle_layout":"","bundle_add_to_cart_form_location":"","bundle_editable_in_cart":false,"bundle_sold_individually_context":"","bundle_item_grouping":"","bundle_min_size":"","bundle_max_size":"","bundle_price":[],"bundled_items":[],"bundle_sell_ids":[],"acf":[],"_links":{"self":[{"href":"https:\/\/www.raschvin.com\/sv\/wp-json\/wp\/v2\/product\/118825","targetHints":{"allow":["GET"]}}],"collection":[{"href":"https:\/\/www.raschvin.com\/sv\/wp-json\/wp\/v2\/product"}],"about":[{"href":"https:\/\/www.raschvin.com\/sv\/wp-json\/wp\/v2\/types\/product"}],"wp:featuredmedia":[{"embeddable":true,"href":"https:\/\/www.raschvin.com\/sv\/wp-json\/wp\/v2\/media\/118903"}],"wp:attachment":[{"href":"https:\/\/www.raschvin.com\/sv\/wp-json\/wp\/v2\/media?parent=118825"}],"wp:term":[{"taxonomy":"product_brand","embeddable":true,"href":"https:\/\/www.raschvin.com\/sv\/wp-json\/wp\/v2\/product_brand?post=118825"},{"taxonomy":"product_cat","embeddable":true,"href":"https:\/\/www.raschvin.com\/sv\/wp-json\/wp\/v2\/product_cat?post=118825"},{"taxonomy":"product_tag","embeddable":true,"href":"https:\/\/www.raschvin.com\/sv\/wp-json\/wp\/v2\/product_tag?post=118825"}],"curies":[{"name":"wp","href":"https:\/\/api.w.org\/{rel}","templated":true}]}}