{"id":118818,"date":"2026-03-11T14:41:37","date_gmt":"2026-03-11T13:41:37","guid":{"rendered":"https:\/\/www.raschvin.com\/produkt\/lochlea-cask-strength-batch-3-70-cl-59-8\/"},"modified":"2026-03-11T14:41:37","modified_gmt":"2026-03-11T13:41:37","slug":"lochlea-cask-strength-batch-3-70-cl-59-8","status":"publish","type":"product","link":"https:\/\/www.raschvin.com\/sv\/produkt\/lochlea-cask-strength-batch-3-70-cl-59-8\/","title":{"rendered":"Lochlea Cask Strength Batch 3 70 cl. 59.8%"},"content":{"rendered":"<p data-start=\"1583\" data-end=\"2041\"><strong data-start=\"1583\" data-end=\"1608\">Lochlea Cask Strength<\/strong> \u00e4r en serie \u00e5rliga, begr\u00e4nsade utg\u00e5vor fr\u00e5n Lochlea Distillery. Serien best\u00e5r av Single Malt Scotch Whisky som buteljeras direkt fr\u00e5n faten utan tillsats av vatten. Det inneb\u00e4r att whiskyn beh\u00e5ller sin naturliga fatstyrka, vilket ger en intensiv och autentisk smakupplevelse \u2013 n\u00e4stan som att prova direkt ur lagerfaten. Varje batch i serien \u00e4r unik och sammansatt av olika fat, vilket bidrar till den s\u00e4rpr\u00e4gel som varje utg\u00e5va har.<\/p>\n<p data-start=\"2043\" data-end=\"2474\"><strong data-start=\"2043\" data-end=\"2054\">Batch 3<\/strong> i Cask Strength-serien bjuder p\u00e5 en genuin whiskyupplevelse, d\u00e4r whiskyn tappas direkt fr\u00e5n faten utan utsp\u00e4dning. Till denna utg\u00e5va har Lochlea kombinerat <strong data-start=\"2211\" data-end=\"2235\">Oloroso Sherry Butts<\/strong> och <strong data-start=\"2240\" data-end=\"2265\">Ex-Islay Peated Casks<\/strong>. Denna sammans\u00e4ttning ger whiskyn betydande djup och fyllighet samt en diskret r\u00f6kig karakt\u00e4r. Batch 3 \u00e4r framtagen f\u00f6r att tilltala whiskyentusiaster som vill uppleva b\u00e5de intensitet och finess i sin whisky.<\/p>\n<p data-start=\"2476\" data-end=\"3021\" data-is-last-node=\"\" data-is-only-node=\"\"><strong data-start=\"2476\" data-end=\"2485\">Doft:<\/strong> Fyllig fruktkarakt\u00e4r med toner av mogna r\u00f6da frukter. H\u00e4r finns \u00e4ven nyanser av l\u00e4tt torvr\u00f6k och barbecue-r\u00f6k, vilket tillf\u00f6r extra komplexitet till doften.<br data-start=\"2642\" data-end=\"2645\" \/><strong data-start=\"2645\" data-end=\"2654\">Smak:<\/strong> Bjuder p\u00e5 framtr\u00e4dande toner av k\u00f6rsb\u00e4r och m\u00f6rka b\u00e4r. Dessa frukttoner st\u00f6ds av farinsocker och inslag av digestivekex, tillsammans med pepparkakor och barbecue-r\u00f6k, vilket sammantaget skapar en balanserad och flerdimensionell upplevelse.<br data-start=\"2894\" data-end=\"2897\" \/><strong data-start=\"2897\" data-end=\"2911\">Eftersmak:<\/strong> Eftersmaken har en tydlig fatkarakt\u00e4r, kombinerad med malt, tanniner och en diskret ton av kryddade sm\u00e5kakor.<\/p>\n","protected":false},"excerpt":{"rendered":"<p>Single Malt Scotch Whisky<\/p>\n","protected":false},"featured_media":118897,"template":"","meta":{"_acf_changed":false,"rs_blank_template":"","rs_page_bg_color":"","slide_template_v7":""},"product_brand":[],"product_cat":[2387,4651,2392],"product_tag":[],"class_list":{"0":"post-118818","1":"product","2":"type-product","3":"status-publish","4":"has-post-thumbnail","6":"product_cat-avec-sv","7":"product_cat-single-malt-sv","8":"product_cat-whisky-sv","9":"pa_champagne-type-cask-strength-sv","10":"pa_land-skottland","11":"pa_procent-59-8-sv","12":"pa_producent-lochlea-distillery","13":"pa_region-lowland-sv","14":"pa_traefad-oloroso-sv","15":"pa_traefad-islay-cask-sv","16":"pa_volume-70-sv-2","18":"first","19":"instock","20":"sale","21":"taxable","22":"shipping-taxable","23":"purchasable","24":"product-type-simple"},"bundled_by":[],"bundle_stock_status":"instock","bundle_stock_quantity":null,"bundle_virtual":false,"bundle_layout":"","bundle_add_to_cart_form_location":"","bundle_editable_in_cart":false,"bundle_sold_individually_context":"","bundle_item_grouping":"","bundle_min_size":"","bundle_max_size":"","bundle_price":[],"bundled_items":[],"bundle_sell_ids":[],"acf":[],"_links":{"self":[{"href":"https:\/\/www.raschvin.com\/sv\/wp-json\/wp\/v2\/product\/118818","targetHints":{"allow":["GET"]}}],"collection":[{"href":"https:\/\/www.raschvin.com\/sv\/wp-json\/wp\/v2\/product"}],"about":[{"href":"https:\/\/www.raschvin.com\/sv\/wp-json\/wp\/v2\/types\/product"}],"wp:featuredmedia":[{"embeddable":true,"href":"https:\/\/www.raschvin.com\/sv\/wp-json\/wp\/v2\/media\/118897"}],"wp:attachment":[{"href":"https:\/\/www.raschvin.com\/sv\/wp-json\/wp\/v2\/media?parent=118818"}],"wp:term":[{"taxonomy":"product_brand","embeddable":true,"href":"https:\/\/www.raschvin.com\/sv\/wp-json\/wp\/v2\/product_brand?post=118818"},{"taxonomy":"product_cat","embeddable":true,"href":"https:\/\/www.raschvin.com\/sv\/wp-json\/wp\/v2\/product_cat?post=118818"},{"taxonomy":"product_tag","embeddable":true,"href":"https:\/\/www.raschvin.com\/sv\/wp-json\/wp\/v2\/product_tag?post=118818"}],"curies":[{"name":"wp","href":"https:\/\/api.w.org\/{rel}","templated":true}]}}