{"id":118759,"date":"2026-03-11T09:44:05","date_gmt":"2026-03-11T08:44:05","guid":{"rendered":"https:\/\/www.raschvin.com\/produkt\/bachiller-verdejo-2023-75-cl\/"},"modified":"2026-03-11T09:44:05","modified_gmt":"2026-03-11T08:44:05","slug":"bachiller-verdejo-2023-75-cl","status":"publish","type":"product","link":"https:\/\/www.raschvin.com\/sv\/produkt\/bachiller-verdejo-2023-75-cl\/","title":{"rendered":"Bachiller Verdejo 2023 75 cl."},"content":{"rendered":"<p data-start=\"1805\" data-end=\"2097\">F\u00e4rgen \u00e4r transparent gr\u00f6n med en gulaktig ton. I doften, som \u00e4r medelintensiv, hittar man vita blommor, f\u00e4nk\u00e5l, persika, gr\u00f6nt \u00e4pple och pomelo. Smaken pr\u00e4glas av en frisk syra. Det \u00e4r ett torrt vin med mycket mineralitet, en l\u00e4tt s\u00e4lta, nyanser av citrusskal och en svagt bitter avslutning.<\/p>\n<p data-start=\"2099\" data-end=\"2211\">Vinet framst\u00e5r som mycket druvtypiskt och kan med f\u00f6rdel kombineras med sallader, ceviche, sparris och kyckling.<\/p>\n<p data-start=\"2213\" data-end=\"2773\">Bodegas Canderuela ligger i byn Fuentec\u00e9n i Ribera del Duero och har sitt huvudkontor i Logro\u00f1o i Rioja. Det \u00e4r familjen P\u00e9rez Cuevas som st\u00e5r bakom verksamheten med inte mindre \u00e4n 120 hektar vinmarker totalt, f\u00f6rdelade \u00f6ver vinregionerna Rioja DOCa, DO Ribera del Duero och DO Rueda. Vinmarkerna i Rioja planterades f\u00f6r 80 \u00e5r sedan, i Ribera del Duero f\u00f6r cirka 40 \u00e5r sedan och i Rueda f\u00f6r cirka 30 \u00e5r sedan. N\u00e5gra av vinmarkerna odlas redan enligt kontrollerade ekologiska metoder, och familjens m\u00e5l \u00e4r att st\u00e4lla om samtliga vinmarker till ekologisk odling.<\/p>\n<p data-start=\"2775\" data-end=\"3422\" data-is-last-node=\"\" data-is-only-node=\"\">Det \u00e4r idag familjens fj\u00e4rde generation \u2013 Raquel, Leticia, Rub\u00e9n och Mar\u00eda \u2013 som st\u00e5r vid rodret, fortfarande med god hj\u00e4lp fr\u00e5n sina f\u00f6r\u00e4ldrar. I Ribera del Duero f\u00f6rfogar Bodegas Canderuela \u00f6ver fyra olika egendomar\/vinmarker mellan Burgos, Fuentec\u00e9n och Soria, bel\u00e4gna p\u00e5 h\u00f6jder mellan 600 och 900 meter \u00f6ver havet, med vinstockar som \u00e4r 35\u201340 \u00e5r gamla. Den stora variationen i klimat, jordm\u00e5n, h\u00f6jd och odlingsmetoder g\u00f6r det m\u00f6jligt att producera ett urval av Tempranillo-baserade viner med tydliga stilm\u00e4ssiga skillnader. Framf\u00f6r allt ger det m\u00f6jlighet att, beroende p\u00e5 \u00e5rg\u00e5ngens karakt\u00e4r, komponera vinerna s\u00e5 att de uppn\u00e5r perfekt harmoni.<\/p>\n","protected":false},"excerpt":{"rendered":"<p>Rueda &#8211; Spain<\/p>\n","protected":false},"featured_media":118768,"template":"","meta":{"_acf_changed":false,"rs_blank_template":"","rs_page_bg_color":"","slide_template_v7":""},"product_brand":[],"product_cat":[2788,2792],"product_tag":[],"class_list":{"0":"post-118759","1":"product","2":"type-product","3":"status-publish","4":"has-post-thumbnail","6":"product_cat-vin-sv","7":"product_cat-vitt-vin","8":"pa_aargang-2023-sv","9":"pa_drue-verdejo-sv","10":"pa_procent-13-sv","11":"pa_producent-bodegas-canderuela","12":"pa_region-rueda-sv","13":"pa_serveringstemperatur-10-12-sv-2","14":"pa_volume-75-sv","16":"first","17":"instock","18":"taxable","19":"shipping-taxable","20":"purchasable","21":"product-type-simple"},"bundled_by":[],"bundle_stock_status":"instock","bundle_stock_quantity":null,"bundle_virtual":false,"bundle_layout":"","bundle_add_to_cart_form_location":"","bundle_editable_in_cart":false,"bundle_sold_individually_context":"","bundle_item_grouping":"","bundle_min_size":"","bundle_max_size":"","bundle_price":[],"bundled_items":[],"bundle_sell_ids":[],"acf":[],"_links":{"self":[{"href":"https:\/\/www.raschvin.com\/sv\/wp-json\/wp\/v2\/product\/118759","targetHints":{"allow":["GET"]}}],"collection":[{"href":"https:\/\/www.raschvin.com\/sv\/wp-json\/wp\/v2\/product"}],"about":[{"href":"https:\/\/www.raschvin.com\/sv\/wp-json\/wp\/v2\/types\/product"}],"wp:featuredmedia":[{"embeddable":true,"href":"https:\/\/www.raschvin.com\/sv\/wp-json\/wp\/v2\/media\/118768"}],"wp:attachment":[{"href":"https:\/\/www.raschvin.com\/sv\/wp-json\/wp\/v2\/media?parent=118759"}],"wp:term":[{"taxonomy":"product_brand","embeddable":true,"href":"https:\/\/www.raschvin.com\/sv\/wp-json\/wp\/v2\/product_brand?post=118759"},{"taxonomy":"product_cat","embeddable":true,"href":"https:\/\/www.raschvin.com\/sv\/wp-json\/wp\/v2\/product_cat?post=118759"},{"taxonomy":"product_tag","embeddable":true,"href":"https:\/\/www.raschvin.com\/sv\/wp-json\/wp\/v2\/product_tag?post=118759"}],"curies":[{"name":"wp","href":"https:\/\/api.w.org\/{rel}","templated":true}]}}