{"id":118754,"date":"2026-03-11T09:29:16","date_gmt":"2026-03-11T08:29:16","guid":{"rendered":"https:\/\/www.raschvin.com\/?post_type=product&#038;p=118754"},"modified":"2026-03-11T09:32:21","modified_gmt":"2026-03-11T08:32:21","slug":"kopke-port-colheita-1998-75-cl-20-kopier","status":"publish","type":"product","link":"https:\/\/www.raschvin.com\/sv\/produkt\/kopke-port-colheita-1998-75-cl-20-kopier\/","title":{"rendered":"Kopke Port \u2013 Colheita 1976 75 cl. 20%"},"content":{"rendered":"<p data-start=\"1465\" data-end=\"1791\">N\u00e4r ett vin sedan sin tillkomst 1976 har lagrats oxidativt p\u00e5 ekfat, s\u00e4ger det sig sj\u00e4lvt att det h\u00e4r \u00e4r ett moget vin. Att det samtidigt \u00e4r friskt, balanserat och gudomligt v\u00e4lsmakande \u00e4r d\u00e4remot l\u00e5ngt ifr\u00e5n sj\u00e4lvklart: det kan man tacka Kopke, deras Chief Blender Carlos Alves och tidigare generationer av k\u00e4llarm\u00e4stare f\u00f6r.<\/p>\n<p data-start=\"1793\" data-end=\"2015\">Detta vin, nu i mitten av 40-\u00e5rs\u00e5ldern, bjuder p\u00e5 den g\u00e5tfulla kombinationen av mognad i f\u00f6rening med friskhet och sp\u00e4nst: en bra, nybuteljerad colheita har en balans som kommer att f\u00f6rbli intakt i \u00e4nnu en god handfull \u00e5r.<\/p>\n<p data-start=\"2017\" data-end=\"2449\">Det \u00e4r v\u00e4rt att uppskatta att detta \u00e4r ett vin som \u00e4r f\u00e4rdiglagrat under optimala f\u00f6rh\u00e5llanden och som sl\u00e4pps i fullt moget skick, nybuteljerat. Denna starkt kostnadsdrivande metod kan man idag tyv\u00e4rr bara uppleva hos ett tv\u00e5siffrigt antal av v\u00e4rldens vinproducenter. Tillsammans med en ber\u00e4knad \u00e5rlig avdunstning p\u00e5 1\u20133 % \u00e4r det n\u00e4rmast ett mirakel att det inte kr\u00e4vs mer \u00e4n ett rej\u00e4lt grepp i pl\u00e5nboken f\u00f6r att f\u00f6rv\u00e4rva detta vin.<\/p>\n<p data-start=\"2451\" data-end=\"2750\">Kopke Colheita 1976 \u00e4r en t\u00e4tv\u00e4vd, eterisk arombomb med valn\u00f6tter, florsocker och torkad frukt i aromernas f\u00f6rars\u00e4te, medan rancio, julkryddor och citrusskal bidrar med komplexa nyanser. En h\u00e4rligt uppfriskande syra ger b\u00e5de balans och fr\u00e4sch\u00f6r. Eftersmaken \u00e4r \u2013 som hos all topp-colheita \u2013 o\u00e4ndlig.<\/p>\n<p data-start=\"2752\" data-end=\"2811\">Serveras i ett bra vitvinsglas vid en temperatur p\u00e5 13\u201316\u00b0.<\/p>\n","protected":false},"excerpt":{"rendered":"<p>Douro Valley Port<\/p>\n","protected":false},"featured_media":118786,"template":"","meta":{"_acf_changed":false,"rs_blank_template":"","rs_page_bg_color":"","slide_template_v7":""},"product_brand":[],"product_cat":[2765,4737,2772],"product_tag":[],"class_list":{"0":"post-118754","1":"product","2":"type-product","3":"status-publish","4":"has-post-thumbnail","6":"product_cat-hedvin-sv","7":"product_cat-colheita-sv","8":"product_cat-hamn","9":"pa_drue-traditional-douro-grape-varieties-sv","10":"pa_land-portugal-sv","11":"pa_procent-20-sv","12":"pa_producent-kopke-sv","13":"pa_region-douro-sv","14":"pa_serveringstemperatur-13-16-sv","15":"pa_vintage-9053","16":"pa_volume-75-sv","18":"first","19":"instock","20":"sale","21":"taxable","22":"shipping-taxable","23":"purchasable","24":"product-type-simple"},"bundled_by":[],"bundle_stock_status":"instock","bundle_stock_quantity":null,"bundle_virtual":false,"bundle_layout":"","bundle_add_to_cart_form_location":"","bundle_editable_in_cart":false,"bundle_sold_individually_context":"","bundle_item_grouping":"","bundle_min_size":"","bundle_max_size":"","bundle_price":[],"bundled_items":[],"bundle_sell_ids":[],"acf":[],"_links":{"self":[{"href":"https:\/\/www.raschvin.com\/sv\/wp-json\/wp\/v2\/product\/118754","targetHints":{"allow":["GET"]}}],"collection":[{"href":"https:\/\/www.raschvin.com\/sv\/wp-json\/wp\/v2\/product"}],"about":[{"href":"https:\/\/www.raschvin.com\/sv\/wp-json\/wp\/v2\/types\/product"}],"wp:featuredmedia":[{"embeddable":true,"href":"https:\/\/www.raschvin.com\/sv\/wp-json\/wp\/v2\/media\/118786"}],"wp:attachment":[{"href":"https:\/\/www.raschvin.com\/sv\/wp-json\/wp\/v2\/media?parent=118754"}],"wp:term":[{"taxonomy":"product_brand","embeddable":true,"href":"https:\/\/www.raschvin.com\/sv\/wp-json\/wp\/v2\/product_brand?post=118754"},{"taxonomy":"product_cat","embeddable":true,"href":"https:\/\/www.raschvin.com\/sv\/wp-json\/wp\/v2\/product_cat?post=118754"},{"taxonomy":"product_tag","embeddable":true,"href":"https:\/\/www.raschvin.com\/sv\/wp-json\/wp\/v2\/product_tag?post=118754"}],"curies":[{"name":"wp","href":"https:\/\/api.w.org\/{rel}","templated":true}]}}