{"id":118405,"date":"2026-03-07T07:21:09","date_gmt":"2026-03-07T06:21:09","guid":{"rendered":"https:\/\/www.raschvin.com\/?post_type=product&#038;p=118405"},"modified":"2026-03-07T07:25:28","modified_gmt":"2026-03-07T06:25:28","slug":"old-st-croix-non-plus-ultra-very-rare-70-cl-42-kopier","status":"publish","type":"product","link":"https:\/\/www.raschvin.com\/sv\/produkt\/old-st-croix-non-plus-ultra-very-rare-70-cl-42-kopier\/","title":{"rendered":"Old St. Croix Non Plus Ultra &#8211; La Galante 70 cl. 43,4%"},"content":{"rendered":"<p data-start=\"13\" data-end=\"67\"><strong data-start=\"13\" data-end=\"67\">Old St. Croix Non Plus Ultra La Galante 43,4% vol.<\/strong><\/p>\n<p data-start=\"69\" data-end=\"781\">Non Plus Ultra betyder \u201dinget efter detta\u201d \u2013 ett latinskt uttryck som enligt legenden markerade gr\u00e4nsen f\u00f6r den k\u00e4nda v\u00e4rlden. Serien \u00e4r en del av v\u00e5r Ultra Premium Collection och hyllar uppt\u00e4ckarlust, mod och \u00e4delt hantverk. Old St. Croix Non Plus Ultra \u2013 La Galante \u00e4r uppkallad efter Columbus skepp, Santa Maria La Galante, som f\u00f6rde honom till St. Croix och V\u00e4stindien. Blenden bygger p\u00e5 s\u00e4rskilt utvalda fat fr\u00e5n v\u00e4lrenommerade destillerier i Karibien och Centralamerika. Den mognar p\u00e5 ekfat som tidigare inneh\u00e5llit dessert- och starkviner, vilket tillf\u00f6r fyllighet, rond\u00f6r och v\u00e4rme. La Galante f\u00e5ngar den blomstrande essensen av V\u00e4stindien och St. Croix, med en karakteristisk touch av apelsin och citrus.<\/p>\n<p data-start=\"783\" data-end=\"864\">Smaknoter \u00e4r ingen inneh\u00e5llsf\u00f6rteckning, utan en subjektiv beskrivning av smaken.<\/p>\n<p data-start=\"866\" data-end=\"1026\"><strong data-start=\"866\" data-end=\"874\">Doft<\/strong><br data-start=\"874\" data-end=\"877\" \/>En lockande doft av karamell, cr\u00e8me br\u00fbl\u00e9e och vanilj med inslag av mahogny och det aromatiska Bay Rum-tr\u00e4det som v\u00e4xer vilt p\u00e5 de v\u00e4stindiska \u00f6arna.<\/p>\n<p data-start=\"1028\" data-end=\"1169\"><strong data-start=\"1028\" data-end=\"1036\">Smak<\/strong><br data-start=\"1036\" data-end=\"1039\" \/>Komplex, fyllig och mjukt kryddig smak med en touch av apelsin, kr\u00e4mig vanilj och citron, med fattoner fr\u00e5n ek av h\u00f6gsta kvalitet.<\/p>\n<p data-start=\"1171\" data-end=\"1280\"><strong data-start=\"1171\" data-end=\"1184\">Eftersmak<\/strong><br data-start=\"1184\" data-end=\"1187\" \/>Rik och kr\u00e4mig med noter fr\u00e5n den inledande smaken, som gradvis tonar ut i en l\u00e5ng eftersmak.<\/p>\n","protected":false},"excerpt":{"rendered":"<p>Premium Aged Spirit Drink<\/p>\n","protected":false},"featured_media":118436,"template":"","meta":{"_acf_changed":false,"rs_blank_template":"","rs_page_bg_color":"","slide_template_v7":""},"product_brand":[],"product_cat":[2387,4634,2391],"product_tag":[],"class_list":{"0":"post-118405","1":"product","2":"type-product","3":"status-publish","4":"has-post-thumbnail","6":"product_cat-avec-sv","7":"product_cat-premium-aged-sv","8":"product_cat-rom-sv","9":"pa_land-tyskland-sv","10":"pa_procent-43-4-sv","11":"pa_producent-old-st-croix-sv","12":"pa_volume-70-sv-2","14":"first","15":"instock","16":"sale","17":"taxable","18":"shipping-taxable","19":"purchasable","20":"product-type-simple"},"bundled_by":[],"bundle_stock_status":"instock","bundle_stock_quantity":null,"bundle_virtual":false,"bundle_layout":"","bundle_add_to_cart_form_location":"","bundle_editable_in_cart":false,"bundle_sold_individually_context":"","bundle_item_grouping":"","bundle_min_size":"","bundle_max_size":"","bundle_price":[],"bundled_items":[],"bundle_sell_ids":[],"acf":[],"_links":{"self":[{"href":"https:\/\/www.raschvin.com\/sv\/wp-json\/wp\/v2\/product\/118405","targetHints":{"allow":["GET"]}}],"collection":[{"href":"https:\/\/www.raschvin.com\/sv\/wp-json\/wp\/v2\/product"}],"about":[{"href":"https:\/\/www.raschvin.com\/sv\/wp-json\/wp\/v2\/types\/product"}],"wp:featuredmedia":[{"embeddable":true,"href":"https:\/\/www.raschvin.com\/sv\/wp-json\/wp\/v2\/media\/118436"}],"wp:attachment":[{"href":"https:\/\/www.raschvin.com\/sv\/wp-json\/wp\/v2\/media?parent=118405"}],"wp:term":[{"taxonomy":"product_brand","embeddable":true,"href":"https:\/\/www.raschvin.com\/sv\/wp-json\/wp\/v2\/product_brand?post=118405"},{"taxonomy":"product_cat","embeddable":true,"href":"https:\/\/www.raschvin.com\/sv\/wp-json\/wp\/v2\/product_cat?post=118405"},{"taxonomy":"product_tag","embeddable":true,"href":"https:\/\/www.raschvin.com\/sv\/wp-json\/wp\/v2\/product_tag?post=118405"}],"curies":[{"name":"wp","href":"https:\/\/api.w.org\/{rel}","templated":true}]}}