{"id":118401,"date":"2026-03-07T07:13:01","date_gmt":"2026-03-07T06:13:01","guid":{"rendered":"https:\/\/www.raschvin.com\/?post_type=product&#038;p=118401"},"modified":"2026-03-07T07:17:57","modified_gmt":"2026-03-07T06:17:57","slug":"bunnahabhain-12-years-old-70-cl-463-kopier","status":"publish","type":"product","link":"https:\/\/www.raschvin.com\/sv\/produkt\/bunnahabhain-12-years-old-70-cl-463-kopier\/","title":{"rendered":"Bunnahabhain M\u00f2ine Old 70 cl. 46,3%"},"content":{"rendered":"<p data-start=\"13\" data-end=\"443\"><strong data-start=\"13\" data-end=\"35\">Bunnahabhain M\u00f2ine<\/strong> \u00e4r destilleriets tydligt r\u00f6kiga sida \u2013 en Islay single malt som skiljer sig fr\u00e5n Bunnahabhains mer klassiska, ofta or\u00f6kiga husstil. Bunnahabhain ligger l\u00e4ngst upp p\u00e5 Islays nord\u00f6stra kust, och destilleriet \u00e4r k\u00e4nt f\u00f6r en mjuk, ofta n\u00f6tig och maritim karakt\u00e4r. Med M\u00f2ine (gaeliska f\u00f6r \u201ctorv\u201d) visar de i st\u00e4llet en mer torvr\u00f6kt profil, men vanligtvis med Bunnahabhains typiska rond\u00f6r och s\u00e4lta kvar i botten.<\/p>\n<p data-start=\"445\" data-end=\"889\">Stilen brukar vara <strong data-start=\"464\" data-end=\"485\">torr och kustn\u00e4ra<\/strong> snarare \u00e4n s\u00f6t och tung. I doften hittar man ofta <strong data-start=\"536\" data-end=\"570\">torvr\u00f6k, havsbris och l\u00e4gereld<\/strong>, men ocks\u00e5 <strong data-start=\"582\" data-end=\"605\">citrus, \u00e4pple\/p\u00e4ron<\/strong>, en n\u00f6tig ton och ibland en l\u00e4tt vaniljighet fr\u00e5n faten. Smaken \u00e4r medelfyllig med <strong data-start=\"689\" data-end=\"717\">r\u00f6k och mineralisk s\u00e4lta<\/strong>, f\u00f6ljt av <strong data-start=\"728\" data-end=\"752\">peppar, maltig s\u00f6tma<\/strong> och en frisk citruskant som h\u00e5ller whiskyn livlig. Avslutet \u00e4r l\u00e5ngt och v\u00e4rmande med r\u00f6k, krydda och en fin salt touch som dr\u00f6jer kvar.<\/p>\n<p data-start=\"891\" data-end=\"904\"><strong data-start=\"891\" data-end=\"904\">Servering<\/strong><\/p>\n<ul data-start=\"905\" data-end=\"1172\">\n<li data-start=\"905\" data-end=\"1032\">\n<p data-start=\"907\" data-end=\"1032\">Drick g\u00e4rna ren f\u00f6rst och prova sedan med <strong data-start=\"949\" data-end=\"973\">n\u00e5gra droppar vatten<\/strong> f\u00f6r att \u00f6ppna fruktigheten och g\u00f6ra r\u00f6ken mer nyanserad.<\/p>\n<\/li>\n<li data-start=\"1033\" data-end=\"1172\">\n<p data-start=\"1035\" data-end=\"1172\">Passar extra bra n\u00e4r du vill ha <strong data-start=\"1067\" data-end=\"1080\">Islay-r\u00f6k<\/strong> men med lite mer elegans och \u201cmaritim mjukhet\u201d \u00e4n de allra mest aggressivt r\u00f6kiga stilarna.<\/p>\n<\/li>\n<\/ul>\n","protected":false},"excerpt":{"rendered":"<p>Islay Single Malt Scotch Whisky<\/p>\n","protected":false},"featured_media":118427,"template":"","meta":{"_acf_changed":false,"rs_blank_template":"","rs_page_bg_color":"","slide_template_v7":""},"product_brand":[],"product_cat":[2387,4651,2392],"product_tag":[],"class_list":{"0":"post-118401","1":"product","2":"type-product","3":"status-publish","4":"has-post-thumbnail","6":"product_cat-avec-sv","7":"product_cat-single-malt-sv","8":"product_cat-whisky-sv","9":"pa_land-skottland","10":"pa_procent-46-3-sv","11":"pa_producent-bunnahabain-sv","12":"pa_region-islay-sv","13":"pa_volume-70-sv-2","15":"first","16":"instock","17":"sale","18":"taxable","19":"shipping-taxable","20":"purchasable","21":"product-type-simple"},"bundled_by":[],"bundle_stock_status":"instock","bundle_stock_quantity":null,"bundle_virtual":false,"bundle_layout":"","bundle_add_to_cart_form_location":"","bundle_editable_in_cart":false,"bundle_sold_individually_context":"","bundle_item_grouping":"","bundle_min_size":"","bundle_max_size":"","bundle_price":[],"bundled_items":[],"bundle_sell_ids":[],"acf":[],"_links":{"self":[{"href":"https:\/\/www.raschvin.com\/sv\/wp-json\/wp\/v2\/product\/118401","targetHints":{"allow":["GET"]}}],"collection":[{"href":"https:\/\/www.raschvin.com\/sv\/wp-json\/wp\/v2\/product"}],"about":[{"href":"https:\/\/www.raschvin.com\/sv\/wp-json\/wp\/v2\/types\/product"}],"wp:featuredmedia":[{"embeddable":true,"href":"https:\/\/www.raschvin.com\/sv\/wp-json\/wp\/v2\/media\/118427"}],"wp:attachment":[{"href":"https:\/\/www.raschvin.com\/sv\/wp-json\/wp\/v2\/media?parent=118401"}],"wp:term":[{"taxonomy":"product_brand","embeddable":true,"href":"https:\/\/www.raschvin.com\/sv\/wp-json\/wp\/v2\/product_brand?post=118401"},{"taxonomy":"product_cat","embeddable":true,"href":"https:\/\/www.raschvin.com\/sv\/wp-json\/wp\/v2\/product_cat?post=118401"},{"taxonomy":"product_tag","embeddable":true,"href":"https:\/\/www.raschvin.com\/sv\/wp-json\/wp\/v2\/product_tag?post=118401"}],"curies":[{"name":"wp","href":"https:\/\/api.w.org\/{rel}","templated":true}]}}