{"id":118320,"date":"2026-03-06T07:48:25","date_gmt":"2026-03-06T06:48:25","guid":{"rendered":"https:\/\/www.raschvin.com\/?post_type=product&#038;p=118320"},"modified":"2026-03-06T07:53:09","modified_gmt":"2026-03-06T06:53:09","slug":"longrow-100-proof-70-cl-571-kopier","status":"publish","type":"product","link":"https:\/\/www.raschvin.com\/sv\/produkt\/longrow-100-proof-70-cl-571-kopier\/","title":{"rendered":"Longrow 10 Years Juuls 100th Annv. Vintage 2015 70 cl. 57,1%"},"content":{"rendered":"<p data-start=\"13\" data-end=\"617\">Den h\u00e4r Longrow \u00e4r den ena av tv\u00e5 suver\u00e4na single casks fr\u00e5n Springbank Distillery, buteljerade till Juul\u2019s Vin og Spiritus\u2019 100-\u00e5rsjubileum. Longrow har alltid varit en favorit hos oss, men just det h\u00e4r fatet stack ut extra mycket. Det handlar n\u00e4mligen om ett first fill Manzanilla-fat, och Manzanilla \u2013 en torr sherrytyp fr\u00e5n Sanl\u00facar de Barrameda \u2013 passar ovanligt bra ihop med Longrows r\u00f6kiga och l\u00e4tt salta stil. Det \u00e4r dessutom en ganska ovanlig fattyp, s\u00e5 n\u00e4r vi fick se m\u00f6jligheten \u2013 och n\u00e4r whiskyn dessutom smakade himmelskt \u2013 var vi aldrig tveksamma om att den skulle buteljeras till jubileet.<\/p>\n<p data-start=\"619\" data-end=\"752\">Fatet fylldes 2015 och buteljerades 2026 som n\u00e4stan 11 \u00e5r gammal whisky. Alkoholhalten \u00e4r 57,3 %. Totalt har 324 flaskor buteljerats.<\/p>\n","protected":false},"excerpt":{"rendered":"<p>Peated Campbeltown Single Malt Scotch Whisky<\/p>\n","protected":false},"featured_media":118329,"template":"","meta":{"_acf_changed":false,"rs_blank_template":"","rs_page_bg_color":"","slide_template_v7":""},"product_brand":[],"product_cat":[2387,4651,2392],"product_tag":[],"class_list":{"0":"post-118320","1":"product","2":"type-product","3":"status-publish","4":"has-post-thumbnail","6":"product_cat-avec-sv","7":"product_cat-single-malt-sv","8":"product_cat-whisky-sv","9":"pa_champagne-type-single-cask-sv","10":"pa_land-skottland","11":"pa_procent-57-3-sv","12":"pa_producent-springbank-sv","13":"pa_region-campbeltown-sv","14":"pa_traefad-manzanilla-sv","15":"pa_volume-70-sv-2","17":"first","18":"outofstock","19":"taxable","20":"shipping-taxable","21":"purchasable","22":"product-type-simple"},"bundled_by":[],"bundle_stock_status":"outofstock","bundle_stock_quantity":0,"bundle_virtual":false,"bundle_layout":"","bundle_add_to_cart_form_location":"","bundle_editable_in_cart":false,"bundle_sold_individually_context":"","bundle_item_grouping":"","bundle_min_size":"","bundle_max_size":"","bundle_price":[],"bundled_items":[],"bundle_sell_ids":[],"acf":[],"_links":{"self":[{"href":"https:\/\/www.raschvin.com\/sv\/wp-json\/wp\/v2\/product\/118320","targetHints":{"allow":["GET"]}}],"collection":[{"href":"https:\/\/www.raschvin.com\/sv\/wp-json\/wp\/v2\/product"}],"about":[{"href":"https:\/\/www.raschvin.com\/sv\/wp-json\/wp\/v2\/types\/product"}],"wp:featuredmedia":[{"embeddable":true,"href":"https:\/\/www.raschvin.com\/sv\/wp-json\/wp\/v2\/media\/118329"}],"wp:attachment":[{"href":"https:\/\/www.raschvin.com\/sv\/wp-json\/wp\/v2\/media?parent=118320"}],"wp:term":[{"taxonomy":"product_brand","embeddable":true,"href":"https:\/\/www.raschvin.com\/sv\/wp-json\/wp\/v2\/product_brand?post=118320"},{"taxonomy":"product_cat","embeddable":true,"href":"https:\/\/www.raschvin.com\/sv\/wp-json\/wp\/v2\/product_cat?post=118320"},{"taxonomy":"product_tag","embeddable":true,"href":"https:\/\/www.raschvin.com\/sv\/wp-json\/wp\/v2\/product_tag?post=118320"}],"curies":[{"name":"wp","href":"https:\/\/api.w.org\/{rel}","templated":true}]}}