{"id":118317,"date":"2026-03-06T07:39:29","date_gmt":"2026-03-06T06:39:29","guid":{"rendered":"https:\/\/www.raschvin.com\/?post_type=product&#038;p=118317"},"modified":"2026-03-06T07:47:36","modified_gmt":"2026-03-06T06:47:36","slug":"springbank-10-years-70-cl-46-kopier-2","status":"publish","type":"product","link":"https:\/\/www.raschvin.com\/sv\/produkt\/springbank-10-years-70-cl-46-kopier-2\/","title":{"rendered":"Springbank 26 Years Juuls 100th Annv. Vintage 1999 70 cl. 44,1%"},"content":{"rendered":"<p data-start=\"13\" data-end=\"173\">Det \u00e4r oss en stor gl\u00e4dje att presentera en buteljering som mycket v\u00e4l kan vara kronjuvelen \u2013 och kronan \u00e4r i det h\u00e4r fallet v\u00e5ra 100-\u00e5rsjubileumsbuteljeringar!<\/p>\n<p data-start=\"175\" data-end=\"685\">En 26 \u00e5r gammal Springbank fr\u00e5n ett enda fat \u00e4r inget man bara f\u00e5r buteljera hur som helst. Vi har importerat Springbank i m\u00e5nga \u00e5r, och som tur var var de helt med p\u00e5 att vi skulle plocka fram n\u00e5got extra speciellt till jubileet. Resultatet blev tv\u00e5 buteljeringar: en Longrow och en Springbank. D\u00e4r Longrow \u00e4r ung och eldigt uttrycksfull, \u00e4r Springbank en mer distingverad skapelse fr\u00e5n f\u00f6rra \u00e5rtusendet. Ur fatet gick det att f\u00e5 ut exakt 108 flaskor \u2013 sj\u00e4lvklart vid fatstyrka, som landar p\u00e5 eleganta 44,1 %.<\/p>\n<p data-start=\"687\" data-end=\"938\">P\u00e5 baksidesetiketten st\u00e5r det \u201crefill bourbon cask\u201d, men det \u00e4r inte hela historien. Faktum \u00e4r att whiskyn tillbringade sina f\u00f6rsta 20 \u00e5r p\u00e5 ett first fill sherryfat, innan den flyttades till ett refill bourbonfat. D\u00e4r har den legat de senaste 6 \u00e5ren.<\/p>\n<p data-start=\"940\" data-end=\"1071\">Whiskyn presenterades vid Jubileumsprovning #1 i januari 2026. De \u00e5terst\u00e5ende flaskorna \u00e4r nu sl\u00e4ppta till f\u00f6rs\u00e4ljning. Lycka till.<\/p>\n","protected":false},"excerpt":{"rendered":"<p>Campbeltown Single Malt Scotch Whisky<\/p>\n","protected":false},"featured_media":118326,"template":"","meta":{"_acf_changed":false,"rs_blank_template":"","rs_page_bg_color":"","slide_template_v7":""},"product_brand":[],"product_cat":[2387,4651,2392],"product_tag":[],"class_list":{"0":"post-118317","1":"product","2":"type-product","3":"status-publish","4":"has-post-thumbnail","6":"product_cat-avec-sv","7":"product_cat-single-malt-sv","8":"product_cat-whisky-sv","9":"pa_champagne-type-single-cask-sv","10":"pa_land-skottland","11":"pa_procent-44-1","12":"pa_producent-springbanks-sv","13":"pa_region-campbeltown-sv","14":"pa_vintage-1999-sv","15":"pa_volume-70-sv-2","17":"first","18":"instock","19":"taxable","20":"shipping-taxable","21":"purchasable","22":"product-type-simple"},"bundled_by":[],"bundle_stock_status":"instock","bundle_stock_quantity":1,"bundle_virtual":false,"bundle_layout":"","bundle_add_to_cart_form_location":"","bundle_editable_in_cart":false,"bundle_sold_individually_context":"","bundle_item_grouping":"","bundle_min_size":"","bundle_max_size":"","bundle_price":[],"bundled_items":[],"bundle_sell_ids":[],"acf":[],"_links":{"self":[{"href":"https:\/\/www.raschvin.com\/sv\/wp-json\/wp\/v2\/product\/118317","targetHints":{"allow":["GET"]}}],"collection":[{"href":"https:\/\/www.raschvin.com\/sv\/wp-json\/wp\/v2\/product"}],"about":[{"href":"https:\/\/www.raschvin.com\/sv\/wp-json\/wp\/v2\/types\/product"}],"wp:featuredmedia":[{"embeddable":true,"href":"https:\/\/www.raschvin.com\/sv\/wp-json\/wp\/v2\/media\/118326"}],"wp:attachment":[{"href":"https:\/\/www.raschvin.com\/sv\/wp-json\/wp\/v2\/media?parent=118317"}],"wp:term":[{"taxonomy":"product_brand","embeddable":true,"href":"https:\/\/www.raschvin.com\/sv\/wp-json\/wp\/v2\/product_brand?post=118317"},{"taxonomy":"product_cat","embeddable":true,"href":"https:\/\/www.raschvin.com\/sv\/wp-json\/wp\/v2\/product_cat?post=118317"},{"taxonomy":"product_tag","embeddable":true,"href":"https:\/\/www.raschvin.com\/sv\/wp-json\/wp\/v2\/product_tag?post=118317"}],"curies":[{"name":"wp","href":"https:\/\/api.w.org\/{rel}","templated":true}]}}