{"id":118311,"date":"2026-03-06T07:28:43","date_gmt":"2026-03-06T06:28:43","guid":{"rendered":"https:\/\/www.raschvin.com\/?post_type=product&#038;p=118311"},"modified":"2026-03-06T07:32:12","modified_gmt":"2026-03-06T06:32:12","slug":"springbank-30-years-2024-70-cl-46-kopier","status":"publish","type":"product","link":"https:\/\/www.raschvin.com\/sv\/produkt\/springbank-30-years-2024-70-cl-46-kopier\/","title":{"rendered":"Springbank 30 Years 2026 70 cl. 46%"},"content":{"rendered":"<p data-start=\"13\" data-end=\"504\"><strong data-start=\"13\" data-end=\"43\">Springbank 30 Years (2026)<\/strong> \u00e4r en av destilleriets mest eftertraktade \u00e5rliga utg\u00e5vor och r\u00e4knas som toppniv\u00e5n i Springbanks ordinarie range. Springbank ligger i Campbeltown och \u00e4r unikt i Skottland genom att i princip g\u00f6ra allt p\u00e5 plats: m\u00e4ltning (delvis egen golvm\u00e4ltning), destillation, lagring och buteljering. Husstilen \u00e4r l\u00e4tt torvr\u00f6kt, maritim och \u201colig\u201d i strukturen, och destillationen sker klassiskt <strong data-start=\"425\" data-end=\"439\">2,5 g\u00e5nger<\/strong>, vilket ger en s\u00e4rskild kombination av fruktig finess och kraft.<\/p>\n<p data-start=\"506\" data-end=\"793\"><strong data-start=\"506\" data-end=\"525\">2026 \u00e5rs utg\u00e5va<\/strong> \u00e4r buteljerad vid <strong data-start=\"544\" data-end=\"551\">46%<\/strong> och mognad i huvudsak p\u00e5 <strong data-start=\"577\" data-end=\"603\">bourbonfat (cirka 85%)<\/strong> med en mindre andel <strong data-start=\"624\" data-end=\"657\">Oloroso sherryfat (cirka 15%)<\/strong> som ger extra djup och kryddig komplexitet. Det \u00e4r en mycket begr\u00e4nsad release, med en global tilldelning p\u00e5 ungef\u00e4r <strong data-start=\"775\" data-end=\"792\">1 600 flaskor<\/strong>.<\/p>\n<p data-start=\"795\" data-end=\"1295\">I glaset \u00e4r stilen f\u00f6rv\u00e5nansv\u00e4rt vital f\u00f6r \u00e5ldern: <strong data-start=\"846\" data-end=\"871\">fruktig och \u201clevande\u201d<\/strong> med tydlig Springbank-karakt\u00e4r. Doften brukar \u00f6ppna med <strong data-start=\"928\" data-end=\"973\">mjuk honung, vanilj och tropisk\/stenfrukt<\/strong>, f\u00f6ljt av saltst\u00e4nk, \u00f6rter och en diskret r\u00f6k. Smaken bygger lager av <strong data-start=\"1044\" data-end=\"1109\">honungskaka, florsocker, kristalliserad ingef\u00e4ra och demerara<\/strong>, med en tydlig <strong data-start=\"1125\" data-end=\"1142\">br\u00e4ckig s\u00e4lta<\/strong> som kan p\u00e5minna om salt karamell. Avslutet \u00e4r l\u00e5ngt och elegant med <strong data-start=\"1211\" data-end=\"1222\">torvr\u00f6k<\/strong>, mint\/eukalyptus-k\u00e4nsla och en torr, maritim kryddighet som dr\u00f6jer kvar.<\/p>\n<p data-start=\"1297\" data-end=\"1310\"><strong data-start=\"1297\" data-end=\"1310\">Servering<\/strong><\/p>\n<ul data-start=\"1311\" data-end=\"1451\">\n<li data-start=\"1311\" data-end=\"1367\">\n<p data-start=\"1313\" data-end=\"1367\">Servera g\u00e4rna rent i ett st\u00f6rre glas och ge den tid.<\/p>\n<\/li>\n<li data-start=\"1368\" data-end=\"1451\">\n<p data-start=\"1370\" data-end=\"1451\">N\u00e5gra droppar vatten kan \u00f6ppna frukten och lyfta den salta, \u00f6rtiga komplexiteten.<\/p>\n<\/li>\n<\/ul>\n<p>Hos Springbank produceras 3 distinkta typer av whisky, som skiljer sig \u00e5t p\u00e5 ett antal parametrar. Den klassiska Springbank har en l\u00e4tt torvr\u00f6k. R\u00f6kniv\u00e5n anges (n\u00e5got oprecist) med ett m\u00e5tt p\u00e5 fenol i det f\u00e4rdiga m\u00e4ltade kornet och \u00e4r cirka 10-15 &#8221;parts per million&#8221; (malten torkas i 6 timmar med torvr\u00f6k och 30 timmar med varmluft). Springbank destilleras ocks\u00e5 2,5 g\u00e5nger. &#8221;Longrow&#8221; &#8211; en starkt r\u00f6kt variant gjordes f\u00f6rsta g\u00e5ngen 1973. H\u00e4r \u00e4r r\u00f6ken uppe i 50-55 ppm, malten torkas i 48 timmar med torvr\u00f6k, och den destilleras tv\u00e5 g\u00e5nger. Den nyaste varianten, Hazelburn, s\u00e5g dagens ljus 1997 n\u00e4r man f\u00f6r f\u00f6rsta g\u00e5ngen provade helt or\u00f6kt och trippeldestillerad whisky. Av de cirka 175 000 literna som det lilla Campbeltown-destilleriet producerar per \u00e5r \u00e4r 80 % Springbank, cirka 10 % Longrow och 10 % Hazelburn.<\/p>\n<p>Oavsett vilken variant du \u00e4r ute efter \u00e4r Springbank v\u00e4rt att l\u00e4ra k\u00e4nna. Det \u00e4r favoritdestilleriet f\u00f6r m\u00e5nga whiskyn\u00f6rdar och av goda sk\u00e4l! Som det enda destilleriet i Skottland maltar de sj\u00e4lva allt korn de beh\u00f6ver. F\u00e4rg tills\u00e4tts aldrig och whiskyn \u00e4r inte kylfiltrerad.<\/p>\n","protected":false},"excerpt":{"rendered":"<p>Campbeltown Single Malt Scotch Whisky<\/p>\n","protected":false},"featured_media":29232,"template":"","meta":{"_acf_changed":false,"rs_blank_template":"","rs_page_bg_color":"","slide_template_v7":""},"product_brand":[],"product_cat":[2387,4651,2392],"product_tag":[],"class_list":{"0":"post-118311","1":"product","2":"type-product","3":"status-publish","4":"has-post-thumbnail","6":"product_cat-avec-sv","7":"product_cat-single-malt-sv","8":"product_cat-whisky-sv","9":"pa_land-skottland","10":"pa_procent-46-sv","11":"pa_producent-springbank-sv","12":"pa_region-campbeltown-sv","13":"pa_volume-70-sv-2","15":"first","16":"instock","17":"sold-individually","18":"taxable","19":"shipping-taxable","20":"purchasable","21":"product-type-simple"},"bundled_by":[],"bundle_stock_status":"instock","bundle_stock_quantity":1,"bundle_virtual":false,"bundle_layout":"","bundle_add_to_cart_form_location":"","bundle_editable_in_cart":false,"bundle_sold_individually_context":"","bundle_item_grouping":"","bundle_min_size":"","bundle_max_size":"","bundle_price":[],"bundled_items":[],"bundle_sell_ids":[],"acf":[],"_links":{"self":[{"href":"https:\/\/www.raschvin.com\/sv\/wp-json\/wp\/v2\/product\/118311","targetHints":{"allow":["GET"]}}],"collection":[{"href":"https:\/\/www.raschvin.com\/sv\/wp-json\/wp\/v2\/product"}],"about":[{"href":"https:\/\/www.raschvin.com\/sv\/wp-json\/wp\/v2\/types\/product"}],"wp:featuredmedia":[{"embeddable":true,"href":"https:\/\/www.raschvin.com\/sv\/wp-json\/wp\/v2\/media\/29232"}],"wp:attachment":[{"href":"https:\/\/www.raschvin.com\/sv\/wp-json\/wp\/v2\/media?parent=118311"}],"wp:term":[{"taxonomy":"product_brand","embeddable":true,"href":"https:\/\/www.raschvin.com\/sv\/wp-json\/wp\/v2\/product_brand?post=118311"},{"taxonomy":"product_cat","embeddable":true,"href":"https:\/\/www.raschvin.com\/sv\/wp-json\/wp\/v2\/product_cat?post=118311"},{"taxonomy":"product_tag","embeddable":true,"href":"https:\/\/www.raschvin.com\/sv\/wp-json\/wp\/v2\/product_tag?post=118311"}],"curies":[{"name":"wp","href":"https:\/\/api.w.org\/{rel}","templated":true}]}}