{"id":118190,"date":"2026-03-05T10:25:12","date_gmt":"2026-03-05T09:25:12","guid":{"rendered":"https:\/\/www.raschvin.com\/produkt\/vecchio-amaro-del-capo-70-cl-35\/"},"modified":"2026-04-29T17:40:43","modified_gmt":"2026-04-29T15:40:43","slug":"vecchio-amaro-del-capo-70-cl-35","status":"publish","type":"product","link":"https:\/\/www.raschvin.com\/sv\/produkt\/vecchio-amaro-del-capo-70-cl-35\/","title":{"rendered":"Vecchio Amaro del Capo 70 cl. 35%"},"content":{"rendered":"<p data-start=\"13\" data-end=\"445\"><strong data-start=\"13\" data-end=\"39\">Vecchio Amaro del Capo<\/strong> \u00e4r en klassisk italiensk amaro fr\u00e5n <strong data-start=\"76\" data-end=\"89\">Kalabrien<\/strong>, k\u00e4nd f\u00f6r sin tydligt kryddiga, \u00f6rtiga stil med en mjuk citrusfr\u00e4sch\u00f6r. Den g\u00f6rs av <strong data-start=\"174\" data-end=\"195\">Distilleria Caffo<\/strong>, ett familje\u00e4gt f\u00f6retag med r\u00f6tter i s\u00f6dra Italien som blivit en av de starkaste symbolerna f\u00f6r kalabrisk lik\u00f6rtradition. Caffo \u00e4r s\u00e4rskilt f\u00f6rknippade med att arbeta med lokala r\u00e5varor och en stil d\u00e4r \u00f6rter, r\u00f6tter och citrus f\u00e5r spela huvudrollen.<\/p>\n<p data-start=\"447\" data-end=\"698\">I smaken \u00e4r Amaro del Capo ofta <strong data-start=\"479\" data-end=\"501\">rund och aromatisk<\/strong>: apelsin och citruszest, med lager av medelhavs\u00f6rter, lakritsrot, mild bitterhet och varm krydda. S\u00f6tman \u00e4r tydlig men balanserad, vilket g\u00f6r den l\u00e4tt att tycka om \u00e4ven f\u00f6r den som \u00e4r ny p\u00e5 amaro.<\/p>\n<p data-start=\"700\" data-end=\"713\"><strong data-start=\"700\" data-end=\"713\">Servering<\/strong><\/p>\n<ul data-start=\"714\" data-end=\"1010\">\n<li data-start=\"714\" data-end=\"801\">\n<p data-start=\"716\" data-end=\"801\">Dricks traditionellt <strong data-start=\"737\" data-end=\"747\">iskall<\/strong> (g\u00e4rna direkt fr\u00e5n frysen) som shot eller digestif.<\/p>\n<\/li>\n<li data-start=\"802\" data-end=\"889\">\n<p data-start=\"804\" data-end=\"889\">Funkar ocks\u00e5 mycket bra som <strong data-start=\"832\" data-end=\"846\">long drink<\/strong> med soda eller tonic och en citrusskiva.<\/p>\n<\/li>\n<li data-start=\"890\" data-end=\"1010\">\n<p data-start=\"892\" data-end=\"1010\">I cocktails: ett enkelt s\u00e4tt att ge en <strong data-start=\"931\" data-end=\"947\">\u00f6rtig-bitter<\/strong> twist i t.ex. en spritz-variant eller som komponent i en sour.<\/p>\n<\/li>\n<\/ul>\n","protected":false},"excerpt":{"rendered":"<p>Liquore D&#8217;Erbe Calabria<\/p>\n","protected":false},"featured_media":123152,"template":"","meta":{"_acf_changed":false,"rs_blank_template":"","rs_page_bg_color":"","slide_template_v7":""},"product_brand":[],"product_cat":[2387,2394,2743,4714,2390],"product_tag":[],"class_list":{"0":"post-118190","1":"product","2":"type-product","3":"status-publish","4":"has-post-thumbnail","6":"product_cat-avec-sv","7":"product_cat-bitter-sv","8":"product_cat-brannvin-sv","9":"product_cat-ort","10":"product_cat-sprit","11":"pa_land-italien-sv","12":"pa_procent-35-sv","13":"pa_producent-distilleria-caffo","14":"pa_volume-70-sv-2","16":"first","17":"instock","18":"sale","19":"taxable","20":"shipping-taxable","21":"purchasable","22":"product-type-simple"},"bundled_by":[],"bundle_stock_status":"instock","bundle_stock_quantity":null,"bundle_virtual":false,"bundle_layout":"","bundle_add_to_cart_form_location":"","bundle_editable_in_cart":false,"bundle_sold_individually_context":"","bundle_item_grouping":"","bundle_min_size":"","bundle_max_size":"","bundle_price":[],"bundled_items":[],"bundle_sell_ids":[],"acf":[],"_links":{"self":[{"href":"https:\/\/www.raschvin.com\/sv\/wp-json\/wp\/v2\/product\/118190","targetHints":{"allow":["GET"]}}],"collection":[{"href":"https:\/\/www.raschvin.com\/sv\/wp-json\/wp\/v2\/product"}],"about":[{"href":"https:\/\/www.raschvin.com\/sv\/wp-json\/wp\/v2\/types\/product"}],"wp:featuredmedia":[{"embeddable":true,"href":"https:\/\/www.raschvin.com\/sv\/wp-json\/wp\/v2\/media\/123152"}],"wp:attachment":[{"href":"https:\/\/www.raschvin.com\/sv\/wp-json\/wp\/v2\/media?parent=118190"}],"wp:term":[{"taxonomy":"product_brand","embeddable":true,"href":"https:\/\/www.raschvin.com\/sv\/wp-json\/wp\/v2\/product_brand?post=118190"},{"taxonomy":"product_cat","embeddable":true,"href":"https:\/\/www.raschvin.com\/sv\/wp-json\/wp\/v2\/product_cat?post=118190"},{"taxonomy":"product_tag","embeddable":true,"href":"https:\/\/www.raschvin.com\/sv\/wp-json\/wp\/v2\/product_tag?post=118190"}],"curies":[{"name":"wp","href":"https:\/\/api.w.org\/{rel}","templated":true}]}}