{"id":118042,"date":"2026-03-04T18:56:02","date_gmt":"2026-03-04T17:56:02","guid":{"rendered":"https:\/\/www.raschvin.com\/?post_type=product&#038;p=118042"},"modified":"2026-03-04T18:58:48","modified_gmt":"2026-03-04T17:58:48","slug":"raastoff-pineapple-vanilla-70-cl-164-kopier","status":"publish","type":"product","link":"https:\/\/www.raschvin.com\/sv\/produkt\/raastoff-pineapple-vanilla-70-cl-164-kopier\/","title":{"rendered":"R\u00e5stoff Apple-Vanilla 70 cl. 16,4%"},"content":{"rendered":"<p data-start=\"13\" data-end=\"176\">Frisk, fruktig och oemotst\u00e5ndligt rund. H\u00e4r f\u00e5r du den fr\u00e4scha smaken av mogna \u00e4pplen som m\u00f6ter mjuk, kr\u00e4mig vanilj \u2013 en kombination som tr\u00e4ffar mitt i mysk\u00e4nslan.<\/p>\n<p data-start=\"178\" data-end=\"285\">Med sin naturliga s\u00f6tma och mjuka avslutning \u00e4r R\u00e5stoff Apple-Vanilla som gjord f\u00f6r desserter i shotformat.<\/p>\n<p data-start=\"287\" data-end=\"441\"><strong data-start=\"287\" data-end=\"304\">\u00c4PPELKAKESHOT<\/strong><br data-start=\"304\" data-end=\"307\" \/>R\u00e5stoff Apple-Vanilla toppas med vispad gr\u00e4dde och krossad makron eller en nypa kanel. Ett litet glas som smakar av b\u00e5de mys och fest.<\/p>\n","protected":false},"excerpt":{"rendered":"<p>Danish Fruit Vodka Liqueur<\/p>\n","protected":false},"featured_media":118418,"template":"","meta":{"_acf_changed":false,"rs_blank_template":"","rs_page_bg_color":"","slide_template_v7":""},"product_brand":[],"product_cat":[2387,4670,2407,2390,2402],"product_tag":[],"class_list":{"0":"post-118042","1":"product","2":"type-product","3":"status-publish","4":"has-post-thumbnail","6":"product_cat-avec-sv","7":"product_cat-frukt","8":"product_cat-shots-sv","9":"product_cat-sprit","10":"product_cat-sprit-sv","11":"pa_land-danmark-sv","12":"pa_procent-16-4-sv","13":"pa_producent-spritfabrikken-danmark-sv","14":"pa_volume-70-sv-2","16":"first","17":"instock","18":"sale","19":"taxable","20":"shipping-taxable","21":"purchasable","22":"product-type-simple"},"bundled_by":[],"bundle_stock_status":"instock","bundle_stock_quantity":null,"bundle_virtual":false,"bundle_layout":"","bundle_add_to_cart_form_location":"","bundle_editable_in_cart":false,"bundle_sold_individually_context":"","bundle_item_grouping":"","bundle_min_size":"","bundle_max_size":"","bundle_price":[],"bundled_items":[],"bundle_sell_ids":[],"acf":[],"_links":{"self":[{"href":"https:\/\/www.raschvin.com\/sv\/wp-json\/wp\/v2\/product\/118042","targetHints":{"allow":["GET"]}}],"collection":[{"href":"https:\/\/www.raschvin.com\/sv\/wp-json\/wp\/v2\/product"}],"about":[{"href":"https:\/\/www.raschvin.com\/sv\/wp-json\/wp\/v2\/types\/product"}],"wp:featuredmedia":[{"embeddable":true,"href":"https:\/\/www.raschvin.com\/sv\/wp-json\/wp\/v2\/media\/118418"}],"wp:attachment":[{"href":"https:\/\/www.raschvin.com\/sv\/wp-json\/wp\/v2\/media?parent=118042"}],"wp:term":[{"taxonomy":"product_brand","embeddable":true,"href":"https:\/\/www.raschvin.com\/sv\/wp-json\/wp\/v2\/product_brand?post=118042"},{"taxonomy":"product_cat","embeddable":true,"href":"https:\/\/www.raschvin.com\/sv\/wp-json\/wp\/v2\/product_cat?post=118042"},{"taxonomy":"product_tag","embeddable":true,"href":"https:\/\/www.raschvin.com\/sv\/wp-json\/wp\/v2\/product_tag?post=118042"}],"curies":[{"name":"wp","href":"https:\/\/api.w.org\/{rel}","templated":true}]}}