{"id":118039,"date":"2026-03-04T18:51:17","date_gmt":"2026-03-04T17:51:17","guid":{"rendered":"https:\/\/www.raschvin.com\/?post_type=product&#038;p=118039"},"modified":"2026-03-04T18:54:06","modified_gmt":"2026-03-04T17:54:06","slug":"smaa-sure-sour-juicy-mango-100-cl-164-kopier","status":"publish","type":"product","link":"https:\/\/www.raschvin.com\/sv\/produkt\/smaa-sure-sour-juicy-mango-100-cl-164-kopier\/","title":{"rendered":"SM\u00c5 SURE Sour Peach 100 cl. 16,4%"},"content":{"rendered":"<p data-start=\"13\" data-end=\"376\">SM\u00c5 SURE Sour Peach \u00e4r en fr\u00e4sch och syrlig shot med en intensiv smak av s\u00f6ta, saftiga persikor. Den \u00e4r baserad p\u00e5 vodka och tillsatt noggrant utvalda ingredienser som tillsammans skapar den perfekta balansen mellan s\u00f6tma och syrlighet. Smaken \u00e4r behaglig, frisk och inbjudande, d\u00e4r den syrliga twisten ger extra kick och en livlig smakupplevelse som dr\u00f6jer kvar.<\/p>\n<p data-start=\"378\" data-end=\"544\">SM\u00c5 SURE Sour Peach kan avnjutas iskall som shot eller serveras on the rocks i ett st\u00f6rre glas med mycket is \u2013 och den kan sj\u00e4lvklart ocks\u00e5 blandas till goda drinkar.<\/p>\n<p data-start=\"546\" data-end=\"648\">SM\u00c5 SURE Sour Peach \u00e4r en del av SM\u00c5 SHOTS-serien, som \u00e4r en stor favorit i hela Danmark och i Norden.<\/p>\n","protected":false},"excerpt":{"rendered":"<p>Danish Sweet &#038; Sour Spirit Drink<\/p>\n","protected":false},"featured_media":118415,"template":"","meta":{"_acf_changed":false,"rs_blank_template":"","rs_page_bg_color":"","slide_template_v7":""},"product_brand":[],"product_cat":[2387,4670,2407,2390,2402],"product_tag":[],"class_list":{"0":"post-118039","1":"product","2":"type-product","3":"status-publish","4":"has-post-thumbnail","6":"product_cat-avec-sv","7":"product_cat-frukt","8":"product_cat-shots-sv","9":"product_cat-sprit","10":"product_cat-sprit-sv","11":"pa_land-danmark-sv","12":"pa_procent-16-4-sv","13":"pa_producent-spritfabrikken-danmark-sv","14":"pa_serveringstemperatur-10-14-sv","15":"pa_volume-100-sv","17":"first","18":"instock","19":"taxable","20":"shipping-taxable","21":"purchasable","22":"product-type-simple"},"bundled_by":[],"bundle_stock_status":"instock","bundle_stock_quantity":null,"bundle_virtual":false,"bundle_layout":"","bundle_add_to_cart_form_location":"","bundle_editable_in_cart":false,"bundle_sold_individually_context":"","bundle_item_grouping":"","bundle_min_size":"","bundle_max_size":"","bundle_price":[],"bundled_items":[],"bundle_sell_ids":[],"acf":[],"_links":{"self":[{"href":"https:\/\/www.raschvin.com\/sv\/wp-json\/wp\/v2\/product\/118039","targetHints":{"allow":["GET"]}}],"collection":[{"href":"https:\/\/www.raschvin.com\/sv\/wp-json\/wp\/v2\/product"}],"about":[{"href":"https:\/\/www.raschvin.com\/sv\/wp-json\/wp\/v2\/types\/product"}],"wp:featuredmedia":[{"embeddable":true,"href":"https:\/\/www.raschvin.com\/sv\/wp-json\/wp\/v2\/media\/118415"}],"wp:attachment":[{"href":"https:\/\/www.raschvin.com\/sv\/wp-json\/wp\/v2\/media?parent=118039"}],"wp:term":[{"taxonomy":"product_brand","embeddable":true,"href":"https:\/\/www.raschvin.com\/sv\/wp-json\/wp\/v2\/product_brand?post=118039"},{"taxonomy":"product_cat","embeddable":true,"href":"https:\/\/www.raschvin.com\/sv\/wp-json\/wp\/v2\/product_cat?post=118039"},{"taxonomy":"product_tag","embeddable":true,"href":"https:\/\/www.raschvin.com\/sv\/wp-json\/wp\/v2\/product_tag?post=118039"}],"curies":[{"name":"wp","href":"https:\/\/api.w.org\/{rel}","templated":true}]}}