{"id":117986,"date":"2026-03-04T17:11:44","date_gmt":"2026-03-04T16:11:44","guid":{"rendered":"https:\/\/www.raschvin.com\/?post_type=product&#038;p=117986"},"modified":"2026-03-04T17:14:36","modified_gmt":"2026-03-04T16:14:36","slug":"bepi-tosolini-premium-limoncello-70-cl-28-kopier-2","status":"publish","type":"product","link":"https:\/\/www.raschvin.com\/sv\/produkt\/bepi-tosolini-premium-limoncello-70-cl-28-kopier-2\/","title":{"rendered":"Bepi Tosolini &#8211; Premium Limoncello Magnum 200 cl. 28%"},"content":{"rendered":"<p>Limoncello tillh\u00f6r Bepi Tosolini-serien traditionella italienska andar.<br \/>\nEtt hantverkslimoncello destillerades fr\u00e5n den b\u00e4sta Amalfikusten och sicilianska<br \/>\ncitroner. Nyberedd, v\u00e5r limoncello \u00e4r gjord av b\u00e5de gr\u00f6nt (vinter) och<br \/>\nGul (sommar) citronskal; en handgjord infusion och destillation<br \/>\nbevarar sin f\u00e4rsk lukt och unik smak. En familj \u00e4r ecept, utan<br \/>\nF\u00e4rg\u00e4mnen och artificiella arom f\u00f6r de mest kr\u00e4vande gommen.<\/p>\n<p>Destillat och infusion av ren citronskal<br \/>\nAlkohol: 28% vol.<br \/>\nF\u00e4rg: Ljusgul gr\u00f6n<br \/>\nKropp: Anslutning och bekv\u00e4m.<br \/>\nDominerande och omslutande anteckningar av mogna citroner, en full sprit med en s\u00f6t arom. Medelhavet citrusspets i finish.<br \/>\nServeringsf\u00f6rslag: Kyld eller snyggt, som matsm\u00e4ltningssystem efter en m\u00e5ltid \u00e4r det perfekt i n\u00e5gon s\u00e4song till den klassiska italienska &#8221;Digestivo&#8221; eller f\u00f6r en uppfriskande cocktail.<\/p>\n","protected":false},"excerpt":{"rendered":"<p>Handcrafted Premium Italian Lemon Liqueur &#8211; Udine<\/p>\n","protected":false},"featured_media":118026,"template":"","meta":{"_acf_changed":false,"rs_blank_template":"","rs_page_bg_color":"","slide_template_v7":""},"product_brand":[],"product_cat":[2387,4670,2390],"product_tag":[],"class_list":{"0":"post-117986","1":"product","2":"type-product","3":"status-publish","4":"has-post-thumbnail","6":"product_cat-avec-sv","7":"product_cat-frukt","8":"product_cat-sprit","9":"pa_land-italien-sv","10":"pa_procent-28-sv","11":"pa_producent-bepi-tosolini-sv","12":"pa_region-friuli-sv","13":"pa_volume-200-sv","15":"first","16":"instock","17":"sale","18":"taxable","19":"shipping-taxable","20":"purchasable","21":"product-type-simple"},"bundled_by":[],"bundle_stock_status":"instock","bundle_stock_quantity":null,"bundle_virtual":false,"bundle_layout":"","bundle_add_to_cart_form_location":"","bundle_editable_in_cart":false,"bundle_sold_individually_context":"","bundle_item_grouping":"","bundle_min_size":"","bundle_max_size":"","bundle_price":[],"bundled_items":[],"bundle_sell_ids":[],"acf":[],"_links":{"self":[{"href":"https:\/\/www.raschvin.com\/sv\/wp-json\/wp\/v2\/product\/117986","targetHints":{"allow":["GET"]}}],"collection":[{"href":"https:\/\/www.raschvin.com\/sv\/wp-json\/wp\/v2\/product"}],"about":[{"href":"https:\/\/www.raschvin.com\/sv\/wp-json\/wp\/v2\/types\/product"}],"wp:featuredmedia":[{"embeddable":true,"href":"https:\/\/www.raschvin.com\/sv\/wp-json\/wp\/v2\/media\/118026"}],"wp:attachment":[{"href":"https:\/\/www.raschvin.com\/sv\/wp-json\/wp\/v2\/media?parent=117986"}],"wp:term":[{"taxonomy":"product_brand","embeddable":true,"href":"https:\/\/www.raschvin.com\/sv\/wp-json\/wp\/v2\/product_brand?post=117986"},{"taxonomy":"product_cat","embeddable":true,"href":"https:\/\/www.raschvin.com\/sv\/wp-json\/wp\/v2\/product_cat?post=117986"},{"taxonomy":"product_tag","embeddable":true,"href":"https:\/\/www.raschvin.com\/sv\/wp-json\/wp\/v2\/product_tag?post=117986"}],"curies":[{"name":"wp","href":"https:\/\/api.w.org\/{rel}","templated":true}]}}