{"id":117901,"date":"2026-03-04T14:52:56","date_gmt":"2026-03-04T13:52:56","guid":{"rendered":"https:\/\/www.raschvin.com\/?post_type=product&#038;p=117901"},"modified":"2026-03-04T14:56:52","modified_gmt":"2026-03-04T13:56:52","slug":"fattoria-coroncino-verdicchio-gaiospino-2022-docg-75-cl-kopier","status":"publish","type":"product","link":"https:\/\/www.raschvin.com\/sv\/produkt\/fattoria-coroncino-verdicchio-gaiospino-2022-docg-75-cl-kopier\/","title":{"rendered":"Fattoria Coroncino Verdicchio Gaiospino 2022 DOCG Magnum 150 cl."},"content":{"rendered":"<p>K\u00e4llaren och ving\u00e5rdarna ligger i Staffolo, p\u00e5 s\u00f6dra sidan av Esinodalen, p\u00e5 gr\u00e4nsen till provinsen Macerata. Territoriets morfologi \u00e4r densamma med havets inflytande, som tr\u00e4nger djupt in i dalen av floden Esino med samma namn, och d\u00e4rmed mjukar upp det generellt kontinentala klimatet i dessa milda kullar. Jordarna f\u00f6r\u00e4ndras dock och till den klassiska mellanblandningen l\u00e4ggs tomter best\u00e5ende av kalkhaltig m\u00e4rgel med en spridning av lera. Denna skillnad finns inom det lilla f\u00f6retagets landarv och \u00e4r en av anledningarna till att Fattorias viner \u00e4r s\u00e5 olika varandra. Spescia-ving\u00e5rden ovanf\u00f6r Cupramontana, fr\u00e5n vilken druvorna f\u00f6r att g\u00f6ra Gaiospino erh\u00e5lls, insisterar p\u00e5 kalkhaltig m\u00e4rgel. Men ving\u00e5rdarna i Coroncino och Cerreta, n\u00e4ra San Paolo di Jesi, best\u00e5r av \u00f6verv\u00e4gande lerjordar. Resultatet av denna uppdelning, i kombination med f\u00f6rvaltningen av ving\u00e5rden utan syntetiska produkter, resulterar i en m\u00e4ngd olika mycket olika viner, vars utsl\u00e4pp alltid ifr\u00e5gas\u00e4tts av klimatf\u00f6rh\u00e5llandena, och varje \u00e5rg\u00e5ng \u00e4r den trogna spegeln av dessa faktorer och deras territoriellt uttryck.<\/p>\n<p>Verdicchio dei Castelli di Jesi DOC Gaiospino Il Coroncino har en gr\u00f6n guldf\u00e4rg. Aromatiskt utbud av typiska proportioner, \u00f6ppning med mogen mispel, plommon och ceder, maskrosblommor, medicinska \u00f6rter med korn och t\u00e4t br\u00e4ckt aurea. Den fr\u00e4scha, kryddiga synergin \u00e4r intensiv, vilket g\u00f6r den muskul\u00f6sa kroppen smidig och finishen full av sammanh\u00e4ngande sort\u00e5terkomst. Druvor fr\u00e5n alla ving\u00e5rdar. Den vinifierar och \u00e5ldras i 10 m\u00e5nader i st\u00e5l.<\/p>\n<p>Fattoria Coroncino grundades 1981 i Staffolo mellan Musone- och Esino-dalarna i hj\u00e4rtat av Vallesina, ett omr\u00e5de i provinsen Ancona. Det \u00e4r h\u00e4r som Lucio och hans fru Fiorella arbetar enligt principerna f\u00f6r ekologisk odling och biodynamik. p\u00e5 ving\u00e5rden och dess frukter f\u00f6r att s\u00e4kerst\u00e4lla det totala uttrycket av vinstocken och territoriet i deras viner. Faktum \u00e4r att detta f\u00f6retag tolkar Verdicchio med stor personlighet, ger liv \u00e5t viner av utm\u00e4rkt kvalitet, med fantastisk struktur, rik p\u00e5 mineralitet och aromatisk intensitet. Fattoria Coroncino \u00e4r utan tvekan en referenspunkt f\u00f6r \u00e4lskare av Verdicchio, och varje entusiast b\u00f6r uppleva dess karismatiska viner. N\u00e4r jag kommer s\u00e5 s\u00e4tter jag upp en skylt! Den ber\u00f6mda frasen som du hittar p\u00e5 alla dess etiketter! Verdicchio nummer 1!<\/p>\n","protected":false},"excerpt":{"rendered":"<p>Marche \u2013 Italy<\/p>\n","protected":false},"featured_media":117920,"template":"","meta":{"_acf_changed":false,"rs_blank_template":"","rs_page_bg_color":"","slide_template_v7":""},"product_brand":[],"product_cat":[2788,2792],"product_tag":[],"class_list":{"0":"post-117901","1":"product","2":"type-product","3":"status-publish","4":"has-post-thumbnail","6":"product_cat-vin-sv","7":"product_cat-vitt-vin","8":"pa_aargang-2022-sv","9":"pa_drue-verdicchio-sv","10":"pa_land-italien-sv","11":"pa_procent-14-5-sv","12":"pa_producent-fattoria-coroncino-sv","13":"pa_region-marche-sv","14":"pa_serveringstemperatur-10-12-sv-2","15":"pa_volume-150-sv","17":"first","18":"instock","19":"taxable","20":"shipping-taxable","21":"purchasable","22":"product-type-simple"},"bundled_by":[],"bundle_stock_status":"instock","bundle_stock_quantity":null,"bundle_virtual":false,"bundle_layout":"","bundle_add_to_cart_form_location":"","bundle_editable_in_cart":false,"bundle_sold_individually_context":"","bundle_item_grouping":"","bundle_min_size":"","bundle_max_size":"","bundle_price":[],"bundled_items":[],"bundle_sell_ids":[],"acf":[],"_links":{"self":[{"href":"https:\/\/www.raschvin.com\/sv\/wp-json\/wp\/v2\/product\/117901","targetHints":{"allow":["GET"]}}],"collection":[{"href":"https:\/\/www.raschvin.com\/sv\/wp-json\/wp\/v2\/product"}],"about":[{"href":"https:\/\/www.raschvin.com\/sv\/wp-json\/wp\/v2\/types\/product"}],"wp:featuredmedia":[{"embeddable":true,"href":"https:\/\/www.raschvin.com\/sv\/wp-json\/wp\/v2\/media\/117920"}],"wp:attachment":[{"href":"https:\/\/www.raschvin.com\/sv\/wp-json\/wp\/v2\/media?parent=117901"}],"wp:term":[{"taxonomy":"product_brand","embeddable":true,"href":"https:\/\/www.raschvin.com\/sv\/wp-json\/wp\/v2\/product_brand?post=117901"},{"taxonomy":"product_cat","embeddable":true,"href":"https:\/\/www.raschvin.com\/sv\/wp-json\/wp\/v2\/product_cat?post=117901"},{"taxonomy":"product_tag","embeddable":true,"href":"https:\/\/www.raschvin.com\/sv\/wp-json\/wp\/v2\/product_tag?post=117901"}],"curies":[{"name":"wp","href":"https:\/\/api.w.org\/{rel}","templated":true}]}}