{"id":117715,"date":"2026-03-03T17:58:15","date_gmt":"2026-03-03T16:58:15","guid":{"rendered":"https:\/\/www.raschvin.com\/produkt\/torricino-raone-greco-di-tufo-riserva-docg-2023-75-cl\/"},"modified":"2026-03-03T17:58:15","modified_gmt":"2026-03-03T16:58:15","slug":"torricino-raone-greco-di-tufo-riserva-docg-2023-75-cl","status":"publish","type":"product","link":"https:\/\/www.raschvin.com\/sv\/produkt\/torricino-raone-greco-di-tufo-riserva-docg-2023-75-cl\/","title":{"rendered":"Torricino Raone Greco Di Tufo Riserva DOCG 2023 75 cl."},"content":{"rendered":"<p data-start=\"0\" data-end=\"371\"><strong data-start=\"0\" data-end=\"59\">Torricino Raone Greco di Tufo Riserva DOCG 2023 (75 cl)<\/strong> \u00e4r ett seri\u00f6st, mineraldrivet vitt vin fr\u00e5n <strong data-start=\"104\" data-end=\"134\">Tufo i Irpinia (Kampanien)<\/strong> \u2013 hj\u00e4rtat av appellationen <strong data-start=\"162\" data-end=\"184\">Greco di Tufo DOCG<\/strong>. \u201cRaone\u201d \u00e4r Torricinos mer selekterade, prestigeinriktade tolkning av <strong data-start=\"255\" data-end=\"269\">100% Greco<\/strong>, gjord f\u00f6r att visa omr\u00e5dets typiska kombination av <strong data-start=\"322\" data-end=\"370\">frisk syra, stenig s\u00e4lta och tydlig struktur<\/strong>.<\/p>\n<h3 data-start=\"373\" data-end=\"400\">Producenten \u2013 Torricino<\/h3>\n<p data-start=\"401\" data-end=\"819\">Torricino \u00e4r en <strong data-start=\"417\" data-end=\"439\">familje\u00e4gd egendom<\/strong> i Tufo, kopplad till <strong data-start=\"461\" data-end=\"482\">familjen Di Marzo<\/strong>. P\u00e5 1970-talet b\u00f6rjade <strong data-start=\"506\" data-end=\"529\">Vitantonio Di Marzo<\/strong> arbeta mer \u201crationellt\u201d och varsamt med familjens ving\u00e5rdar och lade grunden till dagens inriktning. I modern tid drivs och utvecklas arbetet av <strong data-start=\"675\" data-end=\"695\">Stefano Di Marzo<\/strong>, med tydligt fokus p\u00e5 <strong data-start=\"718\" data-end=\"742\">noggrann selektering<\/strong> i b\u00e5de ving\u00e5rd och k\u00e4llare f\u00f6r att lyfta fram druvans och platsens karakt\u00e4r.<\/p>\n<h3 data-start=\"821\" data-end=\"838\">S\u00e5 g\u00f6rs vinet<\/h3>\n<p data-start=\"839\" data-end=\"882\">Raone g\u00f6rs med en tydlig kvalitetsfilosofi:<\/p>\n<ul data-start=\"883\" data-end=\"1260\">\n<li data-start=\"883\" data-end=\"932\">\n<p data-start=\"885\" data-end=\"932\"><strong data-start=\"885\" data-end=\"898\">Handsk\u00f6rd<\/strong> och h\u00e5rd selektering av druvor.<\/p>\n<\/li>\n<li data-start=\"933\" data-end=\"1002\">\n<p data-start=\"935\" data-end=\"1002\">Endast den b\u00e4sta delen av musten anv\u00e4nds (den \u201cfria\u201d fraktionen).<\/p>\n<\/li>\n<li data-start=\"1003\" data-end=\"1085\">\n<p data-start=\"1005\" data-end=\"1085\">J\u00e4sning i <strong data-start=\"1015\" data-end=\"1033\">rostfritt st\u00e5l<\/strong> med <strong data-start=\"1038\" data-end=\"1054\">inhemsk j\u00e4st<\/strong> och utan temperaturkontroll.<\/p>\n<\/li>\n<li data-start=\"1086\" data-end=\"1161\">\n<p data-start=\"1088\" data-end=\"1161\"><strong data-start=\"1088\" data-end=\"1125\">Cirka 6 m\u00e5nader p\u00e5 j\u00e4stf\u00e4llningen<\/strong> f\u00f6r mer komplexitet och struktur.<\/p>\n<\/li>\n<li data-start=\"1162\" data-end=\"1260\">\n<p data-start=\"1164\" data-end=\"1260\">D\u00e4refter <strong data-start=\"1173\" data-end=\"1188\">flaskmognad<\/strong> innan vinet sl\u00e4pps, vilket bidrar till den mer \u201cmogna\u201d Riserva-k\u00e4nslan.<\/p>\n<\/li>\n<\/ul>\n<h3 data-start=\"1262\" data-end=\"1276\">Smakprofil<\/h3>\n<p data-start=\"1277\" data-end=\"1673\"><strong data-start=\"1277\" data-end=\"1286\">Doft:<\/strong> Nyanserad och frisk med <strong data-start=\"1311\" data-end=\"1332\">citrus\/grapefrukt<\/strong>, <strong data-start=\"1334\" data-end=\"1351\">gul stenfrukt<\/strong> (persika\/aprikos) och en tydlig <strong data-start=\"1384\" data-end=\"1398\">mineralisk<\/strong> ton.<br data-start=\"1403\" data-end=\"1406\" \/><strong data-start=\"1406\" data-end=\"1415\">Smak:<\/strong> Torrt, koncentrerat och stramt p\u00e5 ett aptitligt s\u00e4tt, med klar frukt, pigg syra och en markerad <strong data-start=\"1512\" data-end=\"1528\">salt\/mineral<\/strong> nerv som ger \u201cgrepp\u201d och l\u00e4ngd.<br data-start=\"1560\" data-end=\"1563\" \/><strong data-start=\"1563\" data-end=\"1574\">Avslut:<\/strong> L\u00e5ngt och rent, ofta med ett tydligt <strong data-start=\"1612\" data-end=\"1636\">salint\/mineraldrivet<\/strong> slut som g\u00f6r vinet extra matv\u00e4nligt.<\/p>\n<h3 data-start=\"1675\" data-end=\"1701\">Servering och matmatch<\/h3>\n<p data-start=\"1702\" data-end=\"2078\"><strong data-start=\"1702\" data-end=\"1726\">Servera vid 10\u201312 \u00b0C<\/strong> i ett lite st\u00f6rre vitvinsglas och l\u00e5t g\u00e4rna vinet f\u00e5 n\u00e5gra minuter i glaset \u2013 det \u00f6ppnar upp med mer frukt och blommighet.<br data-start=\"1849\" data-end=\"1852\" \/>Perfekt till <strong data-start=\"1865\" data-end=\"1902\">skaldjur, grillad fisk, bl\u00e4ckfisk<\/strong>, pasta med <strong data-start=\"1914\" data-end=\"1930\">citron\/\u00f6rter<\/strong>, salta tilltugg och <strong data-start=\"1951\" data-end=\"1969\">lagrad h\u00e5rdost<\/strong>. \u00c4ven riktigt fint till r\u00e4tter med <strong data-start=\"2005\" data-end=\"2016\">saffran<\/strong> eller kr\u00e4migare r\u00e4tter d\u00e4r vinets syra och s\u00e4lta sk\u00e4r igenom.<\/p>\n","protected":false},"excerpt":{"rendered":"<p><span data-start=\"454\" data-end=\"475\">Di Marzo &#8211; Campania Italy<\/span><\/p>\n","protected":false},"featured_media":117747,"template":"","meta":{"_acf_changed":false,"rs_blank_template":"","rs_page_bg_color":"","slide_template_v7":""},"product_brand":[],"product_cat":[2788,2792],"product_tag":[],"class_list":{"0":"post-117715","1":"product","2":"type-product","3":"status-publish","4":"has-post-thumbnail","6":"product_cat-vin-sv","7":"product_cat-vitt-vin","8":"pa_aargang-2023-sv","9":"pa_drue-greco","10":"pa_land-italien-sv","11":"pa_procent-13-sv","12":"pa_producent-di-marzo","13":"pa_region-campania-sv","14":"pa_serveringstemperatur-10-12-sv-2","15":"pa_volume-75-sv","17":"first","18":"instock","19":"taxable","20":"shipping-taxable","21":"purchasable","22":"product-type-simple"},"bundled_by":["119651","119668","119698","120157","120939"],"bundle_stock_status":"instock","bundle_stock_quantity":null,"bundle_virtual":false,"bundle_layout":"","bundle_add_to_cart_form_location":"","bundle_editable_in_cart":false,"bundle_sold_individually_context":"","bundle_item_grouping":"","bundle_min_size":"","bundle_max_size":"","bundle_price":[],"bundled_items":[],"bundle_sell_ids":[],"acf":[],"_links":{"self":[{"href":"https:\/\/www.raschvin.com\/sv\/wp-json\/wp\/v2\/product\/117715","targetHints":{"allow":["GET"]}}],"collection":[{"href":"https:\/\/www.raschvin.com\/sv\/wp-json\/wp\/v2\/product"}],"about":[{"href":"https:\/\/www.raschvin.com\/sv\/wp-json\/wp\/v2\/types\/product"}],"wp:featuredmedia":[{"embeddable":true,"href":"https:\/\/www.raschvin.com\/sv\/wp-json\/wp\/v2\/media\/117747"}],"wp:attachment":[{"href":"https:\/\/www.raschvin.com\/sv\/wp-json\/wp\/v2\/media?parent=117715"}],"wp:term":[{"taxonomy":"product_brand","embeddable":true,"href":"https:\/\/www.raschvin.com\/sv\/wp-json\/wp\/v2\/product_brand?post=117715"},{"taxonomy":"product_cat","embeddable":true,"href":"https:\/\/www.raschvin.com\/sv\/wp-json\/wp\/v2\/product_cat?post=117715"},{"taxonomy":"product_tag","embeddable":true,"href":"https:\/\/www.raschvin.com\/sv\/wp-json\/wp\/v2\/product_tag?post=117715"}],"curies":[{"name":"wp","href":"https:\/\/api.w.org\/{rel}","templated":true}]}}