{"id":117704,"date":"2026-03-03T16:33:28","date_gmt":"2026-03-03T15:33:28","guid":{"rendered":"https:\/\/www.raschvin.com\/?post_type=product&#038;p=117704"},"modified":"2026-03-03T16:37:42","modified_gmt":"2026-03-03T15:37:42","slug":"espero-coconut-rum-70-cl-40-kopier-3","status":"publish","type":"product","link":"https:\/\/www.raschvin.com\/sv\/produkt\/espero-coconut-rum-70-cl-40-kopier-3\/","title":{"rendered":"Espero &#8211; Caribbean Banana &#038; Rum 70 cl. 40%"},"content":{"rendered":"<p data-start=\"0\" data-end=\"587\">Ron Espero Caribbean Banana \u00e4r en rombaserad lik\u00f6r med tydlig tropisk karakt\u00e4r, d\u00e4r smaken av solmogen banan st\u00e5r i centrum. Den \u00e4r mjuk, rund och gener\u00f6st s\u00f6t i stilen \u2013 mer \u00e5t \u201cdessertrom\u201d-h\u00e5llet \u00e4n torr rom \u2013 och byggd f\u00f6r att vara l\u00e4tt att tycka om b\u00e5de ren och i enkla drinkar. I doften kommer bananen direkt, f\u00f6ljt av vanilj och ett tydligt str\u00e5k av kakao\/choklad. Smaken \u00e4r sammetslen och fyllig med banankola och karamell, mj\u00f6lkchoklad och en varm romk\u00e4rna som binder ihop allt och ger l\u00e4ngd. Avslutet \u00e4r l\u00e5ngt och mjukt med kvarh\u00e4ngande banan, choklad och en l\u00e4tt kryddig v\u00e4rme.<\/p>\n<p data-start=\"589\" data-end=\"897\" data-is-last-node=\"\" data-is-only-node=\"\">Servera den g\u00e4rna v\u00e4l kyld eller \u00f6ver en stor isbit som avec, eller anv\u00e4nd den som snabb genv\u00e4g till tropiska drinkar: toppa med ginger beer och lime f\u00f6r en fr\u00e4sch highball, blanda med kaffe (varmt eller iced) f\u00f6r en dessertig twist, eller kombinera med ananasjuice f\u00f6r en riktigt semesterdoftande longdrink.<\/p>\n","protected":false},"excerpt":{"rendered":"<p>Banana Rum-Based Liqueur<\/p>\n","protected":false},"featured_media":117707,"template":"","meta":{"_acf_changed":false,"rs_blank_template":"","rs_page_bg_color":"","slide_template_v7":""},"product_brand":[],"product_cat":[2387,2391,4639],"product_tag":[],"class_list":{"0":"post-117704","1":"product","2":"type-product","3":"status-publish","4":"has-post-thumbnail","6":"product_cat-avec-sv","7":"product_cat-rom-sv","8":"product_cat-romliqueur-sv","9":"pa_land-dominikanska-republiken","10":"pa_procent-40-sv-2","11":"pa_volume-70-sv-2","13":"first","14":"instock","15":"sale","16":"featured","17":"taxable","18":"shipping-taxable","19":"purchasable","20":"product-type-simple"},"bundled_by":[],"bundle_stock_status":"instock","bundle_stock_quantity":null,"bundle_virtual":false,"bundle_layout":"","bundle_add_to_cart_form_location":"","bundle_editable_in_cart":false,"bundle_sold_individually_context":"","bundle_item_grouping":"","bundle_min_size":"","bundle_max_size":"","bundle_price":[],"bundled_items":[],"bundle_sell_ids":[],"acf":[],"_links":{"self":[{"href":"https:\/\/www.raschvin.com\/sv\/wp-json\/wp\/v2\/product\/117704","targetHints":{"allow":["GET"]}}],"collection":[{"href":"https:\/\/www.raschvin.com\/sv\/wp-json\/wp\/v2\/product"}],"about":[{"href":"https:\/\/www.raschvin.com\/sv\/wp-json\/wp\/v2\/types\/product"}],"wp:featuredmedia":[{"embeddable":true,"href":"https:\/\/www.raschvin.com\/sv\/wp-json\/wp\/v2\/media\/117707"}],"wp:attachment":[{"href":"https:\/\/www.raschvin.com\/sv\/wp-json\/wp\/v2\/media?parent=117704"}],"wp:term":[{"taxonomy":"product_brand","embeddable":true,"href":"https:\/\/www.raschvin.com\/sv\/wp-json\/wp\/v2\/product_brand?post=117704"},{"taxonomy":"product_cat","embeddable":true,"href":"https:\/\/www.raschvin.com\/sv\/wp-json\/wp\/v2\/product_cat?post=117704"},{"taxonomy":"product_tag","embeddable":true,"href":"https:\/\/www.raschvin.com\/sv\/wp-json\/wp\/v2\/product_tag?post=117704"}],"curies":[{"name":"wp","href":"https:\/\/api.w.org\/{rel}","templated":true}]}}