{"id":117665,"date":"2026-03-03T15:33:34","date_gmt":"2026-03-03T14:33:34","guid":{"rendered":"https:\/\/www.raschvin.com\/?post_type=product&#038;p=117665"},"modified":"2026-03-03T15:43:58","modified_gmt":"2026-03-03T14:43:58","slug":"the-glenallachie-sinteis-part-2-virgin-oak-oloroso-2015-70-cl-582-kopier-2","status":"publish","type":"product","link":"https:\/\/www.raschvin.com\/sv\/produkt\/the-glenallachie-sinteis-part-2-virgin-oak-oloroso-2015-70-cl-582-kopier-2\/","title":{"rendered":"The Glenallachie Sinteis Part 3 French Virgin Oak &#038; Oloroso Cask Matured 2014 70 cl. 57,4%"},"content":{"rendered":"<p data-start=\"104\" data-end=\"620\"><strong data-start=\"104\" data-end=\"139\">The GlenAllachie Sinteis Part 3<\/strong> \u00e4r en kraftfull Speyside single malt i destilleriets \u201cSinteis\u201d-serie (gaeliska f\u00f6r <strong data-start=\"223\" data-end=\"238\">\u201dsynthesis\u201d<\/strong>), d\u00e4r id\u00e9n \u00e4r att <strong data-start=\"257\" data-end=\"298\">sammanf\u00f6ra tv\u00e5 tydligt olika fattyper<\/strong> och l\u00e5ta kontrasten skapa ett nytt, mer komplext helhetsuttryck. I Part 3 kombineras whisky som mognat p\u00e5 <strong data-start=\"405\" data-end=\"426\">fransk virgin oak<\/strong> (ny ek) med whisky som mognat p\u00e5 <strong data-start=\"460\" data-end=\"481\">Oloroso sherryfat<\/strong>. Resultatet \u00e4r en dram med b\u00e5de <strong data-start=\"514\" data-end=\"557\">kryddig struktur och djup sherryrikedom<\/strong>, buteljerad vid <strong data-start=\"574\" data-end=\"591\">h\u00f6g fatstyrka<\/strong> f\u00f6r maximal arom och textur.<\/p>\n<h3 data-start=\"622\" data-end=\"670\">Ursprung, producent och \u201cvem som st\u00e5r bakom\u201d<\/h3>\n<ul data-start=\"671\" data-end=\"1197\">\n<li data-start=\"671\" data-end=\"708\">\n<p data-start=\"673\" data-end=\"708\"><strong data-start=\"673\" data-end=\"686\">Ursprung:<\/strong> Speyside, Skottland<\/p>\n<\/li>\n<li data-start=\"709\" data-end=\"755\">\n<p data-start=\"711\" data-end=\"755\"><strong data-start=\"711\" data-end=\"725\">Producent:<\/strong> The GlenAllachie Distillery<\/p>\n<\/li>\n<li data-start=\"756\" data-end=\"916\">\n<p data-start=\"758\" data-end=\"916\"><strong data-start=\"758\" data-end=\"778\">Ansvarig profil:<\/strong> Destilleriet \u00e4r starkt f\u00f6rknippat med master blender <strong data-start=\"832\" data-end=\"848\">Billy Walker<\/strong>, k\u00e4nd f\u00f6r ett tydligt fokus p\u00e5 fatstrategi och \u201ccask management\u201d.<\/p>\n<\/li>\n<li data-start=\"917\" data-end=\"1022\">\n<p data-start=\"919\" data-end=\"1022\"><strong data-start=\"919\" data-end=\"931\">Vintage:<\/strong> 2014 (destillerad 2014 och d\u00e4refter lagrad\/mognad i utvalda fatkombinationer f\u00f6r serien)<\/p>\n<\/li>\n<li data-start=\"1023\" data-end=\"1197\">\n<p data-start=\"1025\" data-end=\"1197\"><strong data-start=\"1025\" data-end=\"1043\">Styrka &amp; stil:<\/strong> <strong data-start=\"1044\" data-end=\"1053\">57,4%<\/strong>, <strong data-start=\"1055\" data-end=\"1072\">cask strength<\/strong>, vanligtvis presenterad i serien med <strong data-start=\"1110\" data-end=\"1127\">naturlig f\u00e4rg<\/strong> och <strong data-start=\"1132\" data-end=\"1154\">utan kylfiltrering<\/strong>f\u00f6r att beh\u00e5lla oljor, fyllighet och arom.<\/p>\n<\/li>\n<\/ul>\n<h3 data-start=\"1199\" data-end=\"1270\">Vad betyder \u201cFrench Virgin Oak &amp; Oloroso Cask Matured\u201d i praktiken?<\/h3>\n<p data-start=\"1271\" data-end=\"1340\">Det h\u00e4r \u00e4r k\u00e4rnan i flaskan \u2013 tv\u00e5 tr\u00e4profiler som drar \u00e5t olika h\u00e5ll:<\/p>\n<p data-start=\"1342\" data-end=\"1423\"><strong data-start=\"1342\" data-end=\"1381\">1) Fransk virgin oak (ny fransk ek)<\/strong><br data-start=\"1381\" data-end=\"1384\" \/>Ny ek ger snabbt och tydligt avtryck:<\/p>\n<ul data-start=\"1424\" data-end=\"1599\">\n<li data-start=\"1424\" data-end=\"1476\">\n<p data-start=\"1426\" data-end=\"1476\">mer <strong data-start=\"1430\" data-end=\"1444\">kryddighet<\/strong> (t.ex. muskot, kanel, peppar)<\/p>\n<\/li>\n<li data-start=\"1477\" data-end=\"1529\">\n<p data-start=\"1479\" data-end=\"1529\">mer <strong data-start=\"1483\" data-end=\"1500\">rostade toner<\/strong> (kaffe, kakao, rostad n\u00f6t)<\/p>\n<\/li>\n<li data-start=\"1530\" data-end=\"1599\">\n<p data-start=\"1532\" data-end=\"1599\">mer <strong data-start=\"1536\" data-end=\"1554\">struktur\/grepp<\/strong> i munnen (tanniner och \u201ctorrare\u201d ekk\u00e4nsla)<\/p>\n<\/li>\n<\/ul>\n<p data-start=\"1601\" data-end=\"1663\"><strong data-start=\"1601\" data-end=\"1625\">2) Oloroso sherryfat<\/strong><br data-start=\"1625\" data-end=\"1628\" \/>Oloroso ger klassiskt sherrydjup:<\/p>\n<ul data-start=\"1664\" data-end=\"1813\">\n<li data-start=\"1664\" data-end=\"1708\">\n<p data-start=\"1666\" data-end=\"1708\"><strong data-start=\"1666\" data-end=\"1682\">torkad frukt<\/strong> (fikon, russin, dadlar)<\/p>\n<\/li>\n<li data-start=\"1709\" data-end=\"1742\">\n<p data-start=\"1711\" data-end=\"1742\"><strong data-start=\"1711\" data-end=\"1725\">m\u00f6rk s\u00f6tma<\/strong> (melass, kola)<\/p>\n<\/li>\n<li data-start=\"1743\" data-end=\"1775\">\n<p data-start=\"1745\" data-end=\"1775\"><strong data-start=\"1745\" data-end=\"1757\">n\u00f6tighet<\/strong> och varm krydda<\/p>\n<\/li>\n<li data-start=\"1776\" data-end=\"1813\">\n<p data-start=\"1778\" data-end=\"1813\">en k\u00e4nsla av \u201cm\u00f6rk, rund rikedom\u201d<\/p>\n<\/li>\n<\/ul>\n<p data-start=\"1815\" data-end=\"1986\">N\u00e4r de h\u00e4r tv\u00e5 m\u00f6ts f\u00e5r du ofta en profil som k\u00e4nns <strong data-start=\"1867\" data-end=\"1911\">m\u00f6rkare, kryddigare och mer gastronomisk<\/strong> \u00e4n en renodlad sherrywhisky \u2013 men \u00e4nd\u00e5 med den igenk\u00e4nnbara sherrytyngden.<\/p>\n<hr data-start=\"1988\" data-end=\"1991\" \/>\n<h2 data-start=\"1993\" data-end=\"2006\">Smakprofil<\/h2>\n<p data-start=\"2007\" data-end=\"2135\">Det h\u00e4r \u00e4r en whisky som tydligt lutar \u00e5t <strong data-start=\"2049\" data-end=\"2089\">m\u00f6rk dessert, rostat och sherryfrukt<\/strong>, men med en frisk citrusblink som l\u00e4ttar upp.<\/p>\n<h3 data-start=\"2137\" data-end=\"2145\">Doft<\/h3>\n<ul data-start=\"2146\" data-end=\"2396\">\n<li data-start=\"2146\" data-end=\"2195\">\n<p data-start=\"2148\" data-end=\"2195\"><strong data-start=\"2148\" data-end=\"2178\">apelsinzest och citrusolja<\/strong> som \u00f6ppnar upp<\/p>\n<\/li>\n<li data-start=\"2196\" data-end=\"2244\">\n<p data-start=\"2198\" data-end=\"2244\"><strong data-start=\"2198\" data-end=\"2242\">m\u00f6rk choklad, kakao och rostad kaffe-ton<\/strong><\/p>\n<\/li>\n<li data-start=\"2245\" data-end=\"2281\">\n<p data-start=\"2247\" data-end=\"2281\"><strong data-start=\"2247\" data-end=\"2279\">muskot och varma bak-kryddor<\/strong><\/p>\n<\/li>\n<li data-start=\"2282\" data-end=\"2347\">\n<p data-start=\"2284\" data-end=\"2347\"><strong data-start=\"2284\" data-end=\"2300\">torkad frukt<\/strong> (fikon\/russin) och ibland en <strong data-start=\"2330\" data-end=\"2345\">k\u00f6rsb\u00e4rston<\/strong><\/p>\n<\/li>\n<li data-start=\"2348\" data-end=\"2396\">\n<p data-start=\"2350\" data-end=\"2396\">ekv\u00e4rme som k\u00e4nns mer \u201ckryddig\u201d \u00e4n \u201cvaniljs\u00f6t\u201d<\/p>\n<\/li>\n<\/ul>\n<h3 data-start=\"2398\" data-end=\"2406\">Smak<\/h3>\n<ul data-start=\"2407\" data-end=\"2687\">\n<li data-start=\"2407\" data-end=\"2451\">\n<p data-start=\"2409\" data-end=\"2451\">fyllig, t\u00e4t och oljig (fatstyrkan m\u00e4rks)<\/p>\n<\/li>\n<li data-start=\"2452\" data-end=\"2498\">\n<p data-start=\"2454\" data-end=\"2498\"><strong data-start=\"2454\" data-end=\"2475\">kola\/butterscotch<\/strong>, <strong data-start=\"2477\" data-end=\"2496\">kanderad citrus<\/strong><\/p>\n<\/li>\n<li data-start=\"2499\" data-end=\"2545\">\n<p data-start=\"2501\" data-end=\"2545\"><strong data-start=\"2501\" data-end=\"2514\">m\u00f6rka b\u00e4r<\/strong> och <strong data-start=\"2519\" data-end=\"2536\">fikonmarmelad<\/strong>-k\u00e4nsla<\/p>\n<\/li>\n<li data-start=\"2546\" data-end=\"2584\">\n<p data-start=\"2548\" data-end=\"2584\"><strong data-start=\"2548\" data-end=\"2582\">choklad, espresso\/rostat kaffe<\/strong><\/p>\n<\/li>\n<li data-start=\"2585\" data-end=\"2635\">\n<p data-start=\"2587\" data-end=\"2635\">kryddig ek: <strong data-start=\"2599\" data-end=\"2616\">muskot, kanel<\/strong>, l\u00e4tt pepprighet<\/p>\n<\/li>\n<li data-start=\"2636\" data-end=\"2687\">\n<p data-start=\"2638\" data-end=\"2687\">sherryinslag som ger <strong data-start=\"2659\" data-end=\"2687\">djup, n\u00f6tighet och l\u00e4ngd<\/strong><\/p>\n<\/li>\n<\/ul>\n<h3 data-start=\"2689\" data-end=\"2699\">Avslut<\/h3>\n<ul data-start=\"2700\" data-end=\"2867\">\n<li data-start=\"2700\" data-end=\"2753\">\n<p data-start=\"2702\" data-end=\"2753\">l\u00e5ng, v\u00e4rmande och tydligt <strong data-start=\"2729\" data-end=\"2744\">kakao\/kaffe<\/strong>-driven<\/p>\n<\/li>\n<li data-start=\"2754\" data-end=\"2819\">\n<p data-start=\"2756\" data-end=\"2819\">kvarh\u00e4ngande <strong data-start=\"2769\" data-end=\"2780\">kryddor<\/strong>, <strong data-start=\"2782\" data-end=\"2796\">m\u00f6rk frukt<\/strong> och <strong data-start=\"2801\" data-end=\"2817\">torr ekv\u00e4rme<\/strong><\/p>\n<\/li>\n<li data-start=\"2820\" data-end=\"2867\">\n<p data-start=\"2822\" data-end=\"2867\">en finish som k\u00e4nns \u201cvuxen\u201d och inte bara s\u00f6t<\/p>\n<\/li>\n<\/ul>\n","protected":false},"excerpt":{"rendered":"<p>Speyside Single Malt Scotch Whisky<\/p>\n","protected":false},"featured_media":117686,"template":"","meta":{"_acf_changed":false,"rs_blank_template":"","rs_page_bg_color":"","slide_template_v7":""},"product_brand":[],"product_cat":[2387,4651,2392],"product_tag":[],"class_list":{"0":"post-117665","1":"product","2":"type-product","3":"status-publish","4":"has-post-thumbnail","6":"product_cat-avec-sv","7":"product_cat-single-malt-sv","8":"product_cat-whisky-sv","9":"pa_land-skottland","10":"pa_procent-58-2-sv","11":"pa_producent-the-glenallachie-sv","12":"pa_region-speyside-sv","13":"pa_traefad-oloroso-sv","14":"pa_traefad-virgin-oak-sv","15":"pa_vintage-2014-sv","16":"pa_volume-70-sv-2","18":"first","19":"instock","20":"sale","21":"featured","22":"taxable","23":"shipping-taxable","24":"purchasable","25":"product-type-simple"},"bundled_by":[],"bundle_stock_status":"instock","bundle_stock_quantity":null,"bundle_virtual":false,"bundle_layout":"","bundle_add_to_cart_form_location":"","bundle_editable_in_cart":false,"bundle_sold_individually_context":"","bundle_item_grouping":"","bundle_min_size":"","bundle_max_size":"","bundle_price":[],"bundled_items":[],"bundle_sell_ids":[],"acf":[],"_links":{"self":[{"href":"https:\/\/www.raschvin.com\/sv\/wp-json\/wp\/v2\/product\/117665","targetHints":{"allow":["GET"]}}],"collection":[{"href":"https:\/\/www.raschvin.com\/sv\/wp-json\/wp\/v2\/product"}],"about":[{"href":"https:\/\/www.raschvin.com\/sv\/wp-json\/wp\/v2\/types\/product"}],"wp:featuredmedia":[{"embeddable":true,"href":"https:\/\/www.raschvin.com\/sv\/wp-json\/wp\/v2\/media\/117686"}],"wp:attachment":[{"href":"https:\/\/www.raschvin.com\/sv\/wp-json\/wp\/v2\/media?parent=117665"}],"wp:term":[{"taxonomy":"product_brand","embeddable":true,"href":"https:\/\/www.raschvin.com\/sv\/wp-json\/wp\/v2\/product_brand?post=117665"},{"taxonomy":"product_cat","embeddable":true,"href":"https:\/\/www.raschvin.com\/sv\/wp-json\/wp\/v2\/product_cat?post=117665"},{"taxonomy":"product_tag","embeddable":true,"href":"https:\/\/www.raschvin.com\/sv\/wp-json\/wp\/v2\/product_tag?post=117665"}],"curies":[{"name":"wp","href":"https:\/\/api.w.org\/{rel}","templated":true}]}}