{"id":117631,"date":"2026-03-03T13:05:54","date_gmt":"2026-03-03T12:05:54","guid":{"rendered":"https:\/\/www.raschvin.com\/?post_type=product&#038;p=117631"},"modified":"2026-03-03T13:38:51","modified_gmt":"2026-03-03T12:38:51","slug":"italienska-vardagsfavoriter-vinpaket-3x75-cl-1x-critera-primitivo-1x-luna-argenta-negroamaro-1x-ricossa-appassimento-kopier","status":"publish","type":"product","link":"https:\/\/www.raschvin.com\/sv\/produkt\/italienska-vardagsfavoriter-vinpaket-3x75-cl-1x-critera-primitivo-1x-luna-argenta-negroamaro-1x-ricossa-appassimento-kopier\/","title":{"rendered":"Italienska Vardagsfavoriter \u2013 Vinpaket 6&#215;75 cl. (1x Crit\u00e8ra + 1x Armentino + 1x Passi Reali Rosso + 1x Antica Corte Ripasso + 1x Coste Di Moro + 1x Bontadini Toscana Rosso)"},"content":{"rendered":"<p data-start=\"0\" data-end=\"349\">Ett m\u00e5ngsidigt \u201cgo-to\u201d-paket f\u00f6r vardagen n\u00e4r det vankas <strong data-start=\"112\" data-end=\"149\">pasta, pizza, grill eller l\u00e5ngkok<\/strong> \u2013 eller n\u00e4r du bara vill ha ett riktigt gott glas r\u00f6tt utan kr\u00e5ngel. H\u00e4r f\u00e5r du sex olika stilar, fr\u00e5n saftigt och fruktigt till mer kryddigt och fylligt, s\u00e5 att du alltid har r\u00e4tt flaska till maten.<\/p>\n<h2 data-start=\"351\" data-end=\"392\">Paketet inneh\u00e5ller (fullst\u00e4ndiga namn)<\/h2>\n<ul data-start=\"393\" data-end=\"710\">\n<li data-start=\"393\" data-end=\"446\">\n<p data-start=\"395\" data-end=\"446\"><strong data-start=\"395\" data-end=\"444\">Schola Sarmenti Crit\u00e8ra Primitivo Salento IGT<\/strong><\/p>\n<\/li>\n<li data-start=\"447\" data-end=\"492\">\n<p data-start=\"449\" data-end=\"492\"><strong data-start=\"449\" data-end=\"490\">Schola Sarmenti Armentino Salento IGT<\/strong><\/p>\n<\/li>\n<li data-start=\"493\" data-end=\"551\">\n<p data-start=\"495\" data-end=\"551\"><strong data-start=\"495\" data-end=\"549\">Passi Reali Rosso da Uve in Appassimento (Organic)<\/strong><\/p>\n<\/li>\n<li data-start=\"552\" data-end=\"616\">\n<p data-start=\"554\" data-end=\"616\"><strong data-start=\"554\" data-end=\"614\">Antica Corte Valpolicella Ripasso Classico Superiore DOC<\/strong><\/p>\n<\/li>\n<li data-start=\"617\" data-end=\"676\">\n<p data-start=\"619\" data-end=\"676\"><strong data-start=\"619\" data-end=\"674\">Lunaria \u201cCoste di Moro\u201d Montepulciano d\u2019Abruzzo DOC<\/strong><\/p>\n<\/li>\n<li data-start=\"677\" data-end=\"710\">\n<p data-start=\"679\" data-end=\"710\"><strong data-start=\"679\" data-end=\"710\">Bontadini Toscana Rosso IGP<\/strong><\/p>\n<\/li>\n<\/ul>\n<h2 data-start=\"712\" data-end=\"752\">Smak &amp; matmatch \u2013 kort och anv\u00e4ndbart<\/h2>\n<p data-start=\"753\" data-end=\"932\"><strong data-start=\"753\" data-end=\"784\">Crit\u00e8ra Primitivo (Salento)<\/strong><br data-start=\"784\" data-end=\"787\" \/>Saftigt och fylligt med mogna m\u00f6rka b\u00e4r och plommon, mjuk v\u00e4rme och l\u00e4tt kryddighet. Perfekt till pepperonipizza, pasta med tomats\u00e5s och grillat.<\/p>\n<p data-start=\"934\" data-end=\"1108\"><strong data-start=\"934\" data-end=\"957\">Armentino (Salento)<\/strong><br data-start=\"957\" data-end=\"960\" \/>Rikt och karakt\u00e4rsfullt med m\u00f6rk frukt, kryddighet och en rund, matv\u00e4nlig struktur. Grymt till lasagne, k\u00f6ttbullar, rag\u00f9 och kryddigare pastar\u00e4tter.<\/p>\n<p data-start=\"1110\" data-end=\"1335\"><strong data-start=\"1110\" data-end=\"1157\">Passi Reali Rosso Appassimento (Ekologiskt)<\/strong><br data-start=\"1157\" data-end=\"1160\" \/>Koncentrerat och sammetslent med djup frukt och en rund, l\u00e4tt s\u00f6tfruktig k\u00e4nsla typisk f\u00f6r appassimento-stilen. Suver\u00e4nt till grat\u00e4nger, mustiga s\u00e5ser och riktig comfort food.<\/p>\n<p data-start=\"1337\" data-end=\"1533\"><strong data-start=\"1337\" data-end=\"1376\">Antica Corte Ripasso (Valpolicella)<\/strong><br data-start=\"1376\" data-end=\"1379\" \/>Fylligt men elegant med k\u00f6rsb\u00e4rsfrukt, en touch av torkad frukt, kryddighet och fin struktur. Klockrent till svamp, l\u00e5ngkok, lagrade ostar och rika s\u00e5ser.<\/p>\n<p data-start=\"1535\" data-end=\"1740\"><strong data-start=\"1535\" data-end=\"1586\">Lunaria \u201cCoste di Moro\u201d Montepulciano d\u2019Abruzzo<\/strong><br data-start=\"1586\" data-end=\"1589\" \/>Intensiv m\u00f6rk frukt (svarta k\u00f6rsb\u00e4r\/bj\u00f6rnb\u00e4r) med kryddig kant och en frisk, rustik nerv. Perfekt till pizza, chark och pastar\u00e4tter med djupare smaker.<\/p>\n<p data-start=\"1742\" data-end=\"1925\"><strong data-start=\"1742\" data-end=\"1769\">Bontadini Toscana Rosso<\/strong><br data-start=\"1769\" data-end=\"1772\" \/>Medelfylligt, friskt och klassiskt italienskt med k\u00f6rsb\u00e4r, torkade \u00f6rter och ren avslutning. En perfekt \u201chusvin\u201d-flaska till pasta, pizza och vardagsmat.<\/p>\n<p data-start=\"1927\" data-end=\"2051\" data-is-last-node=\"\" data-is-only-node=\"\"><strong data-start=\"1927\" data-end=\"1946\">Serveringstips:<\/strong> Servera g\u00e4rna l\u00e4tt kylt (ca <strong data-start=\"1975\" data-end=\"1987\">16\u201318 \u00b0C<\/strong>) f\u00f6r extra fr\u00e4sch\u00f6r och balans \u2013 s\u00e4rskilt till pizza och pasta.<\/p>\n","protected":false},"excerpt":{"rendered":"<p>Ett m\u00e5ngsidigt \u201cgo-to\u201d-paket f\u00f6r vardagen n\u00e4r det vankas pasta, pizza, grill eller l\u00e5ngkok \u2013 eller n\u00e4r du bara vill ha ett riktigt gott glas r\u00f6tt utan kr\u00e5ngel. H\u00e4r f\u00e5r du&#8230;<\/p>\n","protected":false},"featured_media":117635,"template":"","meta":{"_acf_changed":false,"rs_blank_template":"","rs_page_bg_color":"","slide_template_v7":""},"product_brand":[],"product_cat":[8960,4401],"product_tag":[],"class_list":{"0":"post-117631","1":"product","2":"type-product","3":"status-publish","4":"has-post-thumbnail","6":"product_cat-smaklada-rodvin","7":"product_cat-smaka-laador","8":"pa_land-italien-sv","9":"pa_producent-orsogna-sv","10":"pa_producent-schola-sarmenti-sv","11":"pa_producent-bontadini-sv","12":"pa_producent-passione-natura-sv","13":"pa_volume-450-sv","15":"first","16":"instock","17":"sale","18":"virtual","19":"taxable","20":"purchasable","21":"product-type-bundle"},"bundled_by":[],"bundle_stock_status":"instock","bundle_stock_quantity":"","bundle_virtual":false,"bundle_layout":"tabular","bundle_add_to_cart_form_location":"default","bundle_editable_in_cart":false,"bundle_sold_individually_context":"product","bundle_item_grouping":"noindent","bundle_min_size":"","bundle_max_size":"","bundle_price":{"price":{"min":{"incl_tax":"599","excl_tax":"479.2"},"max":{"incl_tax":"599","excl_tax":"479.2"}},"regular_price":{"min":{"incl_tax":"699","excl_tax":"559.2"},"max":{"incl_tax":"699","excl_tax":"559.2"}}},"bundled_items":[{"bundled_item_id":892,"product_id":21615,"menu_order":0,"quantity_min":1,"quantity_max":1,"quantity_default":1,"priced_individually":false,"shipped_individually":false,"override_title":false,"title":"Schola Sarmenti &#8211; Crit\u00e8ra Primitivo 75 cl.","override_description":false,"description":"Schola Sarmenti &#8211; Crit\u00e8ra Primitivo 75 cl.","optional":false,"hide_thumbnail":false,"discount":"","override_variations":false,"allowed_variations":[""],"override_default_variation_attributes":false,"default_variation_attributes":[],"single_product_visibility":"visible","cart_visibility":"visible","order_visibility":"visible","single_product_price_visibility":"visible","cart_price_visibility":"visible","order_price_visibility":"visible","stock_status":"in_stock"},{"bundled_item_id":893,"product_id":21618,"menu_order":1,"quantity_min":1,"quantity_max":1,"quantity_default":1,"priced_individually":false,"shipped_individually":false,"override_title":false,"title":"Schola Sarmenti &#8211; Armentino Primitivo-Negroamaro Salento IGT 75 cl.","override_description":false,"description":"Schola Sarmenti &#8211; Armentino Primitivo-Negroamaro Salento IGT 75 cl.","optional":false,"hide_thumbnail":false,"discount":"","override_variations":false,"allowed_variations":[""],"override_default_variation_attributes":false,"default_variation_attributes":[],"single_product_visibility":"visible","cart_visibility":"visible","order_visibility":"visible","single_product_price_visibility":"visible","cart_price_visibility":"visible","order_price_visibility":"visible","stock_status":"in_stock"},{"bundled_item_id":894,"product_id":55672,"menu_order":2,"quantity_min":1,"quantity_max":1,"quantity_default":1,"priced_individually":false,"shipped_individually":false,"override_title":false,"title":"Passi Reali Rosso Appassimento (ECO) 75 cl.","override_description":false,"description":"Passi Reali Rosso Appassimento (ECO) 75 cl.","optional":false,"hide_thumbnail":false,"discount":"","override_variations":false,"allowed_variations":[""],"override_default_variation_attributes":false,"default_variation_attributes":[],"single_product_visibility":"visible","cart_visibility":"visible","order_visibility":"visible","single_product_price_visibility":"visible","cart_price_visibility":"visible","order_price_visibility":"visible","stock_status":"in_stock"},{"bundled_item_id":895,"product_id":38650,"menu_order":3,"quantity_min":1,"quantity_max":1,"quantity_default":1,"priced_individually":false,"shipped_individually":false,"override_title":false,"title":"Bontadini Toscana Rosso IGP 75 cl.","override_description":false,"description":"Bontadini Toscana Rosso IGP 75 cl.","optional":false,"hide_thumbnail":false,"discount":"","override_variations":false,"allowed_variations":[""],"override_default_variation_attributes":false,"default_variation_attributes":[],"single_product_visibility":"visible","cart_visibility":"visible","order_visibility":"visible","single_product_price_visibility":"visible","cart_price_visibility":"visible","order_price_visibility":"visible","stock_status":"in_stock"},{"bundled_item_id":896,"product_id":32297,"menu_order":4,"quantity_min":1,"quantity_max":1,"quantity_default":1,"priced_individually":false,"shipped_individually":false,"override_title":false,"title":"Antica Corte Valpolicella Ripasso 2022 75 cl.","override_description":false,"description":"Antica Corte Valpolicella Ripasso 2022 75 cl.","optional":false,"hide_thumbnail":false,"discount":"","override_variations":false,"allowed_variations":[""],"override_default_variation_attributes":false,"default_variation_attributes":[],"single_product_visibility":"visible","cart_visibility":"visible","order_visibility":"visible","single_product_price_visibility":"visible","cart_price_visibility":"visible","order_price_visibility":"visible","stock_status":"in_stock"},{"bundled_item_id":897,"product_id":37443,"menu_order":5,"quantity_min":1,"quantity_max":1,"quantity_default":1,"priced_individually":false,"shipped_individually":false,"override_title":false,"title":"Coste Di Moro Montepulciano d\u2019Abruzzo (BIO) 75 cl.","override_description":false,"description":"Coste Di Moro Montepulciano d\u2019Abruzzo (BIO) 75 cl.","optional":false,"hide_thumbnail":false,"discount":"","override_variations":false,"allowed_variations":[""],"override_default_variation_attributes":false,"default_variation_attributes":[],"single_product_visibility":"visible","cart_visibility":"visible","order_visibility":"visible","single_product_price_visibility":"visible","cart_price_visibility":"visible","order_price_visibility":"visible","stock_status":"in_stock"}],"bundle_sell_ids":[],"acf":[],"_links":{"self":[{"href":"https:\/\/www.raschvin.com\/sv\/wp-json\/wp\/v2\/product\/117631","targetHints":{"allow":["GET"]}}],"collection":[{"href":"https:\/\/www.raschvin.com\/sv\/wp-json\/wp\/v2\/product"}],"about":[{"href":"https:\/\/www.raschvin.com\/sv\/wp-json\/wp\/v2\/types\/product"}],"wp:featuredmedia":[{"embeddable":true,"href":"https:\/\/www.raschvin.com\/sv\/wp-json\/wp\/v2\/media\/117635"}],"wp:attachment":[{"href":"https:\/\/www.raschvin.com\/sv\/wp-json\/wp\/v2\/media?parent=117631"}],"wp:term":[{"taxonomy":"product_brand","embeddable":true,"href":"https:\/\/www.raschvin.com\/sv\/wp-json\/wp\/v2\/product_brand?post=117631"},{"taxonomy":"product_cat","embeddable":true,"href":"https:\/\/www.raschvin.com\/sv\/wp-json\/wp\/v2\/product_cat?post=117631"},{"taxonomy":"product_tag","embeddable":true,"href":"https:\/\/www.raschvin.com\/sv\/wp-json\/wp\/v2\/product_tag?post=117631"}],"curies":[{"name":"wp","href":"https:\/\/api.w.org\/{rel}","templated":true}]}}