{"id":117624,"date":"2026-03-03T12:19:19","date_gmt":"2026-03-03T11:19:19","guid":{"rendered":"https:\/\/www.raschvin.com\/?post_type=product&#038;p=117624"},"modified":"2026-03-03T12:56:42","modified_gmt":"2026-03-03T11:56:42","slug":"mescal-mule-cocktail-kit-1x70-cl-del-maguey-vida-san-luis-del-rio-mescal-4x50-cl-fentimans-ginger-beer-kopier","status":"publish","type":"product","link":"https:\/\/www.raschvin.com\/sv\/produkt\/mescal-mule-cocktail-kit-1x70-cl-del-maguey-vida-san-luis-del-rio-mescal-4x50-cl-fentimans-ginger-beer-kopier\/","title":{"rendered":"Italienska Vardagsfavoriter \u2013 Vinpaket 3&#215;75 cl. (1x Crit\u00e8ra Primitivo + 1x Luna Argenta Negroamaro + 1x Ricossa Appassimento)"},"content":{"rendered":"<p data-start=\"1238\" data-end=\"1540\">Ett l\u00e4tt\u00e4lskat och l\u00e4ttdrucket paket med tre s\u00e4kra italienska r\u00f6dvinsfavoriter\u2014perfekt till <strong data-start=\"1383\" data-end=\"1406\">pasta, pizza, grill<\/strong> och avslappnade kv\u00e4llar. H\u00e4r f\u00e5r du gener\u00f6s frukt, mjuka tanniner och den varma italienska stilen som g\u00f6r vinerna enkla att tycka om.<\/p>\n<h4 data-start=\"1542\" data-end=\"1565\">Paketet inneh\u00e5ller<\/h4>\n<ul data-start=\"1566\" data-end=\"1665\">\n<li data-start=\"1566\" data-end=\"1596\">\n<p data-start=\"1568\" data-end=\"1596\">1 fl <strong data-start=\"1573\" data-end=\"1594\">Crit\u00e8ra Primitivo<\/strong><\/p>\n<\/li>\n<li data-start=\"1597\" data-end=\"1633\">\n<p data-start=\"1599\" data-end=\"1633\">1 fl <strong data-start=\"1604\" data-end=\"1631\">Luna Argenta Negroamaro<\/strong><\/p>\n<\/li>\n<li data-start=\"1634\" data-end=\"1665\">\n<p data-start=\"1636\" data-end=\"1665\">1 fl <strong data-start=\"1641\" data-end=\"1665\">Ricossa Appassimento<\/strong><\/p>\n<\/li>\n<\/ul>\n<h4 data-start=\"1667\" data-end=\"1687\">Smak &amp; matmatch<\/h4>\n<p data-start=\"1688\" data-end=\"1854\"><strong data-start=\"1688\" data-end=\"1709\">Crit\u00e8ra Primitivo<\/strong><br data-start=\"1709\" data-end=\"1712\" \/>Fylligt och fruktigt med m\u00f6rka b\u00e4r, plommon och en l\u00e4tt kryddig ton. Grymt till pepperonipizza, pastar\u00e4tter med tomats\u00e5s, grillat och burgare.<\/p>\n<p data-start=\"1856\" data-end=\"2040\"><strong data-start=\"1856\" data-end=\"1883\">Luna Argenta Negroamaro<\/strong><br data-start=\"1883\" data-end=\"1886\" \/>Mjuk och rund med m\u00f6rk frukt, subtil kryddighet och en torr, ren avslutning. Passar perfekt till pastas\u00e5ser, lasagne, k\u00f6ttbullar, chark och lagrade ostar.<\/p>\n<p data-start=\"2042\" data-end=\"2286\"><strong data-start=\"2042\" data-end=\"2066\">Ricossa Appassimento<\/strong><br data-start=\"2066\" data-end=\"2069\" \/>Silkeslent och intensivt med djup frukt och en rund, l\u00e4tt s\u00f6tfruktig k\u00e4nsla som \u00e4r typisk f\u00f6r appassimento-stilen. Suver\u00e4nt till mustigare r\u00e4tter, grat\u00e4nger, \u201cextra allt\u201d-pizza\u2014eller bara som ett riktigt gott soffvin.<\/p>\n<p data-start=\"2288\" data-end=\"2376\" data-is-last-node=\"\" data-is-only-node=\"\"><strong data-start=\"2288\" data-end=\"2307\">Serveringstips:<\/strong> Servera g\u00e4rna l\u00e4tt kylt (ca 16\u201318 \u00b0C) f\u00f6r extra fr\u00e4sch\u00f6r och balans.<\/p>\n","protected":false},"excerpt":{"rendered":"<p>Ett l\u00e4tt\u00e4lskat och l\u00e4ttdrucket paket med tre s\u00e4kra italienska r\u00f6dvinsfavoriter\u2014perfekt till pasta, pizza, grill och avslappnade kv\u00e4llar. H\u00e4r f\u00e5r du gener\u00f6s frukt, mjuka tanniner och den varma italienska stilen som&#8230;<\/p>\n","protected":false},"featured_media":117628,"template":"","meta":{"_acf_changed":false,"rs_blank_template":"","rs_page_bg_color":"","slide_template_v7":""},"product_brand":[],"product_cat":[8960,4401],"product_tag":[],"class_list":{"0":"post-117624","1":"product","2":"type-product","3":"status-publish","4":"has-post-thumbnail","6":"product_cat-smaklada-rodvin","7":"product_cat-smaka-laador","8":"pa_land-italien-sv","9":"pa_producent-luna-argenta-sv","10":"pa_producent-ricossa-sv","11":"pa_producent-schola-sarmenti-sv","12":"pa_volume-225-sv","14":"first","15":"instock","16":"sale","17":"virtual","18":"taxable","19":"purchasable","20":"product-type-bundle"},"bundled_by":[],"bundle_stock_status":"instock","bundle_stock_quantity":"","bundle_virtual":false,"bundle_layout":"tabular","bundle_add_to_cart_form_location":"default","bundle_editable_in_cart":false,"bundle_sold_individually_context":"product","bundle_item_grouping":"noindent","bundle_min_size":"","bundle_max_size":"","bundle_price":{"price":{"min":{"incl_tax":"279","excl_tax":"223.2"},"max":{"incl_tax":"279","excl_tax":"223.2"}},"regular_price":{"min":{"incl_tax":"339","excl_tax":"271.2"},"max":{"incl_tax":"339","excl_tax":"271.2"}}},"bundled_items":[{"bundled_item_id":868,"product_id":21615,"menu_order":0,"quantity_min":1,"quantity_max":1,"quantity_default":1,"priced_individually":false,"shipped_individually":false,"override_title":false,"title":"Schola Sarmenti &#8211; Crit\u00e8ra Primitivo 75 cl.","override_description":false,"description":"Schola Sarmenti &#8211; Crit\u00e8ra Primitivo 75 cl.","optional":false,"hide_thumbnail":false,"discount":"","override_variations":false,"allowed_variations":[""],"override_default_variation_attributes":false,"default_variation_attributes":[],"single_product_visibility":"visible","cart_visibility":"visible","order_visibility":"visible","single_product_price_visibility":"visible","cart_price_visibility":"visible","order_price_visibility":"visible","stock_status":"in_stock"},{"bundled_item_id":869,"product_id":27068,"menu_order":1,"quantity_min":1,"quantity_max":1,"quantity_default":1,"priced_individually":false,"shipped_individually":false,"override_title":false,"title":"Luna Argenta &#8211; Negroamaro-Primitivo Appassite 2023 75 cl.","override_description":false,"description":"Luna Argenta &#8211; Negroamaro-Primitivo Appassite 2023 75 cl.","optional":false,"hide_thumbnail":false,"discount":"","override_variations":false,"allowed_variations":[""],"override_default_variation_attributes":false,"default_variation_attributes":[],"single_product_visibility":"visible","cart_visibility":"visible","order_visibility":"visible","single_product_price_visibility":"visible","cart_price_visibility":"visible","order_price_visibility":"visible","stock_status":"in_stock"},{"bundled_item_id":870,"product_id":21530,"menu_order":2,"quantity_min":1,"quantity_max":1,"quantity_default":1,"priced_individually":false,"shipped_individually":false,"override_title":false,"title":"Ricossa &#8211; Piemonte Barbera Appassimento 75 cl.","override_description":false,"description":"Ricossa &#8211; Piemonte Barbera Appassimento 75 cl.","optional":false,"hide_thumbnail":false,"discount":"","override_variations":false,"allowed_variations":[""],"override_default_variation_attributes":false,"default_variation_attributes":[],"single_product_visibility":"visible","cart_visibility":"visible","order_visibility":"visible","single_product_price_visibility":"visible","cart_price_visibility":"visible","order_price_visibility":"visible","stock_status":"in_stock"}],"bundle_sell_ids":[],"acf":[],"_links":{"self":[{"href":"https:\/\/www.raschvin.com\/sv\/wp-json\/wp\/v2\/product\/117624","targetHints":{"allow":["GET"]}}],"collection":[{"href":"https:\/\/www.raschvin.com\/sv\/wp-json\/wp\/v2\/product"}],"about":[{"href":"https:\/\/www.raschvin.com\/sv\/wp-json\/wp\/v2\/types\/product"}],"wp:featuredmedia":[{"embeddable":true,"href":"https:\/\/www.raschvin.com\/sv\/wp-json\/wp\/v2\/media\/117628"}],"wp:attachment":[{"href":"https:\/\/www.raschvin.com\/sv\/wp-json\/wp\/v2\/media?parent=117624"}],"wp:term":[{"taxonomy":"product_brand","embeddable":true,"href":"https:\/\/www.raschvin.com\/sv\/wp-json\/wp\/v2\/product_brand?post=117624"},{"taxonomy":"product_cat","embeddable":true,"href":"https:\/\/www.raschvin.com\/sv\/wp-json\/wp\/v2\/product_cat?post=117624"},{"taxonomy":"product_tag","embeddable":true,"href":"https:\/\/www.raschvin.com\/sv\/wp-json\/wp\/v2\/product_tag?post=117624"}],"curies":[{"name":"wp","href":"https:\/\/api.w.org\/{rel}","templated":true}]}}