{"id":117605,"date":"2026-03-03T11:15:43","date_gmt":"2026-03-03T10:15:43","guid":{"rendered":"https:\/\/www.raschvin.com\/?post_type=product&#038;p=117605"},"modified":"2026-03-03T11:32:58","modified_gmt":"2026-03-03T10:32:58","slug":"pineapple-rum-fizz-kit-1x70-cl-planteray-pineapple-rum-6x20-cl-three-cents-pineapple-soda-kopier-2","status":"publish","type":"product","link":"https:\/\/www.raschvin.com\/sv\/produkt\/pineapple-rum-fizz-kit-1x70-cl-planteray-pineapple-rum-6x20-cl-three-cents-pineapple-soda-kopier-2\/","title":{"rendered":"Coco-Pineapple Rum Fizz-Kit (1&#215;70 cl. Planteray Coconut Rum + 6&#215;20 cl. Three Cents Pineapple Soda)"},"content":{"rendered":"<p data-start=\"0\" data-end=\"430\">Semesterk\u00e4nsla p\u00e5 flaska \u2013 kr\u00e4mig kokos m\u00f6ter frisk ananas i en superenkel, barv\u00e4nlig longdrink. <strong data-start=\"185\" data-end=\"220\">Planteray Cut &amp; Dry Coconut Rum<\/strong> har en tydlig, tropisk kokosprofil med mjuk romv\u00e4rme och rund s\u00f6tma. Den ger en \u201csolvarm\u201d k\u00e4nsla i glaset med en len, fyllig karakt\u00e4r som passar perfekt i b\u00e5de enkla highballs och mer tiki-inspirerade drinkar.<\/p>\n<p data-start=\"432\" data-end=\"817\"><strong data-start=\"432\" data-end=\"462\">Three Cents Pineapple Soda<\/strong> \u00e4r en frisk och sprudlande ananassoda med saftig fruktighet, pigg syra och en krispig avslutning. Den fina, l\u00e5ngvariga kolsyran lyfter aromen av mogen ananas och g\u00f6r sodan lika bra som l\u00e4sk som en premium mixer. Tillsammans med kokosromen skapar den en tropisk kombo som k\u00e4nns b\u00e5de lyxig och l\u00e4ttdrucken \u2013 perfekt n\u00e4r du vill ha mycket smak utan kr\u00e5ngel.<\/p>\n<h2 data-start=\"819\" data-end=\"840\">Paketet inneh\u00e5ller<\/h2>\n<ul data-start=\"841\" data-end=\"929\">\n<li data-start=\"841\" data-end=\"891\">\n<p data-start=\"843\" data-end=\"891\">1 fl <strong data-start=\"848\" data-end=\"889\">Planteray Rum \u2013 Cut &amp; Dry Coconut Rum<\/strong><\/p>\n<\/li>\n<li data-start=\"892\" data-end=\"929\">\n<p data-start=\"894\" data-end=\"929\">6 fl <strong data-start=\"899\" data-end=\"929\">Three Cents Pineapple Soda<\/strong><\/p>\n<\/li>\n<\/ul>\n<h2 data-start=\"931\" data-end=\"991\">S\u00e5 g\u00f6r du en \u201cCoconut Pineapple Highball\u201d \u2013 steg f\u00f6r steg<\/h2>\n<ol data-start=\"992\" data-end=\"1211\" data-is-last-node=\"\" data-is-only-node=\"\">\n<li data-start=\"992\" data-end=\"1029\">\n<p data-start=\"995\" data-end=\"1029\">Fyll ett glas med <strong data-start=\"1013\" data-end=\"1026\">mycket is<\/strong>.<\/p>\n<\/li>\n<li data-start=\"1030\" data-end=\"1073\">\n<p data-start=\"1033\" data-end=\"1073\">H\u00e4ll i <strong data-start=\"1040\" data-end=\"1070\">5 cl Cut &amp; Dry Coconut Rum<\/strong>.<\/p>\n<\/li>\n<li data-start=\"1074\" data-end=\"1138\">\n<p data-start=\"1077\" data-end=\"1138\">Toppa med <strong data-start=\"1087\" data-end=\"1117\">Three Cents Pineapple Soda<\/strong> (ca <strong data-start=\"1122\" data-end=\"1134\">10\u201312 cl<\/strong>).<\/p>\n<\/li>\n<li data-start=\"1139\" data-end=\"1156\">\n<p data-start=\"1142\" data-end=\"1156\">R\u00f6r om l\u00e4tt.<\/p>\n<\/li>\n<li data-start=\"1157\" data-end=\"1211\" data-is-last-node=\"\">\n<p data-start=\"1160\" data-end=\"1211\" data-is-last-node=\"\">Garnera med <strong data-start=\"1172\" data-end=\"1186\">limeklyfta<\/strong> eller en bit <strong data-start=\"1200\" data-end=\"1210\">ananas<\/strong>.<\/p>\n<\/li>\n<\/ol>\n","protected":false},"excerpt":{"rendered":"<p>Semesterk\u00e4nsla p\u00e5 flaska \u2013 kr\u00e4mig kokos m\u00f6ter frisk ananas i en superenkel, barv\u00e4nlig longdrink. Planteray Cut &amp; Dry Coconut Rum har en tydlig, tropisk kokosprofil med mjuk romv\u00e4rme och rund&#8230;<\/p>\n","protected":false},"featured_media":117611,"template":"","meta":{"_acf_changed":false,"rs_blank_template":"","rs_page_bg_color":"","slide_template_v7":""},"product_brand":[],"product_cat":[4403,4401],"product_tag":[],"class_list":{"0":"post-117605","1":"product","2":"type-product","3":"status-publish","4":"has-post-thumbnail","6":"product_cat-smaka-laador-cocktail","7":"product_cat-smaka-laador","9":"first","10":"instock","11":"sale","12":"virtual","13":"taxable","14":"purchasable","15":"product-type-bundle"},"bundled_by":[],"bundle_stock_status":"instock","bundle_stock_quantity":"","bundle_virtual":false,"bundle_layout":"tabular","bundle_add_to_cart_form_location":"default","bundle_editable_in_cart":false,"bundle_sold_individually_context":"product","bundle_item_grouping":"noindent","bundle_min_size":"","bundle_max_size":"","bundle_price":{"price":{"min":{"incl_tax":"429","excl_tax":"343.2"},"max":{"incl_tax":"429","excl_tax":"343.2"}},"regular_price":{"min":{"incl_tax":"469","excl_tax":"375.2"},"max":{"incl_tax":"469","excl_tax":"375.2"}}},"bundled_items":[{"bundled_item_id":842,"product_id":52827,"menu_order":0,"quantity_min":1,"quantity_max":1,"quantity_default":1,"priced_individually":false,"shipped_individually":false,"override_title":false,"title":"Planteray Rum &#8211; Cut &#038; Dry Coconut Rum 70 cl. 40%","override_description":false,"description":"Planteray Rum &#8211; Cut &#038; Dry Coconut Rum 70 cl. 40%","optional":false,"hide_thumbnail":false,"discount":"","override_variations":false,"allowed_variations":[""],"override_default_variation_attributes":false,"default_variation_attributes":[],"single_product_visibility":"visible","cart_visibility":"visible","order_visibility":"visible","single_product_price_visibility":"visible","cart_price_visibility":"visible","order_price_visibility":"visible","stock_status":"in_stock"},{"bundled_item_id":843,"product_id":117389,"menu_order":1,"quantity_min":6,"quantity_max":6,"quantity_default":6,"priced_individually":false,"shipped_individually":false,"override_title":false,"title":"Three Cents Pineapple Soda 20 cl. 0%","override_description":false,"description":"Three Cents Pineapple Soda 20 cl. 0%","optional":false,"hide_thumbnail":false,"discount":"","override_variations":false,"allowed_variations":[""],"override_default_variation_attributes":false,"default_variation_attributes":[],"single_product_visibility":"visible","cart_visibility":"visible","order_visibility":"visible","single_product_price_visibility":"visible","cart_price_visibility":"visible","order_price_visibility":"visible","stock_status":"in_stock"}],"bundle_sell_ids":[],"acf":[],"_links":{"self":[{"href":"https:\/\/www.raschvin.com\/sv\/wp-json\/wp\/v2\/product\/117605","targetHints":{"allow":["GET"]}}],"collection":[{"href":"https:\/\/www.raschvin.com\/sv\/wp-json\/wp\/v2\/product"}],"about":[{"href":"https:\/\/www.raschvin.com\/sv\/wp-json\/wp\/v2\/types\/product"}],"wp:featuredmedia":[{"embeddable":true,"href":"https:\/\/www.raschvin.com\/sv\/wp-json\/wp\/v2\/media\/117611"}],"wp:attachment":[{"href":"https:\/\/www.raschvin.com\/sv\/wp-json\/wp\/v2\/media?parent=117605"}],"wp:term":[{"taxonomy":"product_brand","embeddable":true,"href":"https:\/\/www.raschvin.com\/sv\/wp-json\/wp\/v2\/product_brand?post=117605"},{"taxonomy":"product_cat","embeddable":true,"href":"https:\/\/www.raschvin.com\/sv\/wp-json\/wp\/v2\/product_cat?post=117605"},{"taxonomy":"product_tag","embeddable":true,"href":"https:\/\/www.raschvin.com\/sv\/wp-json\/wp\/v2\/product_tag?post=117605"}],"curies":[{"name":"wp","href":"https:\/\/api.w.org\/{rel}","templated":true}]}}