{"id":117580,"date":"2026-03-03T10:44:42","date_gmt":"2026-03-03T09:44:42","guid":{"rendered":"https:\/\/www.raschvin.com\/?post_type=product&#038;p=117580"},"modified":"2026-03-03T10:55:06","modified_gmt":"2026-03-03T09:55:06","slug":"mango-mandarin-fizz-kit-1x70-cl-24-herbs-mango-lime-gin-6x20-cl-three-cents-mandarin-bergamot-soda-kopier-kopier-3","status":"publish","type":"product","link":"https:\/\/www.raschvin.com\/sv\/produkt\/mango-mandarin-fizz-kit-1x70-cl-24-herbs-mango-lime-gin-6x20-cl-three-cents-mandarin-bergamot-soda-kopier-kopier-3\/","title":{"rendered":"Pallini Pink Peachello-Kit (1&#215;50 cl. Pallini Peachcello + 6&#215;20 cl. Three Cents Pink Grapefruit Soda)"},"content":{"rendered":"<p data-start=\"0\" data-end=\"491\">Sommar i glaset \u2013 fruktigt, friskt och superenkelt. <strong data-start=\"144\" data-end=\"166\">Pallini Peachcello<\/strong> bjuder p\u00e5 mjuk, solmogen persika med len s\u00f6tma och h\u00e4rlig arom. Toppat med <strong data-start=\"242\" data-end=\"278\">Three Cents Pink Grapefruit Soda<\/strong> f\u00e5r du krispiga bubblor, pigg rosa grapefrukt och en elegant bittercitrus som balanserar persikans rundhet perfekt. Resultatet: en l\u00e4tt, fr\u00e4sch och \u201cpink\u201d longdrink som funkar lika bra som f\u00f6rdrink som till fest.<\/p>\n<h2 data-start=\"493\" data-end=\"514\">Paketet inneh\u00e5ller<\/h2>\n<ul data-start=\"515\" data-end=\"590\">\n<li data-start=\"515\" data-end=\"546\">\n<p data-start=\"517\" data-end=\"546\">1 fl <strong data-start=\"522\" data-end=\"544\">Pallini Peachcello<\/strong><\/p>\n<\/li>\n<li data-start=\"547\" data-end=\"590\">\n<p data-start=\"549\" data-end=\"590\">6 fl <strong data-start=\"554\" data-end=\"590\">Three Cents Pink Grapefruit Soda<\/strong><\/p>\n<\/li>\n<\/ul>\n<h2 data-start=\"592\" data-end=\"648\">S\u00e5 g\u00f6r du en \u201cPallini Pink Peachello\u201d \u2013 steg f\u00f6r steg<\/h2>\n<ol data-start=\"649\" data-end=\"908\" data-is-last-node=\"\" data-is-only-node=\"\">\n<li data-start=\"649\" data-end=\"682\">\n<p data-start=\"652\" data-end=\"682\">Fyll ett glas med mycket is.<\/p>\n<\/li>\n<li data-start=\"683\" data-end=\"721\">\n<p data-start=\"686\" data-end=\"721\">H\u00e4ll <strong data-start=\"691\" data-end=\"718\">5 cl Pallini Peachcello<\/strong>.<\/p>\n<\/li>\n<li data-start=\"722\" data-end=\"792\">\n<p data-start=\"725\" data-end=\"792\">Toppa med <strong data-start=\"735\" data-end=\"771\">Three Cents Pink Grapefruit Soda<\/strong> (ca <strong data-start=\"776\" data-end=\"788\">10\u201312 cl<\/strong>).<\/p>\n<\/li>\n<li data-start=\"793\" data-end=\"810\">\n<p data-start=\"796\" data-end=\"810\">R\u00f6r om l\u00e4tt.<\/p>\n<\/li>\n<li data-start=\"811\" data-end=\"908\" data-is-last-node=\"\">\n<p data-start=\"814\" data-end=\"908\" data-is-last-node=\"\">Garnera med en <strong data-start=\"829\" data-end=\"848\">grapefruktskiva<\/strong> eller <strong data-start=\"855\" data-end=\"870\">citrontwist<\/strong> (och g\u00e4rna en persikskiva om du har).<\/p>\n<\/li>\n<\/ol>\n","protected":false},"excerpt":{"rendered":"<p>Sommar i glaset \u2013 fruktigt, friskt och superenkelt. Pallini Peachcello bjuder p\u00e5 mjuk, solmogen persika med len s\u00f6tma och h\u00e4rlig arom. Toppat med Three Cents Pink Grapefruit Soda f\u00e5r du&#8230;<\/p>\n","protected":false},"featured_media":117583,"template":"","meta":{"_acf_changed":false,"rs_blank_template":"","rs_page_bg_color":"","slide_template_v7":""},"product_brand":[],"product_cat":[4403,4401],"product_tag":[],"class_list":{"0":"post-117580","1":"product","2":"type-product","3":"status-publish","4":"has-post-thumbnail","6":"product_cat-smaka-laador-cocktail","7":"product_cat-smaka-laador","9":"first","10":"instock","11":"sale","12":"virtual","13":"taxable","14":"purchasable","15":"product-type-bundle"},"bundled_by":[],"bundle_stock_status":"instock","bundle_stock_quantity":"","bundle_virtual":false,"bundle_layout":"tabular","bundle_add_to_cart_form_location":"default","bundle_editable_in_cart":false,"bundle_sold_individually_context":"product","bundle_item_grouping":"noindent","bundle_min_size":"","bundle_max_size":"","bundle_price":{"price":{"min":{"incl_tax":"219","excl_tax":"175.2"},"max":{"incl_tax":"219","excl_tax":"175.2"}},"regular_price":{"min":{"incl_tax":"259","excl_tax":"207.2"},"max":{"incl_tax":"259","excl_tax":"207.2"}}},"bundled_items":[{"bundled_item_id":818,"product_id":117344,"menu_order":0,"quantity_min":6,"quantity_max":6,"quantity_default":6,"priced_individually":false,"shipped_individually":false,"override_title":false,"title":"Three Cents Pink Grapefruit Soda 20 cl. 0%","override_description":false,"description":"Three Cents Pink Grapefruit Soda 20 cl. 0%","optional":false,"hide_thumbnail":false,"discount":"","override_variations":false,"allowed_variations":[""],"override_default_variation_attributes":false,"default_variation_attributes":[],"single_product_visibility":"visible","cart_visibility":"visible","order_visibility":"visible","single_product_price_visibility":"visible","cart_price_visibility":"visible","order_price_visibility":"visible","stock_status":"in_stock"},{"bundled_item_id":819,"product_id":81987,"menu_order":1,"quantity_min":1,"quantity_max":1,"quantity_default":1,"priced_individually":false,"shipped_individually":false,"override_title":false,"title":"Pallini Peachcello 50 cl. 26%","override_description":false,"description":"Pallini Peachcello 50 cl. 26%","optional":false,"hide_thumbnail":false,"discount":"","override_variations":false,"allowed_variations":[""],"override_default_variation_attributes":false,"default_variation_attributes":[],"single_product_visibility":"visible","cart_visibility":"visible","order_visibility":"visible","single_product_price_visibility":"visible","cart_price_visibility":"visible","order_price_visibility":"visible","stock_status":"in_stock"}],"bundle_sell_ids":[],"acf":[],"_links":{"self":[{"href":"https:\/\/www.raschvin.com\/sv\/wp-json\/wp\/v2\/product\/117580","targetHints":{"allow":["GET"]}}],"collection":[{"href":"https:\/\/www.raschvin.com\/sv\/wp-json\/wp\/v2\/product"}],"about":[{"href":"https:\/\/www.raschvin.com\/sv\/wp-json\/wp\/v2\/types\/product"}],"wp:featuredmedia":[{"embeddable":true,"href":"https:\/\/www.raschvin.com\/sv\/wp-json\/wp\/v2\/media\/117583"}],"wp:attachment":[{"href":"https:\/\/www.raschvin.com\/sv\/wp-json\/wp\/v2\/media?parent=117580"}],"wp:term":[{"taxonomy":"product_brand","embeddable":true,"href":"https:\/\/www.raschvin.com\/sv\/wp-json\/wp\/v2\/product_brand?post=117580"},{"taxonomy":"product_cat","embeddable":true,"href":"https:\/\/www.raschvin.com\/sv\/wp-json\/wp\/v2\/product_cat?post=117580"},{"taxonomy":"product_tag","embeddable":true,"href":"https:\/\/www.raschvin.com\/sv\/wp-json\/wp\/v2\/product_tag?post=117580"}],"curies":[{"name":"wp","href":"https:\/\/api.w.org\/{rel}","templated":true}]}}