{"id":117528,"date":"2026-03-03T08:11:08","date_gmt":"2026-03-03T07:11:08","guid":{"rendered":"https:\/\/www.raschvin.com\/?post_type=product&#038;p=117528"},"modified":"2026-03-03T08:24:24","modified_gmt":"2026-03-03T07:24:24","slug":"hernoe-sloe-tonic-kit-1x50-cl-hernoe-sloe-gin-4x50-cl-fentimans-connoisseurs-tonic-water-kopier-2","status":"publish","type":"product","link":"https:\/\/www.raschvin.com\/sv\/produkt\/hernoe-sloe-tonic-kit-1x50-cl-hernoe-sloe-gin-4x50-cl-fentimans-connoisseurs-tonic-water-kopier-2\/","title":{"rendered":"Calvados Tonic-Kit (1&#215;70 cl. Calvados Maitr\u00e9 Pierre + 4&#215;50 cl. Fentimans Connoisseurs Tonic Water)"},"content":{"rendered":"<p data-start=\"143\" data-end=\"639\">Uppt\u00e4ck en ov\u00e4ntat elegant mix d\u00e4r fransk \u00e4ppelkarakt\u00e4r m\u00f6ter brittisk tonickvalitet. <strong data-start=\"311\" data-end=\"337\">Calvados Ma\u00eetre Pierre<\/strong> bjuder p\u00e5 djupa, fruktiga toner av mogna \u00e4pplen med en varm, mjuk kryddighet och l\u00e4tt fatk\u00e4nsla. Tillsammans med <strong data-start=\"451\" data-end=\"489\">Fentimans Connoisseurs Tonic Water<\/strong> f\u00e5r du en torr, krispig och vuxen longdrink med fina bubblor och tydlig, balanserad bitterhet som lyfter fram calvadosens frukt p\u00e5 ett stilrent s\u00e4tt.<\/p>\n<p data-start=\"641\" data-end=\"738\">Perfekt som aperitif, till ostbrickan eller n\u00e4r du vill servera n\u00e5got annorlunda men superenkelt.<\/p>\n<p data-start=\"740\" data-end=\"960\"><strong data-start=\"740\" data-end=\"779\">Serveringstips \u2013 \u201cCalvados &amp; Tonic\u201d<\/strong><br data-start=\"779\" data-end=\"782\" \/>Fyll ett highballglas med is. H\u00e4ll <strong data-start=\"817\" data-end=\"834\">5 cl Calvados<\/strong>, toppa med <strong data-start=\"846\" data-end=\"884\">Fentimans Connoisseurs Tonic Water<\/strong> och r\u00f6r om l\u00e4tt. Garnera g\u00e4rna med en <strong data-start=\"923\" data-end=\"937\">\u00e4ppelskiva<\/strong> eller <strong data-start=\"944\" data-end=\"959\" data-is-only-node=\"\">citrontwist<\/strong>.<\/p>\n<p data-start=\"962\" data-end=\"977\"><strong data-start=\"962\" data-end=\"975\">Inneh\u00e5ll:<\/strong><\/p>\n<ul data-start=\"978\" data-end=\"1065\" data-is-last-node=\"\" data-is-only-node=\"\">\n<li data-start=\"978\" data-end=\"1013\">\n<p data-start=\"980\" data-end=\"1013\">1 fl <strong data-start=\"985\" data-end=\"1011\">Calvados Ma\u00eetre Pierre<\/strong><\/p>\n<\/li>\n<li data-start=\"1014\" data-end=\"1065\" data-is-last-node=\"\">\n<p data-start=\"1016\" data-end=\"1065\" data-is-last-node=\"\">4 fl <strong data-start=\"1021\" data-end=\"1065\" data-is-last-node=\"\">50 cl Fentimans Connoisseurs Tonic Water<\/strong><\/p>\n<\/li>\n<\/ul>\n","protected":false},"excerpt":{"rendered":"<p>Uppt\u00e4ck en ov\u00e4ntat elegant mix d\u00e4r fransk \u00e4ppelkarakt\u00e4r m\u00f6ter brittisk tonickvalitet. Calvados Ma\u00eetre Pierre bjuder p\u00e5 djupa, fruktiga toner av mogna \u00e4pplen med en varm, mjuk kryddighet och l\u00e4tt fatk\u00e4nsla&#8230;.<\/p>\n","protected":false},"featured_media":117537,"template":"","meta":{"_acf_changed":false,"rs_blank_template":"","rs_page_bg_color":"","slide_template_v7":""},"product_brand":[],"product_cat":[4403,4401],"product_tag":[],"class_list":{"0":"post-117528","1":"product","2":"type-product","3":"status-publish","4":"has-post-thumbnail","6":"product_cat-smaka-laador-cocktail","7":"product_cat-smaka-laador","9":"first","10":"instock","11":"sale","12":"virtual","13":"taxable","14":"purchasable","15":"product-type-bundle"},"bundled_by":[],"bundle_stock_status":"instock","bundle_stock_quantity":"","bundle_virtual":false,"bundle_layout":"tabular","bundle_add_to_cart_form_location":"default","bundle_editable_in_cart":false,"bundle_sold_individually_context":"product","bundle_item_grouping":"noindent","bundle_min_size":"","bundle_max_size":"","bundle_price":{"price":{"min":{"incl_tax":"289","excl_tax":"231.2"},"max":{"incl_tax":"289","excl_tax":"231.2"}},"regular_price":{"min":{"incl_tax":"339","excl_tax":"271.2"},"max":{"incl_tax":"339","excl_tax":"271.2"}}},"bundled_items":[{"bundled_item_id":775,"product_id":16297,"menu_order":1,"quantity_min":1,"quantity_max":1,"quantity_default":1,"priced_individually":false,"shipped_individually":false,"override_title":false,"title":"Calvados Maitr\u00e9 Pierre 70 cl. 40%","override_description":false,"description":"Calvados Maitr\u00e9 Pierre 70 cl. 40%","optional":false,"hide_thumbnail":false,"discount":"","override_variations":false,"allowed_variations":[""],"override_default_variation_attributes":false,"default_variation_attributes":[],"single_product_visibility":"visible","cart_visibility":"visible","order_visibility":"visible","single_product_price_visibility":"visible","cart_price_visibility":"visible","order_price_visibility":"visible","stock_status":"in_stock"},{"bundled_item_id":780,"product_id":54820,"menu_order":1,"quantity_min":4,"quantity_max":4,"quantity_default":4,"priced_individually":false,"shipped_individually":false,"override_title":false,"title":"Fentimans Connoisseurs Tonic Water (Gluten Free &#038; Vegan) 50 cl.","override_description":false,"description":"Fentimans Connoisseurs Tonic Water (Gluten Free &#038; Vegan) 50 cl.","optional":false,"hide_thumbnail":false,"discount":"","override_variations":false,"allowed_variations":[""],"override_default_variation_attributes":false,"default_variation_attributes":[],"single_product_visibility":"visible","cart_visibility":"visible","order_visibility":"visible","single_product_price_visibility":"visible","cart_price_visibility":"visible","order_price_visibility":"visible","stock_status":"in_stock"}],"bundle_sell_ids":[],"acf":[],"_links":{"self":[{"href":"https:\/\/www.raschvin.com\/sv\/wp-json\/wp\/v2\/product\/117528","targetHints":{"allow":["GET"]}}],"collection":[{"href":"https:\/\/www.raschvin.com\/sv\/wp-json\/wp\/v2\/product"}],"about":[{"href":"https:\/\/www.raschvin.com\/sv\/wp-json\/wp\/v2\/types\/product"}],"wp:featuredmedia":[{"embeddable":true,"href":"https:\/\/www.raschvin.com\/sv\/wp-json\/wp\/v2\/media\/117537"}],"wp:attachment":[{"href":"https:\/\/www.raschvin.com\/sv\/wp-json\/wp\/v2\/media?parent=117528"}],"wp:term":[{"taxonomy":"product_brand","embeddable":true,"href":"https:\/\/www.raschvin.com\/sv\/wp-json\/wp\/v2\/product_brand?post=117528"},{"taxonomy":"product_cat","embeddable":true,"href":"https:\/\/www.raschvin.com\/sv\/wp-json\/wp\/v2\/product_cat?post=117528"},{"taxonomy":"product_tag","embeddable":true,"href":"https:\/\/www.raschvin.com\/sv\/wp-json\/wp\/v2\/product_tag?post=117528"}],"curies":[{"name":"wp","href":"https:\/\/api.w.org\/{rel}","templated":true}]}}