{"id":117498,"date":"2026-03-03T07:39:38","date_gmt":"2026-03-03T06:39:38","guid":{"rendered":"https:\/\/www.raschvin.com\/?post_type=product&#038;p=117498"},"modified":"2026-03-03T07:54:15","modified_gmt":"2026-03-03T06:54:15","slug":"mango-mandarin-fizz-kit-1x70-cl-24-herbs-mango-lime-gin-6x20-cl-three-cents-mandarin-bergamot-soda-kopier-kopier-2","status":"publish","type":"product","link":"https:\/\/www.raschvin.com\/sv\/produkt\/mango-mandarin-fizz-kit-1x70-cl-24-herbs-mango-lime-gin-6x20-cl-three-cents-mandarin-bergamot-soda-kopier-kopier-2\/","title":{"rendered":"Golden Bubbles Cocktail-Kit (1&#215;70 cl. Clementine Snow Globe Gin + 2&#215;75 cl. Althea Prosecco)"},"content":{"rendered":"<p data-start=\"0\" data-end=\"527\">G\u00f6r varje sk\u00e5l lite mer magisk med ett paket som kombinerar ginens citrusfr\u00e4sch\u00f6r med proseccons bubbliga elegans. <strong data-start=\"193\" data-end=\"222\">Clementine Snow Globe Gin<\/strong> bjuder p\u00e5 en livlig, aromatisk ginprofil med friska clementintoner och en vinterglittrig \u201cwow-k\u00e4nsla\u201d som passar perfekt till festliga serveringar. Tillsammans med <strong data-start=\"387\" data-end=\"413\">Althea Marika Prosecco<\/strong> f\u00e5r du en l\u00e4tt, frisk och sprudlande partner som lyfter ginen och g\u00f6r drinken b\u00e5de lyxig och l\u00e4tt att lyckas med.<\/p>\n<p data-start=\"529\" data-end=\"652\">Perfekt till f\u00f6rdrink, ny\u00e5r, brunch, f\u00f6delsedagar \u2013 eller n\u00e4r du vill servera n\u00e5got som k\u00e4nns extra speciellt utan kr\u00e5ngel.<\/p>\n<p data-start=\"654\" data-end=\"931\"><strong data-start=\"654\" data-end=\"698\">Serveringstips \u2013 \u201cClementine Gin Spritz\u201d<\/strong><br data-start=\"698\" data-end=\"701\" \/>Fyll ett vinglas med is. H\u00e4ll <strong data-start=\"731\" data-end=\"765\">4 cl Clementine Snow Globe Gin<\/strong>, toppa med <strong data-start=\"777\" data-end=\"803\">Althea Marika Prosecco<\/strong> och avsluta g\u00e4rna med en skv\u00e4tt sodavatten om du vill ha den l\u00e4ttare. Garnera med en <strong data-start=\"889\" data-end=\"908\">clementinklyfta<\/strong> eller <strong data-start=\"915\" data-end=\"930\" data-is-only-node=\"\">apelsinzest<\/strong>.<\/p>\n<p data-start=\"933\" data-end=\"948\"><strong data-start=\"933\" data-end=\"946\">Inneh\u00e5ll:<\/strong><\/p>\n<ul data-start=\"949\" data-end=\"1021\">\n<li data-start=\"949\" data-end=\"987\">\n<p data-start=\"951\" data-end=\"987\">1 fl <strong data-start=\"956\" data-end=\"985\">Clementine Snow Globe Gin<\/strong><\/p>\n<\/li>\n<li data-start=\"988\" data-end=\"1021\">\n<p data-start=\"990\" data-end=\"1021\">2 fl <strong data-start=\"995\" data-end=\"1021\">Althea Marika Prosecco<\/strong><\/p>\n<\/li>\n<\/ul>\n","protected":false},"excerpt":{"rendered":"<p>G\u00f6r varje sk\u00e5l lite mer magisk med ett paket som kombinerar ginens citrusfr\u00e4sch\u00f6r med proseccons bubbliga elegans. Clementine Snow Globe Gin bjuder p\u00e5 en livlig, aromatisk ginprofil med friska clementintoner&#8230;<\/p>\n","protected":false},"featured_media":117501,"template":"","meta":{"_acf_changed":false,"rs_blank_template":"","rs_page_bg_color":"","slide_template_v7":""},"product_brand":[],"product_cat":[4403,4401],"product_tag":[],"class_list":{"0":"post-117498","1":"product","2":"type-product","3":"status-publish","4":"has-post-thumbnail","6":"product_cat-smaka-laador-cocktail","7":"product_cat-smaka-laador","9":"first","10":"instock","11":"sale","12":"virtual","13":"taxable","14":"purchasable","15":"product-type-bundle"},"bundled_by":[],"bundle_stock_status":"instock","bundle_stock_quantity":"","bundle_virtual":false,"bundle_layout":"tabular","bundle_add_to_cart_form_location":"default","bundle_editable_in_cart":false,"bundle_sold_individually_context":"product","bundle_item_grouping":"noindent","bundle_min_size":"","bundle_max_size":"","bundle_price":{"price":{"min":{"incl_tax":"399","excl_tax":"319.2"},"max":{"incl_tax":"399","excl_tax":"319.2"}},"regular_price":{"min":{"incl_tax":"469","excl_tax":"375.2"},"max":{"incl_tax":"469","excl_tax":"375.2"}}},"bundled_items":[{"bundled_item_id":753,"product_id":49158,"menu_order":0,"quantity_min":2,"quantity_max":2,"quantity_default":2,"priced_individually":false,"shipped_individually":false,"override_title":false,"title":"Althea Marika Extra Dry 75 cl.","override_description":false,"description":"Althea Marika Extra Dry 75 cl.","optional":false,"hide_thumbnail":false,"discount":"","override_variations":false,"allowed_variations":[""],"override_default_variation_attributes":false,"default_variation_attributes":[],"single_product_visibility":"visible","cart_visibility":"visible","order_visibility":"visible","single_product_price_visibility":"visible","cart_price_visibility":"visible","order_price_visibility":"visible","stock_status":"in_stock"},{"bundled_item_id":754,"product_id":24139,"menu_order":1,"quantity_min":1,"quantity_max":1,"quantity_default":1,"priced_individually":false,"shipped_individually":false,"override_title":false,"title":"Clementine Gin Liqueur Illuminated Snow Globe 70 cl. 20%","override_description":false,"description":"Clementine Gin Liqueur Illuminated Snow Globe 70 cl. 20%","optional":false,"hide_thumbnail":false,"discount":"","override_variations":false,"allowed_variations":[""],"override_default_variation_attributes":false,"default_variation_attributes":[],"single_product_visibility":"visible","cart_visibility":"visible","order_visibility":"visible","single_product_price_visibility":"visible","cart_price_visibility":"visible","order_price_visibility":"visible","stock_status":"in_stock"}],"bundle_sell_ids":[],"acf":[],"_links":{"self":[{"href":"https:\/\/www.raschvin.com\/sv\/wp-json\/wp\/v2\/product\/117498","targetHints":{"allow":["GET"]}}],"collection":[{"href":"https:\/\/www.raschvin.com\/sv\/wp-json\/wp\/v2\/product"}],"about":[{"href":"https:\/\/www.raschvin.com\/sv\/wp-json\/wp\/v2\/types\/product"}],"wp:featuredmedia":[{"embeddable":true,"href":"https:\/\/www.raschvin.com\/sv\/wp-json\/wp\/v2\/media\/117501"}],"wp:attachment":[{"href":"https:\/\/www.raschvin.com\/sv\/wp-json\/wp\/v2\/media?parent=117498"}],"wp:term":[{"taxonomy":"product_brand","embeddable":true,"href":"https:\/\/www.raschvin.com\/sv\/wp-json\/wp\/v2\/product_brand?post=117498"},{"taxonomy":"product_cat","embeddable":true,"href":"https:\/\/www.raschvin.com\/sv\/wp-json\/wp\/v2\/product_cat?post=117498"},{"taxonomy":"product_tag","embeddable":true,"href":"https:\/\/www.raschvin.com\/sv\/wp-json\/wp\/v2\/product_tag?post=117498"}],"curies":[{"name":"wp","href":"https:\/\/api.w.org\/{rel}","templated":true}]}}