{"id":117447,"date":"2026-03-02T17:23:58","date_gmt":"2026-03-02T16:23:58","guid":{"rendered":"https:\/\/www.raschvin.com\/?post_type=product&#038;p=117447"},"modified":"2026-03-02T17:39:07","modified_gmt":"2026-03-02T16:39:07","slug":"pineapple-rum-fizz-kit-1x70-cl-planteray-pineapple-rum-6x20-cl-three-cents-pineapple-soda-kopier","status":"publish","type":"product","link":"https:\/\/www.raschvin.com\/sv\/produkt\/pineapple-rum-fizz-kit-1x70-cl-planteray-pineapple-rum-6x20-cl-three-cents-pineapple-soda-kopier\/","title":{"rendered":"Mango Mandarin Fizz-Kit (1&#215;70 cl. 24 Herbs Mango &#038; Lime Gin + 6&#215;20 cl. Three Cents Mandarin &#038; Bergamot Soda)"},"content":{"rendered":"<p data-start=\"150\" data-end=\"636\">Det h\u00e4r paketet \u00e4r gjort f\u00f6r dig som vill ha en fr\u00e4sch, aromatisk och somrig drink p\u00e5 n\u00e5gra sekunder. <strong data-start=\"348\" data-end=\"385\">24 Herbs Botanic Mango &amp; Lime Gin<\/strong> bjuder p\u00e5 tropisk mango med ett piggt lime-lyft och botanisk fr\u00e4sch\u00f6r. Toppat med <strong data-start=\"468\" data-end=\"508\">Three Cents Mandarin &amp; Bergamot Soda<\/strong> f\u00e5r du krispiga bubblor, saftig mandarin och elegant bergamott som ger drinken en tydlig citrusglans och en extra \u201cbar-k\u00e4nsla\u201d.<\/p>\n<p data-start=\"638\" data-end=\"774\">Perfekt till f\u00f6rdrink, brunch, sommarkv\u00e4llar eller n\u00e4r du vill servera n\u00e5got som b\u00e5de k\u00e4nns l\u00e4tt, friskt och lite lyxigt \u2013 utan kr\u00e5ngel.<\/p>\n<p data-start=\"776\" data-end=\"1046\"><strong data-start=\"776\" data-end=\"820\">Serveringstips \u2013 \u201cMango Citrus Highball\u201d<\/strong><br data-start=\"820\" data-end=\"823\" \/>Fyll ett glas med is. H\u00e4ll <strong data-start=\"850\" data-end=\"884\">5 cl 24 Herbs Mango &amp; Lime Gin<\/strong>, toppa med <strong data-start=\"896\" data-end=\"936\">Three Cents Mandarin &amp; Bergamot Soda<\/strong> och pressa i lite <strong data-start=\"955\" data-end=\"963\">lime<\/strong> (valfritt). R\u00f6r om l\u00e4tt. Garnera med en <strong data-start=\"1004\" data-end=\"1019\" data-is-only-node=\"\">citrontwist<\/strong> eller en <strong data-start=\"1029\" data-end=\"1045\">apelsinskiva<\/strong>.<\/p>\n<p data-start=\"1048\" data-end=\"1063\"><strong data-start=\"1048\" data-end=\"1061\">Inneh\u00e5ll:<\/strong><\/p>\n<ul data-start=\"1064\" data-end=\"1158\" data-is-last-node=\"\" data-is-only-node=\"\">\n<li data-start=\"1064\" data-end=\"1110\">\n<p data-start=\"1066\" data-end=\"1110\">1 fl <strong data-start=\"1071\" data-end=\"1108\">24 Herbs Botanic Mango &amp; Lime Gin<\/strong><\/p>\n<\/li>\n<li data-start=\"1111\" data-end=\"1158\" data-is-last-node=\"\">\n<p data-start=\"1113\" data-end=\"1158\" data-is-last-node=\"\">6 fl <strong data-start=\"1118\" data-end=\"1158\" data-is-last-node=\"\">Three Cents Mandarin &amp; Bergamot Soda<\/strong><\/p>\n<\/li>\n<\/ul>\n","protected":false},"excerpt":{"rendered":"<p>Det h\u00e4r paketet \u00e4r gjort f\u00f6r dig som vill ha en fr\u00e4sch, aromatisk och somrig drink p\u00e5 n\u00e5gra sekunder. 24 Herbs Botanic Mango &amp; Lime Gin bjuder p\u00e5 tropisk mango&#8230;<\/p>\n","protected":false},"featured_media":117451,"template":"","meta":{"_acf_changed":false,"rs_blank_template":"","rs_page_bg_color":"","slide_template_v7":""},"product_brand":[],"product_cat":[4403,4401],"product_tag":[],"class_list":{"0":"post-117447","1":"product","2":"type-product","3":"status-publish","4":"has-post-thumbnail","6":"product_cat-smaka-laador-cocktail","7":"product_cat-smaka-laador","9":"first","10":"instock","11":"sale","12":"virtual","13":"taxable","14":"purchasable","15":"product-type-bundle"},"bundled_by":[],"bundle_stock_status":"instock","bundle_stock_quantity":"","bundle_virtual":false,"bundle_layout":"tabular","bundle_add_to_cart_form_location":"default","bundle_editable_in_cart":false,"bundle_sold_individually_context":"product","bundle_item_grouping":"noindent","bundle_min_size":"","bundle_max_size":"","bundle_price":{"price":{"min":{"incl_tax":"329","excl_tax":"263.2"},"max":{"incl_tax":"329","excl_tax":"263.2"}},"regular_price":{"min":{"incl_tax":"379","excl_tax":"303.2"},"max":{"incl_tax":"379","excl_tax":"303.2"}}},"bundled_items":[{"bundled_item_id":718,"product_id":36215,"menu_order":0,"quantity_min":1,"quantity_max":1,"quantity_default":1,"priced_individually":false,"shipped_individually":false,"override_title":false,"title":"24 Herbs Botanic Mango &#038; Lime Gin 70 cl.","override_description":false,"description":"24 Herbs Botanic Mango &#038; Lime Gin 70 cl.","optional":false,"hide_thumbnail":false,"discount":"","override_variations":false,"allowed_variations":[""],"override_default_variation_attributes":false,"default_variation_attributes":[],"single_product_visibility":"visible","cart_visibility":"visible","order_visibility":"visible","single_product_price_visibility":"visible","cart_price_visibility":"visible","order_price_visibility":"visible","stock_status":"in_stock"},{"bundled_item_id":719,"product_id":117371,"menu_order":1,"quantity_min":6,"quantity_max":6,"quantity_default":6,"priced_individually":false,"shipped_individually":false,"override_title":false,"title":"Three Cents Mandarin &#038; Bergamot Soda 20 cl. 0%","override_description":false,"description":"Three Cents Mandarin &#038; Bergamot Soda 20 cl. 0%","optional":false,"hide_thumbnail":false,"discount":"","override_variations":false,"allowed_variations":[""],"override_default_variation_attributes":false,"default_variation_attributes":[],"single_product_visibility":"visible","cart_visibility":"visible","order_visibility":"visible","single_product_price_visibility":"visible","cart_price_visibility":"visible","order_price_visibility":"visible","stock_status":"in_stock"}],"bundle_sell_ids":[],"acf":[],"_links":{"self":[{"href":"https:\/\/www.raschvin.com\/sv\/wp-json\/wp\/v2\/product\/117447","targetHints":{"allow":["GET"]}}],"collection":[{"href":"https:\/\/www.raschvin.com\/sv\/wp-json\/wp\/v2\/product"}],"about":[{"href":"https:\/\/www.raschvin.com\/sv\/wp-json\/wp\/v2\/types\/product"}],"wp:featuredmedia":[{"embeddable":true,"href":"https:\/\/www.raschvin.com\/sv\/wp-json\/wp\/v2\/media\/117451"}],"wp:attachment":[{"href":"https:\/\/www.raschvin.com\/sv\/wp-json\/wp\/v2\/media?parent=117447"}],"wp:term":[{"taxonomy":"product_brand","embeddable":true,"href":"https:\/\/www.raschvin.com\/sv\/wp-json\/wp\/v2\/product_brand?post=117447"},{"taxonomy":"product_cat","embeddable":true,"href":"https:\/\/www.raschvin.com\/sv\/wp-json\/wp\/v2\/product_cat?post=117447"},{"taxonomy":"product_tag","embeddable":true,"href":"https:\/\/www.raschvin.com\/sv\/wp-json\/wp\/v2\/product_tag?post=117447"}],"curies":[{"name":"wp","href":"https:\/\/api.w.org\/{rel}","templated":true}]}}