{"id":117414,"date":"2026-03-02T17:02:05","date_gmt":"2026-03-02T16:02:05","guid":{"rendered":"https:\/\/www.raschvin.com\/?post_type=product&#038;p=117414"},"modified":"2026-03-02T17:18:52","modified_gmt":"2026-03-02T16:18:52","slug":"apple-rhubarb-gin-fizz-kit-1x70-cl-marsk-apple-gin-6x25-cl-folkingtons-rhubarb-apple-kopier","status":"publish","type":"product","link":"https:\/\/www.raschvin.com\/sv\/produkt\/apple-rhubarb-gin-fizz-kit-1x70-cl-marsk-apple-gin-6x25-cl-folkingtons-rhubarb-apple-kopier\/","title":{"rendered":"Pineapple Rum Fizz-Kit (1&#215;70 cl. Planteray Pineapple Rum + 6&#215;20 cl. Three Cents Pineapple Soda)"},"content":{"rendered":"<p data-start=\"146\" data-end=\"616\">Maxa den tropiska k\u00e4nslan med ett paket som smakar som semester i glaset. <strong data-start=\"286\" data-end=\"329\">Planteray Stiggins\u2019 Fancy Pineapple Rum<\/strong>bjuder p\u00e5 djup och arom med tydlig ananas, karamelliserad frukt, vanilj och en l\u00e4tt kryddig v\u00e4rme. Tillsammans med <strong data-start=\"445\" data-end=\"475\">Three Cents Pineapple Soda<\/strong> f\u00e5r du en krispig, bubblig mixer med saftig ananas och frisk syra som lyfter rommens fruktighet och g\u00f6r drinken l\u00f6jligt l\u00e4tt att lyckas med.<\/p>\n<p data-start=\"618\" data-end=\"740\">Perfekt f\u00f6r f\u00f6rdrink, fest, sommarkv\u00e4llar \u2013 eller n\u00e4r du bara vill ha en snabb, fr\u00e4sch och tropisk longdrink utan kr\u00e5ngel.<\/p>\n<p data-start=\"742\" data-end=\"999\"><strong data-start=\"742\" data-end=\"783\">Serveringstips \u2013 \u201cPineapple Rum Fizz\u201d<\/strong><br data-start=\"783\" data-end=\"786\" \/>Fyll ett glas med is. H\u00e4ll <strong data-start=\"813\" data-end=\"851\">5 cl Stiggins\u2019 Fancy Pineapple Rum<\/strong>, toppa med <strong data-start=\"863\" data-end=\"893\">Three Cents Pineapple Soda<\/strong> och pressa i <strong data-start=\"907\" data-end=\"915\">lime<\/strong>. R\u00f6r om l\u00e4tt och garnera med limeklyfta (eller en bit ananas om du vill g\u00e5 all in).<\/p>\n<p data-start=\"1001\" data-end=\"1016\"><strong data-start=\"1001\" data-end=\"1014\">Inneh\u00e5ll:<\/strong><\/p>\n<ul data-start=\"1017\" data-end=\"1109\" data-is-last-node=\"\" data-is-only-node=\"\">\n<li data-start=\"1017\" data-end=\"1071\">\n<p data-start=\"1019\" data-end=\"1071\">1 fl <strong data-start=\"1024\" data-end=\"1069\">Planteray Rum \u2013 Stiggins\u2019 Fancy Pineapple<\/strong><\/p>\n<\/li>\n<li data-start=\"1072\" data-end=\"1109\" data-is-last-node=\"\">\n<p data-start=\"1074\" data-end=\"1109\" data-is-last-node=\"\">6 fl <strong data-start=\"1079\" data-end=\"1109\" data-is-last-node=\"\">Three Cents Pineapple Soda<\/strong><\/p>\n<\/li>\n<\/ul>\n","protected":false},"excerpt":{"rendered":"<p>Maxa den tropiska k\u00e4nslan med ett paket som smakar som semester i glaset. Planteray Stiggins\u2019 Fancy Pineapple Rumbjuder p\u00e5 djup och arom med tydlig ananas, karamelliserad frukt, vanilj och en&#8230;<\/p>\n","protected":false},"featured_media":117430,"template":"","meta":{"_acf_changed":false,"rs_blank_template":"","rs_page_bg_color":"","slide_template_v7":""},"product_brand":[],"product_cat":[4403,4401],"product_tag":[],"class_list":{"0":"post-117414","1":"product","2":"type-product","3":"status-publish","4":"has-post-thumbnail","6":"product_cat-smaka-laador-cocktail","7":"product_cat-smaka-laador","9":"first","10":"instock","11":"sale","12":"virtual","13":"taxable","14":"purchasable","15":"product-type-bundle"},"bundled_by":[],"bundle_stock_status":"instock","bundle_stock_quantity":"","bundle_virtual":false,"bundle_layout":"tabular","bundle_add_to_cart_form_location":"default","bundle_editable_in_cart":false,"bundle_sold_individually_context":"product","bundle_item_grouping":"noindent","bundle_min_size":"","bundle_max_size":"","bundle_price":{"price":{"min":{"incl_tax":"349","excl_tax":"279.2"},"max":{"incl_tax":"349","excl_tax":"279.2"}},"regular_price":{"min":{"incl_tax":"399","excl_tax":"319.2"},"max":{"incl_tax":"399","excl_tax":"319.2"}}},"bundled_items":[{"bundled_item_id":706,"product_id":16021,"menu_order":0,"quantity_min":1,"quantity_max":1,"quantity_default":1,"priced_individually":false,"shipped_individually":false,"override_title":false,"title":"Planteray Rum &#8211; Stiggins Fancy Pineapple 70 cl. 40%","override_description":false,"description":"Planteray Rum &#8211; Stiggins Fancy Pineapple 70 cl. 40%","optional":false,"hide_thumbnail":false,"discount":"","override_variations":false,"allowed_variations":[""],"override_default_variation_attributes":false,"default_variation_attributes":[],"single_product_visibility":"visible","cart_visibility":"visible","order_visibility":"visible","single_product_price_visibility":"visible","cart_price_visibility":"visible","order_price_visibility":"visible","stock_status":"in_stock"},{"bundled_item_id":707,"product_id":117389,"menu_order":1,"quantity_min":6,"quantity_max":6,"quantity_default":6,"priced_individually":false,"shipped_individually":false,"override_title":false,"title":"Three Cents Pineapple Soda 20 cl. 0%","override_description":false,"description":"Three Cents Pineapple Soda 20 cl. 0%","optional":false,"hide_thumbnail":false,"discount":"","override_variations":false,"allowed_variations":[""],"override_default_variation_attributes":false,"default_variation_attributes":[],"single_product_visibility":"visible","cart_visibility":"visible","order_visibility":"visible","single_product_price_visibility":"visible","cart_price_visibility":"visible","order_price_visibility":"visible","stock_status":"in_stock"}],"bundle_sell_ids":[],"acf":[],"_links":{"self":[{"href":"https:\/\/www.raschvin.com\/sv\/wp-json\/wp\/v2\/product\/117414","targetHints":{"allow":["GET"]}}],"collection":[{"href":"https:\/\/www.raschvin.com\/sv\/wp-json\/wp\/v2\/product"}],"about":[{"href":"https:\/\/www.raschvin.com\/sv\/wp-json\/wp\/v2\/types\/product"}],"wp:featuredmedia":[{"embeddable":true,"href":"https:\/\/www.raschvin.com\/sv\/wp-json\/wp\/v2\/media\/117430"}],"wp:attachment":[{"href":"https:\/\/www.raschvin.com\/sv\/wp-json\/wp\/v2\/media?parent=117414"}],"wp:term":[{"taxonomy":"product_brand","embeddable":true,"href":"https:\/\/www.raschvin.com\/sv\/wp-json\/wp\/v2\/product_brand?post=117414"},{"taxonomy":"product_cat","embeddable":true,"href":"https:\/\/www.raschvin.com\/sv\/wp-json\/wp\/v2\/product_cat?post=117414"},{"taxonomy":"product_tag","embeddable":true,"href":"https:\/\/www.raschvin.com\/sv\/wp-json\/wp\/v2\/product_tag?post=117414"}],"curies":[{"name":"wp","href":"https:\/\/api.w.org\/{rel}","templated":true}]}}