{"id":117389,"date":"2026-03-02T16:29:15","date_gmt":"2026-03-02T15:29:15","guid":{"rendered":"https:\/\/www.raschvin.com\/?post_type=product&#038;p=117389"},"modified":"2026-03-02T16:35:25","modified_gmt":"2026-03-02T15:35:25","slug":"three-cents-mandarin-bergamot-soda-20-cl-0-kopier","status":"publish","type":"product","link":"https:\/\/www.raschvin.com\/sv\/produkt\/three-cents-mandarin-bergamot-soda-20-cl-0-kopier\/","title":{"rendered":"Three Cents Pineapple Soda 20 cl. 0%"},"content":{"rendered":"<p data-start=\"1239\" data-end=\"1490\"><strong data-start=\"1239\" data-end=\"1269\">Three Cents Pineapple Soda<\/strong> \u00e4r en pigg och tropisk ananasl\u00e4sk med saftig fruktkarakt\u00e4r, frisk syra och en krispig, ren avslutning. Den fina, l\u00e5ngvariga kolsyran lyfter doften av mogen ananas och g\u00f6r den lika bra som l\u00e4skedryck som en premium mixer.<\/p>\n<p data-start=\"1492\" data-end=\"1729\"><strong data-start=\"1492\" data-end=\"1517\">Producerad i Grekland<\/strong> av Three Cents (ett grekiskt varum\u00e4rke v\u00e4lk\u00e4nt i barv\u00e4rlden), framtagen f\u00f6r att lyfta en fr\u00e4sch, solmogen ananasprofil. Noggrant utvald ananas ger en varm \u201csommar-i-glaset\u201d-k\u00e4nsla med aromatisk tropisk fr\u00e4sch\u00f6r.<\/p>\n<h4 data-start=\"1731\" data-end=\"1779\">Mer \u00e4n en mixer \u2013 fler s\u00e4tt att anv\u00e4nda den<\/h4>\n<ul data-start=\"1780\" data-end=\"2301\">\n<li data-start=\"1780\" data-end=\"1938\">\n<p data-start=\"1782\" data-end=\"1938\"><strong data-start=\"1782\" data-end=\"1810\">Cocktails &amp; long drinks:<\/strong> Perfekt till tiki- och romdrinkar, men ocks\u00e5 toppen med tequila (highball\/Paloma-stil), vodka eller gin f\u00f6r en fruktig twist.<\/p>\n<\/li>\n<li data-start=\"1939\" data-end=\"2055\">\n<p data-start=\"1941\" data-end=\"2055\"><strong data-start=\"1941\" data-end=\"1970\">Mocktails &amp; alkoholfritt:<\/strong> Anv\u00e4nd som bas med lime, mynta och en skv\u00e4tt bitter f\u00f6r en vuxen alkoholfri drink.<\/p>\n<\/li>\n<li data-start=\"2056\" data-end=\"2154\">\n<p data-start=\"2058\" data-end=\"2154\"><strong data-start=\"2058\" data-end=\"2085\">Spritz &amp; aperitif-stil:<\/strong> Toppa en l\u00e4tt spritz med is och citrus f\u00f6r extra tropisk fr\u00e4sch\u00f6r.<\/p>\n<\/li>\n<li data-start=\"2155\" data-end=\"2301\">\n<p data-start=\"2157\" data-end=\"2301\"><strong data-start=\"2157\" data-end=\"2177\">Mat &amp; servering:<\/strong> Passar ov\u00e4ntat bra till kryddstark mat (asiatiskt eller grill) och fungerar utm\u00e4rkt som \u201cfizz\u201d i en fruktig b\u00e5l till event.<\/p>\n<\/li>\n<\/ul>\n<p data-start=\"2303\" data-end=\"2386\" data-is-last-node=\"\" data-is-only-node=\"\"><strong data-start=\"2303\" data-end=\"2317\">Servering:<\/strong> Iskall (4\u20136 \u00b0C), g\u00e4rna med mycket is och en skiva lime eller citron.<\/p>\n","protected":false},"excerpt":{"rendered":"<p>Premium Mixer<\/p>\n","protected":false},"featured_media":117394,"template":"","meta":{"_acf_changed":false,"rs_blank_template":"","rs_page_bg_color":"","slide_template_v7":""},"product_brand":[],"product_cat":[2402,2405],"product_tag":[],"class_list":{"0":"post-117389","1":"product","2":"type-product","3":"status-publish","4":"has-post-thumbnail","6":"product_cat-sprit-sv","7":"product_cat-mixers-sv","8":"pa_land-grekland","9":"pa_procent-0-sv","10":"pa_producent-three-cents-artisanal-beverages","11":"pa_volume-20-sv","13":"first","14":"instock","15":"taxable","16":"shipping-taxable","17":"purchasable","18":"product-type-simple"},"bundled_by":["117414","117605"],"bundle_stock_status":"instock","bundle_stock_quantity":null,"bundle_virtual":false,"bundle_layout":"","bundle_add_to_cart_form_location":"","bundle_editable_in_cart":false,"bundle_sold_individually_context":"","bundle_item_grouping":"","bundle_min_size":"","bundle_max_size":"","bundle_price":[],"bundled_items":[],"bundle_sell_ids":[],"acf":[],"_links":{"self":[{"href":"https:\/\/www.raschvin.com\/sv\/wp-json\/wp\/v2\/product\/117389","targetHints":{"allow":["GET"]}}],"collection":[{"href":"https:\/\/www.raschvin.com\/sv\/wp-json\/wp\/v2\/product"}],"about":[{"href":"https:\/\/www.raschvin.com\/sv\/wp-json\/wp\/v2\/types\/product"}],"wp:featuredmedia":[{"embeddable":true,"href":"https:\/\/www.raschvin.com\/sv\/wp-json\/wp\/v2\/media\/117394"}],"wp:attachment":[{"href":"https:\/\/www.raschvin.com\/sv\/wp-json\/wp\/v2\/media?parent=117389"}],"wp:term":[{"taxonomy":"product_brand","embeddable":true,"href":"https:\/\/www.raschvin.com\/sv\/wp-json\/wp\/v2\/product_brand?post=117389"},{"taxonomy":"product_cat","embeddable":true,"href":"https:\/\/www.raschvin.com\/sv\/wp-json\/wp\/v2\/product_cat?post=117389"},{"taxonomy":"product_tag","embeddable":true,"href":"https:\/\/www.raschvin.com\/sv\/wp-json\/wp\/v2\/product_tag?post=117389"}],"curies":[{"name":"wp","href":"https:\/\/api.w.org\/{rel}","templated":true}]}}