{"id":117344,"date":"2026-03-02T15:57:04","date_gmt":"2026-03-02T14:57:04","guid":{"rendered":"https:\/\/www.raschvin.com\/produkt\/three-cents-pink-grapefruit-soda-20-cl-0\/"},"modified":"2026-03-02T15:57:04","modified_gmt":"2026-03-02T14:57:04","slug":"three-cents-pink-grapefruit-soda-20-cl-0","status":"publish","type":"product","link":"https:\/\/www.raschvin.com\/sv\/produkt\/three-cents-pink-grapefruit-soda-20-cl-0\/","title":{"rendered":"Three Cents Pink Grapefruit Soda 20 cl. 0%"},"content":{"rendered":"<p data-start=\"11\" data-end=\"465\">Grapefruktl\u00e4sk har blivit en sj\u00e4lvklar del av bartenderns verktygsl\u00e5da, s\u00e4rskilt sedan Paloman har skjutit i h\u00f6jden i popularitet. Medan m\u00e5nga varianter smakar ganska lite grapefrukt och mer som en generisk citrusl\u00e4sk, g\u00f6r Three Cents sin grapefruit soda i en mer naturlig stil \u2013 med en superuppfriskande grapefruktsmak som varken \u00e4r f\u00f6r s\u00f6t, f\u00f6r syrlig eller f\u00f6r bitter. Helt enkelt perfekt till Palomas, Greyhounds eller att njuta av precis som den \u00e4r!<\/p>\n<p data-start=\"467\" data-end=\"687\"><strong data-start=\"467\" data-end=\"476\">F\u00e4rg:<\/strong> En snygg, ljusrosa f\u00e4rg som verkligen piggar upp en cocktail!<br data-start=\"538\" data-end=\"541\" \/><strong data-start=\"541\" data-end=\"550\">Doft:<\/strong> Doftar friskt och \u00e4kta av r\u00f6d grapefrukt.<br data-start=\"592\" data-end=\"595\" \/><strong data-start=\"595\" data-end=\"609\">Smaknoter:<\/strong> H\u00e4rlig balans mellan s\u00f6tma och syra. Autentiska toner av grapefrukt. Perfekt.<\/p>\n<p data-start=\"689\" data-end=\"728\"><strong data-start=\"689\" data-end=\"711\">Serveringsf\u00f6rslag:<\/strong> Palomas \u00e5t alla!<\/p>\n<p data-start=\"730\" data-end=\"927\">\u201dV\u00e4nta lite\u201d, t\u00e4nker du, \u201d\u2026 \u00e4r inte det en margarita?\u201d<br data-start=\"784\" data-end=\"787\" \/>Nej! I Mexiko \u00e4r Paloman faktiskt mer popul\u00e4r! Den \u00e4r ocks\u00e5 enklare att g\u00f6ra \u2013 \u00e5tminstone i sin ursprungliga form \u2013 och kr\u00e4ver ingen shaker.<\/p>\n<p data-start=\"929\" data-end=\"1250\">Paloma betyder \u201dduva\u201d p\u00e5 spanska, och den uppfanns troligen p\u00e5 1950-talet som ett enkelt men effektivt \u00e4ktenskap mellan grapefruktl\u00e4sken Squirt och tequila. Men det var f\u00f6rst n\u00e4r man lade till f\u00e4rsk limejuice och en liten nypa salt som Paloman verkligen lyfte och blev en av de godaste, mest l\u00e4skande tequila-cocktailsen.<\/p>\n<p data-start=\"1252\" data-end=\"1273\"><strong data-start=\"1252\" data-end=\"1273\">Varf\u00f6r inte b\u00e5da?<\/strong><\/p>\n<p data-start=\"1275\" data-end=\"1624\">N\u00e4r craft cocktail-r\u00f6relsen tog fart b\u00f6rjade bartenders byta ut l\u00e4sken mot f\u00e4rsk grapefruktjuice, socker och sodavatten. D\u00e4rf\u00f6r finns det i dag tv\u00e5 s\u00e4tt att g\u00f6ra en Paloma: antingen anv\u00e4nder du grapefruktl\u00e4sk, eller s\u00e5 g\u00f6r du din egen \u201cgrapel\u00e4sk\u201d med f\u00e4rsk grapefruktjuice. B\u00e5da ger ett fantastiskt resultat. H\u00e4r f\u00e5r du receptet p\u00e5 b\u00e5da varianterna!<\/p>\n","protected":false},"excerpt":{"rendered":"<p>Premium Mixer<\/p>\n","protected":false},"featured_media":117359,"template":"","meta":{"_acf_changed":false,"rs_blank_template":"","rs_page_bg_color":"","slide_template_v7":""},"product_brand":[],"product_cat":[2402,2405],"product_tag":[],"class_list":{"0":"post-117344","1":"product","2":"type-product","3":"status-publish","4":"has-post-thumbnail","6":"product_cat-sprit-sv","7":"product_cat-mixers-sv","8":"pa_land-grekland","9":"pa_procent-0-sv","10":"pa_producent-three-cents-artisanal-beverages","11":"pa_volume-20-sv","13":"first","14":"instock","15":"taxable","16":"shipping-taxable","17":"purchasable","18":"product-type-simple"},"bundled_by":["117456","117580"],"bundle_stock_status":"instock","bundle_stock_quantity":null,"bundle_virtual":false,"bundle_layout":"","bundle_add_to_cart_form_location":"","bundle_editable_in_cart":false,"bundle_sold_individually_context":"","bundle_item_grouping":"","bundle_min_size":"","bundle_max_size":"","bundle_price":[],"bundled_items":[],"bundle_sell_ids":[],"acf":[],"_links":{"self":[{"href":"https:\/\/www.raschvin.com\/sv\/wp-json\/wp\/v2\/product\/117344","targetHints":{"allow":["GET"]}}],"collection":[{"href":"https:\/\/www.raschvin.com\/sv\/wp-json\/wp\/v2\/product"}],"about":[{"href":"https:\/\/www.raschvin.com\/sv\/wp-json\/wp\/v2\/types\/product"}],"wp:featuredmedia":[{"embeddable":true,"href":"https:\/\/www.raschvin.com\/sv\/wp-json\/wp\/v2\/media\/117359"}],"wp:attachment":[{"href":"https:\/\/www.raschvin.com\/sv\/wp-json\/wp\/v2\/media?parent=117344"}],"wp:term":[{"taxonomy":"product_brand","embeddable":true,"href":"https:\/\/www.raschvin.com\/sv\/wp-json\/wp\/v2\/product_brand?post=117344"},{"taxonomy":"product_cat","embeddable":true,"href":"https:\/\/www.raschvin.com\/sv\/wp-json\/wp\/v2\/product_cat?post=117344"},{"taxonomy":"product_tag","embeddable":true,"href":"https:\/\/www.raschvin.com\/sv\/wp-json\/wp\/v2\/product_tag?post=117344"}],"curies":[{"name":"wp","href":"https:\/\/api.w.org\/{rel}","templated":true}]}}