{"id":117302,"date":"2026-03-02T13:13:43","date_gmt":"2026-03-02T12:13:43","guid":{"rendered":"https:\/\/www.raschvin.com\/?post_type=product&#038;p=117302"},"modified":"2026-03-02T13:39:27","modified_gmt":"2026-03-02T12:39:27","slug":"drumshanbo-brazilian-fizz-kit-1x70-cl-drumshanbo-pineapple-gin-6x25-cl-folkingtons-elderflower-presse-kopier-2","status":"publish","type":"product","link":"https:\/\/www.raschvin.com\/sv\/produkt\/drumshanbo-brazilian-fizz-kit-1x70-cl-drumshanbo-pineapple-gin-6x25-cl-folkingtons-elderflower-presse-kopier-2\/","title":{"rendered":"Gin Hass Cocktail-Kit (1&#215;70 cl. Level Gin + 6&#215;15 cl. Folkington\u2019s Sicilian Lemonade + 1 Monin Mango Suryp)"},"content":{"rendered":"<p data-start=\"79\" data-end=\"366\">Det h\u00e4r \u00e4r paketet f\u00f6r dig som vill g\u00f6ra en <strong data-start=\"123\" data-end=\"142\">riktig Gin Hass<\/strong> hemma \u2013 den danska sommarklassikern som \u00e4r lika enkel som den \u00e4r farligt god. H\u00e4r f\u00e5r du allt som beh\u00f6vs f\u00f6r den perfekta balansen: <strong data-start=\"275\" data-end=\"295\">ren, krispig gin<\/strong>, <strong data-start=\"297\" data-end=\"315\">solmogen mango<\/strong> och <strong data-start=\"320\" data-end=\"347\">frisk siciliansk citron<\/strong> med l\u00e4tta bubblor.<\/p>\n<p data-start=\"368\" data-end=\"687\"><strong data-start=\"368\" data-end=\"381\">Level Gin<\/strong> s\u00e4tter ryggraden med en tydlig ginprofil och fr\u00e4sch\u00f6r som h\u00e5ller ihop drinken. <strong data-start=\"461\" data-end=\"482\">Monin Mango Syrup<\/strong> ger den d\u00e4r mjuka, tropiska mangotonen som g\u00f6r Gin Hass rund och \u201cjuicy\u201d utan att bli tung. Och <strong data-start=\"579\" data-end=\"613\">Folkington\u2019s Sicilian Lemonade<\/strong> lyfter allt med sin rena citronprofil \u2013 frisk, pigg och perfekt som topp.<\/p>\n<h3 data-start=\"689\" data-end=\"716\">Det h\u00e4r ing\u00e5r i paketet<\/h3>\n<ul data-start=\"717\" data-end=\"813\">\n<li data-start=\"717\" data-end=\"736\">\n<p data-start=\"719\" data-end=\"736\"><strong data-start=\"719\" data-end=\"736\">1 \u00d7 Level Gin<\/strong><\/p>\n<\/li>\n<li data-start=\"737\" data-end=\"764\">\n<p data-start=\"739\" data-end=\"764\"><strong data-start=\"739\" data-end=\"764\">1 \u00d7 Monin Mango Syrup<\/strong><\/p>\n<\/li>\n<li data-start=\"765\" data-end=\"813\">\n<p data-start=\"767\" data-end=\"813\"><strong data-start=\"767\" data-end=\"813\">6 \u00d7 Folkington\u2019s Sicilian Lemonade (15 cl)<\/strong><\/p>\n<\/li>\n<\/ul>\n<h3 data-start=\"815\" data-end=\"862\">Barserve: s\u00e5 g\u00f6r du en Gin Hass (p\u00e5 30 sek)<\/h3>\n<ol data-start=\"863\" data-end=\"1071\">\n<li data-start=\"863\" data-end=\"902\">\n<p data-start=\"866\" data-end=\"902\">Fyll ett stort glas med mycket is.<\/p>\n<\/li>\n<li data-start=\"903\" data-end=\"934\">\n<p data-start=\"906\" data-end=\"934\">H\u00e4ll i <strong data-start=\"913\" data-end=\"931\">5 cl Level Gin<\/strong>.<\/p>\n<\/li>\n<li data-start=\"935\" data-end=\"976\">\n<p data-start=\"938\" data-end=\"976\">Tills\u00e4tt <strong data-start=\"947\" data-end=\"973\">2 cl Monin Mango Syrup<\/strong>.<\/p>\n<\/li>\n<li data-start=\"977\" data-end=\"1044\">\n<p data-start=\"980\" data-end=\"1044\">Toppa med <strong data-start=\"990\" data-end=\"1041\">1 flaska Folkington\u2019s Sicilian Lemonade (15 cl)<\/strong>.<\/p>\n<\/li>\n<li data-start=\"1045\" data-end=\"1071\">\n<p data-start=\"1048\" data-end=\"1071\">R\u00f6r f\u00f6rsiktigt en g\u00e5ng.<\/p>\n<\/li>\n<\/ol>\n","protected":false},"excerpt":{"rendered":"<p>Det h\u00e4r \u00e4r paketet f\u00f6r dig som vill g\u00f6ra en riktig Gin Hass hemma \u2013 den danska sommarklassikern som \u00e4r lika enkel som den \u00e4r farligt god. H\u00e4r f\u00e5r du&#8230;<\/p>\n","protected":false},"featured_media":117306,"template":"","meta":{"_acf_changed":false,"rs_blank_template":"","rs_page_bg_color":"","slide_template_v7":""},"product_brand":[],"product_cat":[4403,4401],"product_tag":[],"class_list":{"0":"post-117302","1":"product","2":"type-product","3":"status-publish","4":"has-post-thumbnail","6":"product_cat-smaka-laador-cocktail","7":"product_cat-smaka-laador","9":"first","10":"instock","11":"sale","12":"virtual","13":"taxable","14":"purchasable","15":"product-type-bundle"},"bundled_by":[],"bundle_stock_status":"instock","bundle_stock_quantity":"","bundle_virtual":false,"bundle_layout":"tabular","bundle_add_to_cart_form_location":"default","bundle_editable_in_cart":false,"bundle_sold_individually_context":"product","bundle_item_grouping":"noindent","bundle_min_size":"","bundle_max_size":"","bundle_price":{"price":{"min":{"incl_tax":"389","excl_tax":"311.2"},"max":{"incl_tax":"389","excl_tax":"311.2"}},"regular_price":{"min":{"incl_tax":"429","excl_tax":"343.2"},"max":{"incl_tax":"429","excl_tax":"343.2"}}},"bundled_items":[{"bundled_item_id":660,"product_id":16230,"menu_order":0,"quantity_min":1,"quantity_max":1,"quantity_default":1,"priced_individually":false,"shipped_individually":false,"override_title":false,"title":"Level Triple Distilled Gin 70 cl. 44%","override_description":false,"description":"Level Triple Distilled Gin 70 cl. 44%","optional":false,"hide_thumbnail":false,"discount":"","override_variations":false,"allowed_variations":[""],"override_default_variation_attributes":false,"default_variation_attributes":[],"single_product_visibility":"visible","cart_visibility":"visible","order_visibility":"visible","single_product_price_visibility":"visible","cart_price_visibility":"visible","order_price_visibility":"visible","stock_status":"in_stock"},{"bundled_item_id":661,"product_id":16540,"menu_order":1,"quantity_min":1,"quantity_max":1,"quantity_default":1,"priced_individually":false,"shipped_individually":false,"override_title":false,"title":"Monin Mango Syrup (Mangue) 70 cl.","override_description":false,"description":"Monin Mango Syrup (Mangue) 70 cl.","optional":false,"hide_thumbnail":false,"discount":"","override_variations":false,"allowed_variations":[""],"override_default_variation_attributes":false,"default_variation_attributes":[],"single_product_visibility":"visible","cart_visibility":"visible","order_visibility":"visible","single_product_price_visibility":"visible","cart_price_visibility":"visible","order_price_visibility":"visible","stock_status":"in_stock"},{"bundled_item_id":662,"product_id":16249,"menu_order":2,"quantity_min":6,"quantity_max":6,"quantity_default":6,"priced_individually":false,"shipped_individually":false,"override_title":false,"title":"Folkington&#8217;s Sicilian Lemonade 15 cl.","override_description":false,"description":"Folkington&#8217;s Sicilian Lemonade 15 cl.","optional":false,"hide_thumbnail":false,"discount":"","override_variations":false,"allowed_variations":[""],"override_default_variation_attributes":false,"default_variation_attributes":[],"single_product_visibility":"visible","cart_visibility":"visible","order_visibility":"visible","single_product_price_visibility":"visible","cart_price_visibility":"visible","order_price_visibility":"visible","stock_status":"in_stock"}],"bundle_sell_ids":[],"acf":[],"_links":{"self":[{"href":"https:\/\/www.raschvin.com\/sv\/wp-json\/wp\/v2\/product\/117302","targetHints":{"allow":["GET"]}}],"collection":[{"href":"https:\/\/www.raschvin.com\/sv\/wp-json\/wp\/v2\/product"}],"about":[{"href":"https:\/\/www.raschvin.com\/sv\/wp-json\/wp\/v2\/types\/product"}],"wp:featuredmedia":[{"embeddable":true,"href":"https:\/\/www.raschvin.com\/sv\/wp-json\/wp\/v2\/media\/117306"}],"wp:attachment":[{"href":"https:\/\/www.raschvin.com\/sv\/wp-json\/wp\/v2\/media?parent=117302"}],"wp:term":[{"taxonomy":"product_brand","embeddable":true,"href":"https:\/\/www.raschvin.com\/sv\/wp-json\/wp\/v2\/product_brand?post=117302"},{"taxonomy":"product_cat","embeddable":true,"href":"https:\/\/www.raschvin.com\/sv\/wp-json\/wp\/v2\/product_cat?post=117302"},{"taxonomy":"product_tag","embeddable":true,"href":"https:\/\/www.raschvin.com\/sv\/wp-json\/wp\/v2\/product_tag?post=117302"}],"curies":[{"name":"wp","href":"https:\/\/api.w.org\/{rel}","templated":true}]}}