{"id":116797,"date":"2026-02-24T09:20:31","date_gmt":"2026-02-24T08:20:31","guid":{"rendered":"https:\/\/www.raschvin.com\/produkt\/rhum-barbancourt-15-ans-70-cl-43\/"},"modified":"2026-02-24T09:20:31","modified_gmt":"2026-02-24T08:20:31","slug":"rhum-barbancourt-15-ans-70-cl-43","status":"publish","type":"product","link":"https:\/\/www.raschvin.com\/sv\/produkt\/rhum-barbancourt-15-ans-70-cl-43\/","title":{"rendered":"Rhum Barbancourt 15 Ans 70 cl. 43%"},"content":{"rendered":"<p data-start=\"0\" data-end=\"141\">Rhum Barbancourt 15 Ans produceras av <strong data-start=\"38\" data-end=\"69\">Soci\u00e9t\u00e9 du Rhum Barbancourt<\/strong> i <strong data-start=\"72\" data-end=\"81\">Haiti<\/strong> (destilleriet ligger i <strong data-start=\"105\" data-end=\"116\">Damiens<\/strong> utanf\u00f6r Port-au-Prince).<\/p>\n<p data-start=\"143\" data-end=\"399\">Det h\u00e4r \u00e4r en av husets mest k\u00e4nda kvalitetsromar och bygger p\u00e5 Barbancourts haitiska stil: rom p\u00e5 sockerr\u00f6rsjuice (inte melass) som destilleras och lagras p\u00e5 ekfat f\u00f6r en tydligt torr, elegant och ekdriven profil j\u00e4mf\u00f6rt med m\u00e5nga s\u00f6tare \u201cgourmand\u201d-romar.<\/p>\n<p data-start=\"401\" data-end=\"734\">I doften hittar du ofta torkad frukt, apelsinskal, vanilj, kakao, ceder\/\u00e4deltr\u00e4 och en varm kryddighet. Smaken \u00e4r fyllig men relativt torr, med toner av karamelliserat socker, n\u00f6tter, m\u00f6rk choklad, kryddor och tydlig ek som ger struktur och l\u00e4ngd. Eftersmaken \u00e4r l\u00e5ng, varm och l\u00e4tt pepprig med tr\u00e4, kakao och en aning rostade toner.<\/p>\n<p data-start=\"736\" data-end=\"1187\">Anv\u00e4ndning: Den \u00e4r framf\u00f6r allt gjord f\u00f6r att <strong data-start=\"782\" data-end=\"792\">sippas<\/strong> \u2013 rumstempererad eller \u00f6ver en stor iskub. I cocktails g\u00f6r den sig b\u00e4st i <strong data-start=\"867\" data-end=\"884\">rom-klassiker<\/strong> d\u00e4r man vill ha mer djup och fatkarakt\u00e4r, till exempel en rom Old Fashioned eller en \u201cspirit-forward\u201d drink med liten s\u00f6tning och bitter. Till mat passar den fint som avec, s\u00e4rskilt till m\u00f6rk choklad, n\u00f6tter, lagrade ostar eller desserter med rostad\/fruktig karakt\u00e4r snarare \u00e4n rena gr\u00e4ddiga s\u00f6tbombar.<\/p>\n","protected":false},"excerpt":{"rendered":"<p>Soci\u00e9t\u00e9 du Rhum Barbancourt &#8211; Haiti<\/p>\n","protected":false},"featured_media":116818,"template":"","meta":{"_acf_changed":false,"rs_blank_template":"","rs_page_bg_color":"","slide_template_v7":""},"product_brand":[],"product_cat":[2387,4634,2391],"product_tag":[],"class_list":{"0":"post-116797","1":"product","2":"type-product","3":"status-publish","4":"has-post-thumbnail","6":"product_cat-avec-sv","7":"product_cat-premium-aged-sv","8":"product_cat-rom-sv","9":"pa_land-haiti-sv","10":"pa_procent-43-sv","11":"pa_producent-societe-du-rhum-barbancourt","12":"pa_volume-70-sv-2","14":"first","15":"instock","16":"sale","17":"taxable","18":"shipping-taxable","19":"purchasable","20":"product-type-simple"},"bundled_by":[],"bundle_stock_status":"instock","bundle_stock_quantity":null,"bundle_virtual":false,"bundle_layout":"","bundle_add_to_cart_form_location":"","bundle_editable_in_cart":false,"bundle_sold_individually_context":"","bundle_item_grouping":"","bundle_min_size":"","bundle_max_size":"","bundle_price":[],"bundled_items":[],"bundle_sell_ids":[],"acf":[],"_links":{"self":[{"href":"https:\/\/www.raschvin.com\/sv\/wp-json\/wp\/v2\/product\/116797","targetHints":{"allow":["GET"]}}],"collection":[{"href":"https:\/\/www.raschvin.com\/sv\/wp-json\/wp\/v2\/product"}],"about":[{"href":"https:\/\/www.raschvin.com\/sv\/wp-json\/wp\/v2\/types\/product"}],"wp:featuredmedia":[{"embeddable":true,"href":"https:\/\/www.raschvin.com\/sv\/wp-json\/wp\/v2\/media\/116818"}],"wp:attachment":[{"href":"https:\/\/www.raschvin.com\/sv\/wp-json\/wp\/v2\/media?parent=116797"}],"wp:term":[{"taxonomy":"product_brand","embeddable":true,"href":"https:\/\/www.raschvin.com\/sv\/wp-json\/wp\/v2\/product_brand?post=116797"},{"taxonomy":"product_cat","embeddable":true,"href":"https:\/\/www.raschvin.com\/sv\/wp-json\/wp\/v2\/product_cat?post=116797"},{"taxonomy":"product_tag","embeddable":true,"href":"https:\/\/www.raschvin.com\/sv\/wp-json\/wp\/v2\/product_tag?post=116797"}],"curies":[{"name":"wp","href":"https:\/\/api.w.org\/{rel}","templated":true}]}}