{"id":116339,"date":"2026-02-18T14:01:19","date_gmt":"2026-02-18T13:01:19","guid":{"rendered":"https:\/\/www.raschvin.com\/?post_type=product&#038;p=116339"},"modified":"2026-02-18T14:08:59","modified_gmt":"2026-02-18T13:08:59","slug":"limocello-tonic-kit-1x70-cl-bepi-limoncello-4x50-cl-fentimans-indian-tonic-water-kopier","status":"publish","type":"product","link":"https:\/\/www.raschvin.com\/sv\/produkt\/limocello-tonic-kit-1x70-cl-bepi-limoncello-4x50-cl-fentimans-indian-tonic-water-kopier\/","title":{"rendered":"Gin Tonic-Kit (1&#215;70 cl. Helsing\u00f8r Gin + 4&#215;50 cl. Fentimans Indian Tonic Water)"},"content":{"rendered":"<p data-start=\"70\" data-end=\"182\">Vill du ha en <strong data-start=\"84\" data-end=\"121\">G&amp;T som smakar \u201crent\u201d och elegant<\/strong>, d\u00e4r ginen f\u00e5r st\u00e5 i centrum? D\u00e5 \u00e4r den h\u00e4r kombon klockren.<\/p>\n<p data-start=\"184\" data-end=\"567\"><strong data-start=\"184\" data-end=\"201\">Helsing\u00f8r Gin<\/strong> \u00e4r fokuserad p\u00e5 <strong data-start=\"218\" data-end=\"256\">enb\u00e4r och citrus \u2013 och inget annat<\/strong>. Det ger en otroligt klar, fr\u00e4sch ginprofil med en l\u00e4tt, semi-torr avslutning som g\u00f6r drinken stram och l\u00e4ttdrucken. Till det f\u00e5r du <strong data-start=\"390\" data-end=\"430\">Fentimans Premium Indian Tonic Water<\/strong>: en tonic med botanisk sk\u00e4rpa, <strong data-start=\"462\" data-end=\"480\">citrusfr\u00e4sch\u00f6r<\/strong> och en tydlig men fin <strong data-start=\"503\" data-end=\"523\">quininebitterhet<\/strong> som lyfter ginen i st\u00e4llet f\u00f6r att ta \u00f6ver.<\/p>\n<h3 data-start=\"569\" data-end=\"582\">I paketet<\/h3>\n<ul data-start=\"583\" data-end=\"661\">\n<li data-start=\"583\" data-end=\"606\">\n<p data-start=\"585\" data-end=\"606\"><strong data-start=\"585\" data-end=\"606\">1 \u00d7 Helsing\u00f8r Gin<\/strong><\/p>\n<\/li>\n<li data-start=\"607\" data-end=\"661\">\n<p data-start=\"609\" data-end=\"661\"><strong data-start=\"609\" data-end=\"661\">4 \u00d7 Fentimans Premium Indian Tonic Water (50 cl)<\/strong><\/p>\n<\/li>\n<\/ul>\n<h3 data-start=\"663\" data-end=\"680\">Smaken du f\u00e5r<\/h3>\n<p data-start=\"681\" data-end=\"823\"><strong data-start=\"681\" data-end=\"742\">Krispig enb\u00e4r, fr\u00e4sch citrus och en elegant bitter finish<\/strong> \u2013 en \u201cvuxen\u201d gin &amp; tonic som k\u00e4nns lika r\u00e4tt till aperitif som till helgkv\u00e4llen.<\/p>\n<h3 data-start=\"825\" data-end=\"856\">S\u00e5 blandar du (perfekt G&amp;T)<\/h3>\n<ol data-start=\"857\" data-end=\"1016\">\n<li data-start=\"857\" data-end=\"896\">\n<p data-start=\"860\" data-end=\"896\">Fyll ett stort glas med mycket is.<\/p>\n<\/li>\n<li data-start=\"897\" data-end=\"932\">\n<p data-start=\"900\" data-end=\"932\">H\u00e4ll i <strong data-start=\"907\" data-end=\"929\">5 cl Helsing\u00f8r Gin<\/strong>.<\/p>\n<\/li>\n<li data-start=\"933\" data-end=\"989\">\n<p data-start=\"936\" data-end=\"989\">Toppa med <strong data-start=\"946\" data-end=\"986\">15 cl Fentimans Premium Indian Tonic<\/strong>.<\/p>\n<\/li>\n<li data-start=\"990\" data-end=\"1016\">\n<p data-start=\"993\" data-end=\"1016\">R\u00f6r f\u00f6rsiktigt en g\u00e5ng.<\/p>\n<\/li>\n<\/ol>\n<p data-start=\"1018\" data-end=\"1145\"><strong data-start=\"1018\" data-end=\"1036\">Garnityr-tips:<\/strong> citronskal eller en tunn citronskiva (matchar ginens citrusprofil). Vill du dra \u00e5t det mer klassiskt: enb\u00e4r.<\/p>\n<h3 data-start=\"1147\" data-end=\"1179\">Varf\u00f6r den h\u00e4r kombon funkar<\/h3>\n<ul data-start=\"1180\" data-end=\"1372\">\n<li data-start=\"1180\" data-end=\"1256\">\n<p data-start=\"1182\" data-end=\"1256\"><strong data-start=\"1182\" data-end=\"1195\">Helsing\u00f8r<\/strong>: ren enb\u00e4r\/citrus g\u00f6r att drinken blir tydlig och \u201cclean\u201d.<\/p>\n<\/li>\n<li data-start=\"1257\" data-end=\"1372\">\n<p data-start=\"1259\" data-end=\"1372\"><strong data-start=\"1259\" data-end=\"1272\">Fentimans<\/strong>: botanisk tonic med citron och citrongr\u00e4s + quinine ger struktur och fr\u00e4sch\u00f6r utan att bli f\u00f6r s\u00f6t.<\/p>\n<\/li>\n<\/ul>\n","protected":false},"excerpt":{"rendered":"<p>Vill du ha en G&amp;T som smakar \u201crent\u201d och elegant, d\u00e4r ginen f\u00e5r st\u00e5 i centrum? D\u00e5 \u00e4r den h\u00e4r kombon klockren. Helsing\u00f8r Gin \u00e4r fokuserad p\u00e5 enb\u00e4r och citrus&#8230;<\/p>\n","protected":false},"featured_media":116345,"template":"","meta":{"_acf_changed":false,"rs_blank_template":"","rs_page_bg_color":"","slide_template_v7":""},"product_brand":[],"product_cat":[4403,4401],"product_tag":[],"class_list":{"0":"post-116339","1":"product","2":"type-product","3":"status-publish","4":"has-post-thumbnail","6":"product_cat-smaka-laador-cocktail","7":"product_cat-smaka-laador","9":"first","10":"instock","11":"sale","12":"virtual","13":"taxable","14":"purchasable","15":"product-type-bundle"},"bundled_by":[],"bundle_stock_status":"instock","bundle_stock_quantity":"","bundle_virtual":false,"bundle_layout":"tabular","bundle_add_to_cart_form_location":"default","bundle_editable_in_cart":false,"bundle_sold_individually_context":"product","bundle_item_grouping":"noindent","bundle_min_size":"","bundle_max_size":"","bundle_price":{"price":{"min":{"incl_tax":"449","excl_tax":"359.2"},"max":{"incl_tax":"449","excl_tax":"359.2"}},"regular_price":{"min":{"incl_tax":"499","excl_tax":"399.2"},"max":{"incl_tax":"499","excl_tax":"399.2"}}},"bundled_items":[{"bundled_item_id":384,"product_id":41261,"menu_order":1,"quantity_min":1,"quantity_max":1,"quantity_default":1,"priced_individually":false,"shipped_individually":false,"override_title":false,"title":"Helsing\u00f8r Gin &#8211; Citrus Dry 70 cl. 43%","override_description":false,"description":"Helsing\u00f8r Gin &#8211; Citrus Dry 70 cl. 43%","optional":false,"hide_thumbnail":false,"discount":"","override_variations":false,"allowed_variations":[""],"override_default_variation_attributes":false,"default_variation_attributes":[],"single_product_visibility":"visible","cart_visibility":"visible","order_visibility":"visible","single_product_price_visibility":"visible","cart_price_visibility":"visible","order_price_visibility":"visible","stock_status":"in_stock"},{"bundled_item_id":565,"product_id":54804,"menu_order":1,"quantity_min":4,"quantity_max":4,"quantity_default":4,"priced_individually":false,"shipped_individually":false,"override_title":false,"title":"Fentimans Premium Indian Tonic Water (Gluten Free &#038; Vegan) 50 cl.","override_description":false,"description":"Fentimans Premium Indian Tonic Water (Gluten Free &#038; Vegan) 50 cl.","optional":false,"hide_thumbnail":false,"discount":"","override_variations":false,"allowed_variations":[""],"override_default_variation_attributes":false,"default_variation_attributes":[],"single_product_visibility":"visible","cart_visibility":"visible","order_visibility":"visible","single_product_price_visibility":"visible","cart_price_visibility":"visible","order_price_visibility":"visible","stock_status":"in_stock"}],"bundle_sell_ids":[],"acf":[],"_links":{"self":[{"href":"https:\/\/www.raschvin.com\/sv\/wp-json\/wp\/v2\/product\/116339","targetHints":{"allow":["GET"]}}],"collection":[{"href":"https:\/\/www.raschvin.com\/sv\/wp-json\/wp\/v2\/product"}],"about":[{"href":"https:\/\/www.raschvin.com\/sv\/wp-json\/wp\/v2\/types\/product"}],"wp:featuredmedia":[{"embeddable":true,"href":"https:\/\/www.raschvin.com\/sv\/wp-json\/wp\/v2\/media\/116345"}],"wp:attachment":[{"href":"https:\/\/www.raschvin.com\/sv\/wp-json\/wp\/v2\/media?parent=116339"}],"wp:term":[{"taxonomy":"product_brand","embeddable":true,"href":"https:\/\/www.raschvin.com\/sv\/wp-json\/wp\/v2\/product_brand?post=116339"},{"taxonomy":"product_cat","embeddable":true,"href":"https:\/\/www.raschvin.com\/sv\/wp-json\/wp\/v2\/product_cat?post=116339"},{"taxonomy":"product_tag","embeddable":true,"href":"https:\/\/www.raschvin.com\/sv\/wp-json\/wp\/v2\/product_tag?post=116339"}],"curies":[{"name":"wp","href":"https:\/\/api.w.org\/{rel}","templated":true}]}}