{"id":116233,"date":"2026-02-18T10:50:54","date_gmt":"2026-02-18T09:50:54","guid":{"rendered":"https:\/\/www.raschvin.com\/?post_type=product&#038;p=116233"},"modified":"2026-02-18T11:08:03","modified_gmt":"2026-02-18T10:08:03","slug":"negroni-kit-1x100cl-campari-1x70-cl-whitley-neill-org-dry-gin-1-cocchi-vermouth-di-torino-kopier","status":"publish","type":"product","link":"https:\/\/www.raschvin.com\/sv\/produkt\/negroni-kit-1x100cl-campari-1x70-cl-whitley-neill-org-dry-gin-1-cocchi-vermouth-di-torino-kopier\/","title":{"rendered":"Negroni Sbagliato-Kit (1x100cl. Campari + 1&#215;70 Lustau Vermut Rojo + 1&#215;75 cl Althea Prosecco Superiore)"},"content":{"rendered":"<h2 data-start=\"0\" data-end=\"73\">Negroni Sbagliato-paketet \u2013 \u201cthe happy mistake\u201d med italienska bubblor<\/h2>\n<p data-start=\"74\" data-end=\"262\">N\u00e4r du vill ha <strong data-start=\"89\" data-end=\"108\">Negroni-k\u00e4nslan<\/strong>, men med en <strong data-start=\"121\" data-end=\"165\">l\u00e4ttare, mer spritsig och festklar twist<\/strong>: h\u00e4r \u00e4r <strong data-start=\"174\" data-end=\"195\">Negroni Sbagliato<\/strong> \u2013 klassikern som f\u00f6ddes av ett misstag och blev en modern favorit.<\/p>\n<p data-start=\"264\" data-end=\"308\">I det h\u00e4r paketet f\u00e5r du den perfekta trion:<\/p>\n<ul data-start=\"309\" data-end=\"546\">\n<li data-start=\"309\" data-end=\"381\">\n<p data-start=\"311\" data-end=\"381\"><strong data-start=\"311\" data-end=\"322\">Campari<\/strong> f\u00f6r den ikoniska r\u00f6da f\u00e4rgen och bitters\u00f6ta apelsintonen<\/p>\n<\/li>\n<li data-start=\"382\" data-end=\"459\">\n<p data-start=\"384\" data-end=\"459\"><strong data-start=\"384\" data-end=\"406\">Lustau Vermut Rojo<\/strong> som adderar djup, sherry-rikedom och kryddig s\u00f6tma<\/p>\n<\/li>\n<li data-start=\"460\" data-end=\"546\">\n<p data-start=\"462\" data-end=\"546\"><strong data-start=\"462\" data-end=\"501\">Althea Prosecco Superiore Extra Dry<\/strong> som lyfter allt med friska, eleganta bubblor<\/p>\n<\/li>\n<\/ul>\n<h3 data-start=\"548\" data-end=\"561\">I paketet<\/h3>\n<ul data-start=\"562\" data-end=\"661\">\n<li data-start=\"562\" data-end=\"586\">\n<p data-start=\"564\" data-end=\"586\"><strong data-start=\"564\" data-end=\"586\">1 \u00d7 Campari 100 cl<\/strong><\/p>\n<\/li>\n<li data-start=\"587\" data-end=\"615\">\n<p data-start=\"589\" data-end=\"615\"><strong data-start=\"589\" data-end=\"615\">1 \u00d7 Lustau Vermut Rojo<\/strong><\/p>\n<\/li>\n<li data-start=\"616\" data-end=\"661\">\n<p data-start=\"618\" data-end=\"661\"><strong data-start=\"618\" data-end=\"661\">1 \u00d7 Althea Prosecco Superiore Extra Dry<\/strong><\/p>\n<\/li>\n<\/ul>\n<h3 data-start=\"663\" data-end=\"680\">Smaken du f\u00e5r<\/h3>\n<p data-start=\"681\" data-end=\"925\"><strong data-start=\"681\" data-end=\"718\">Bitter apelsin, \u00f6rter och kryddor<\/strong> m\u00f6ter <strong data-start=\"725\" data-end=\"748\">rund vermouth-s\u00f6tma<\/strong> och toppas med <strong data-start=\"764\" data-end=\"783\">livliga bubblor<\/strong>. Resultatet \u00e4r en drink som k\u00e4nns <strong data-start=\"818\" data-end=\"864\">fr\u00e4schare och l\u00e4ttare \u00e4n en vanlig Negroni<\/strong>, men fortfarande <strong data-start=\"882\" data-end=\"924\">komplex, vuxen och riktigt \u201caperitivo\u201d<\/strong>.<\/p>\n<h3 data-start=\"927\" data-end=\"979\">S\u00e5 blandar du en Negroni Sbagliato (superenkelt)<\/h3>\n<ol data-start=\"980\" data-end=\"1193\">\n<li data-start=\"980\" data-end=\"1011\">\n<p data-start=\"983\" data-end=\"1011\">Fyll ett rocksglas med is.<\/p>\n<\/li>\n<li data-start=\"1012\" data-end=\"1079\">\n<p data-start=\"1015\" data-end=\"1079\">H\u00e4ll <strong data-start=\"1020\" data-end=\"1062\">3 cl Campari + 3 cl Lustau Vermut Rojo<\/strong> och r\u00f6r kallt.<\/p>\n<\/li>\n<li data-start=\"1080\" data-end=\"1140\">\n<p data-start=\"1083\" data-end=\"1140\">Toppa med <strong data-start=\"1093\" data-end=\"1137\">3 cl Althea Prosecco Superiore Extra Dry<\/strong>.<\/p>\n<\/li>\n<li data-start=\"1141\" data-end=\"1193\">\n<p data-start=\"1144\" data-end=\"1193\">Garnera med <strong data-start=\"1156\" data-end=\"1171\">apelsinzest<\/strong> (eller apelsinskiva).<\/p>\n<\/li>\n<\/ol>\n<p data-start=\"1195\" data-end=\"1270\"><strong data-start=\"1195\" data-end=\"1204\">Tips:<\/strong> Vill du ha den mer bubblig och l\u00e4tt? Toppa med lite mer prosecco.<\/p>\n","protected":false},"excerpt":{"rendered":"<p>Negroni Sbagliato-paketet \u2013 \u201cthe happy mistake\u201d med italienska bubblor N\u00e4r du vill ha Negroni-k\u00e4nslan, men med en l\u00e4ttare, mer spritsig och festklar twist: h\u00e4r \u00e4r Negroni Sbagliato \u2013 klassikern som&#8230;<\/p>\n","protected":false},"featured_media":116258,"template":"","meta":{"_acf_changed":false,"rs_blank_template":"","rs_page_bg_color":"","slide_template_v7":""},"product_brand":[],"product_cat":[4403,4401],"product_tag":[],"class_list":{"0":"post-116233","1":"product","2":"type-product","3":"status-publish","4":"has-post-thumbnail","6":"product_cat-smaka-laador-cocktail","7":"product_cat-smaka-laador","9":"first","10":"instock","11":"sale","12":"virtual","13":"taxable","14":"purchasable","15":"product-type-bundle"},"bundled_by":[],"bundle_stock_status":"instock","bundle_stock_quantity":"","bundle_virtual":false,"bundle_layout":"tabular","bundle_add_to_cart_form_location":"default","bundle_editable_in_cart":false,"bundle_sold_individually_context":"product","bundle_item_grouping":"noindent","bundle_min_size":"","bundle_max_size":"","bundle_price":{"price":{"min":{"incl_tax":"489","excl_tax":"391.2"},"max":{"incl_tax":"489","excl_tax":"391.2"}},"regular_price":{"min":{"incl_tax":"519","excl_tax":"415.2"},"max":{"incl_tax":"519","excl_tax":"415.2"}}},"bundled_items":[{"bundled_item_id":316,"product_id":16199,"menu_order":0,"quantity_min":1,"quantity_max":1,"quantity_default":1,"priced_individually":false,"shipped_individually":false,"override_title":false,"title":"Campari Bitter 100 cl. 25%","override_description":false,"description":"Campari Bitter 100 cl. 25%","optional":false,"hide_thumbnail":false,"discount":"","override_variations":false,"allowed_variations":[""],"override_default_variation_attributes":false,"default_variation_attributes":[],"single_product_visibility":"visible","cart_visibility":"visible","order_visibility":"visible","single_product_price_visibility":"visible","cart_price_visibility":"visible","order_price_visibility":"visible","stock_status":"in_stock"},{"bundled_item_id":317,"product_id":21634,"menu_order":1,"quantity_min":1,"quantity_max":1,"quantity_default":1,"priced_individually":false,"shipped_individually":false,"override_title":false,"title":"Lustau Vermut &#8211; Rojo (Red) 75 cl. 15%","override_description":false,"description":"Lustau Vermut &#8211; Rojo (Red) 75 cl. 15%","optional":false,"hide_thumbnail":false,"discount":"","override_variations":false,"allowed_variations":[""],"override_default_variation_attributes":false,"default_variation_attributes":[],"single_product_visibility":"visible","cart_visibility":"visible","order_visibility":"visible","single_product_price_visibility":"visible","cart_price_visibility":"visible","order_price_visibility":"visible","stock_status":"in_stock"},{"bundled_item_id":318,"product_id":21696,"menu_order":2,"quantity_min":1,"quantity_max":1,"quantity_default":1,"priced_individually":false,"shipped_individually":false,"override_title":false,"title":"Althea Prosecco Superiore &#8211; Extra Dry 75 cl.","override_description":false,"description":"Althea Prosecco Superiore &#8211; Extra Dry 75 cl.","optional":false,"hide_thumbnail":false,"discount":"","override_variations":false,"allowed_variations":[""],"override_default_variation_attributes":false,"default_variation_attributes":[],"single_product_visibility":"visible","cart_visibility":"visible","order_visibility":"visible","single_product_price_visibility":"visible","cart_price_visibility":"visible","order_price_visibility":"visible","stock_status":"in_stock"}],"bundle_sell_ids":[],"acf":[],"_links":{"self":[{"href":"https:\/\/www.raschvin.com\/sv\/wp-json\/wp\/v2\/product\/116233","targetHints":{"allow":["GET"]}}],"collection":[{"href":"https:\/\/www.raschvin.com\/sv\/wp-json\/wp\/v2\/product"}],"about":[{"href":"https:\/\/www.raschvin.com\/sv\/wp-json\/wp\/v2\/types\/product"}],"wp:featuredmedia":[{"embeddable":true,"href":"https:\/\/www.raschvin.com\/sv\/wp-json\/wp\/v2\/media\/116258"}],"wp:attachment":[{"href":"https:\/\/www.raschvin.com\/sv\/wp-json\/wp\/v2\/media?parent=116233"}],"wp:term":[{"taxonomy":"product_brand","embeddable":true,"href":"https:\/\/www.raschvin.com\/sv\/wp-json\/wp\/v2\/product_brand?post=116233"},{"taxonomy":"product_cat","embeddable":true,"href":"https:\/\/www.raschvin.com\/sv\/wp-json\/wp\/v2\/product_cat?post=116233"},{"taxonomy":"product_tag","embeddable":true,"href":"https:\/\/www.raschvin.com\/sv\/wp-json\/wp\/v2\/product_tag?post=116233"}],"curies":[{"name":"wp","href":"https:\/\/api.w.org\/{rel}","templated":true}]}}