{"id":115839,"date":"2026-02-13T07:26:51","date_gmt":"2026-02-13T06:26:51","guid":{"rendered":"https:\/\/www.raschvin.com\/?post_type=product&#038;p=115839"},"modified":"2026-02-13T07:38:40","modified_gmt":"2026-02-13T06:38:40","slug":"arbois-blanc-savagnin-ouille-2023-75-cl-kopier","status":"publish","type":"product","link":"https:\/\/www.raschvin.com\/sv\/produkt\/arbois-blanc-savagnin-ouille-2023-75-cl-kopier\/","title":{"rendered":"C\u00f4tes du Jura Expression du Terrior Blanc 2018 75 cl."},"content":{"rendered":"<p data-start=\"21\" data-end=\"547\"><strong data-start=\"21\" data-end=\"68\">C\u00f4tes du Jura \u201cExpression du Terroir\u201d Blanc<\/strong> \u00e4r en klassisk och karakt\u00e4rsfull Jura-blanc d\u00e4r frisk Chardonnay m\u00f6ter Savagnins unika djup. Vinet kommer fr\u00e5n sydv\u00e4nda sluttningar vid Voiteur, vilket ger ett uttryck med tydlig mineralitet, sp\u00e4nst och en l\u00e4tt salt ton. I doften och smaken hittar du citrus och stenfrukt, vita blommor och en elegant kryddighet, f\u00f6ljt av en subtilt n\u00f6tig, l\u00e4tt \u201cjurassisk\u201d k\u00e4nsla som dr\u00f6jer kvar l\u00e4nge. Ett sj\u00e4lvklart val till lagrade ostar, svamp, kr\u00e4miga r\u00e4tter \u2013 och mat med lite kryddhetta.<\/p>\n<h3 data-start=\"549\" data-end=\"572\">S\u00e5 produceras vinet<\/h3>\n<p data-start=\"573\" data-end=\"1253\">Druvorna sk\u00f6rdas och sorteras f\u00f6r hand. Cuv\u00e9en best\u00e5r av <strong data-start=\"630\" data-end=\"667\">70 % Chardonnay och 30 % Savagnin<\/strong> fr\u00e5n l\u00e4get <strong data-start=\"679\" data-end=\"691\">\u201cVrihou\u201d<\/strong>p\u00e5 Voiteurs sluttningar, med jordar dominerade av <strong data-start=\"742\" data-end=\"756\">gr\u00e5 m\u00e4rgel<\/strong> samt inslag av <strong data-start=\"772\" data-end=\"808\">fina kalkstenslager med fossiler<\/strong>. Vinets stil formas framf\u00f6r allt av tv\u00e5 olika lagringsmetoder: <strong data-start=\"872\" data-end=\"884\">Savagnin<\/strong> mognar i <strong data-start=\"894\" data-end=\"932\">ekfat under j\u00e4stsl\u00f6ja (sous voile)<\/strong> i <strong data-start=\"935\" data-end=\"943\">3 \u00e5r<\/strong>, vilket bygger komplexitet och ger de typiska nyanserna av kryddighet och diskret n\u00f6tighet. <strong data-start=\"1036\" data-end=\"1050\">Chardonnay<\/strong> lagras samtidigt i <strong data-start=\"1070\" data-end=\"1094\">toppade fat (ouill\u00e9)<\/strong> \u2013 i ekfat\/foudres \u2013 ocks\u00e5 i <strong data-start=\"1123\" data-end=\"1131\">3 \u00e5r<\/strong>, vilket bevarar friskhet och precision. D\u00e4refter sammanfogas vinet till en harmonisk Jura-blanc med b\u00e5de energi och djup.<\/p>\n","protected":false},"excerpt":{"rendered":"<p>Domaine Rolet Pere &amp; Fils &#8211; Jura France<\/p>\n","protected":false},"featured_media":115877,"template":"","meta":{"_acf_changed":false,"rs_blank_template":"","rs_page_bg_color":"","slide_template_v7":""},"product_brand":[],"product_cat":[2788,2792],"product_tag":[],"class_list":{"0":"post-115839","1":"product","2":"type-product","3":"status-publish","4":"has-post-thumbnail","6":"product_cat-vin-sv","7":"product_cat-vitt-vin","8":"pa_aargang-2018-sv","9":"pa_drue-chardonnay-sv","10":"pa_drue-savagnin","11":"pa_land-frankrike","12":"pa_procent-13-sv","13":"pa_producent-domaine-rolet-pere-fils","14":"pa_region-jura","15":"pa_serveringstemperatur-12-14-sv","16":"pa_volume-75-sv","18":"first","19":"instock","20":"taxable","21":"shipping-taxable","22":"purchasable","23":"product-type-simple"},"bundled_by":[],"bundle_stock_status":"instock","bundle_stock_quantity":null,"bundle_virtual":false,"bundle_layout":"","bundle_add_to_cart_form_location":"","bundle_editable_in_cart":false,"bundle_sold_individually_context":"","bundle_item_grouping":"","bundle_min_size":"","bundle_max_size":"","bundle_price":[],"bundled_items":[],"bundle_sell_ids":[],"acf":[],"_links":{"self":[{"href":"https:\/\/www.raschvin.com\/sv\/wp-json\/wp\/v2\/product\/115839","targetHints":{"allow":["GET"]}}],"collection":[{"href":"https:\/\/www.raschvin.com\/sv\/wp-json\/wp\/v2\/product"}],"about":[{"href":"https:\/\/www.raschvin.com\/sv\/wp-json\/wp\/v2\/types\/product"}],"wp:featuredmedia":[{"embeddable":true,"href":"https:\/\/www.raschvin.com\/sv\/wp-json\/wp\/v2\/media\/115877"}],"wp:attachment":[{"href":"https:\/\/www.raschvin.com\/sv\/wp-json\/wp\/v2\/media?parent=115839"}],"wp:term":[{"taxonomy":"product_brand","embeddable":true,"href":"https:\/\/www.raschvin.com\/sv\/wp-json\/wp\/v2\/product_brand?post=115839"},{"taxonomy":"product_cat","embeddable":true,"href":"https:\/\/www.raschvin.com\/sv\/wp-json\/wp\/v2\/product_cat?post=115839"},{"taxonomy":"product_tag","embeddable":true,"href":"https:\/\/www.raschvin.com\/sv\/wp-json\/wp\/v2\/product_tag?post=115839"}],"curies":[{"name":"wp","href":"https:\/\/api.w.org\/{rel}","templated":true}]}}