{"id":115807,"date":"2026-02-12T19:47:41","date_gmt":"2026-02-12T18:47:41","guid":{"rendered":"https:\/\/www.raschvin.com\/?post_type=product&#038;p=115807"},"modified":"2026-02-12T20:18:32","modified_gmt":"2026-02-12T19:18:32","slug":"black-russian-cocktail-pakketilbud-1x100cl-purity-vodka-51-1x70-cl-strega-grancaffe-kopier","status":"publish","type":"product","link":"https:\/\/www.raschvin.com\/sv\/produkt\/black-russian-cocktail-pakketilbud-1x100cl-purity-vodka-51-1x70-cl-strega-grancaffe-kopier\/","title":{"rendered":"Dark &#038; Stormy Cocktail-Kit (1&#215;70 cl. Planteray Org. Dark + 4&#215;50 cl. Fentimans Ginger Beer)"},"content":{"rendered":"<p data-start=\"0\" data-end=\"390\">Allt du beh\u00f6ver f\u00f6r en <strong data-start=\"23\" data-end=\"53\">Dark &amp; Stormy av h\u00f6g klass<\/strong> \u2013 samlat i ett set. H\u00e4r f\u00e5r du <strong data-start=\"85\" data-end=\"112\">Planteray Original Dark<\/strong>, som bidrar med djup, varm kryddighet och rej\u00e4l kropp, tillsammans med <strong data-start=\"184\" data-end=\"222\">4 st Fentimans Ginger Beer (50 cl)<\/strong> som ger en tydlig ingef\u00e4rskick och en frisk, uppiggande finish. Tillsammans blir det en cocktail som \u00e4r enkel att blanda, snygg i glaset och farligt l\u00e4tt att tycka om.<\/p>\n<p data-start=\"392\" data-end=\"533\"><strong data-start=\"392\" data-end=\"406\">Smakprofil<\/strong><br data-start=\"406\" data-end=\"409\" \/>M\u00f6rk rom med djup och kryddighet m\u00f6ter frisk lime och ingef\u00e4rans peppriga bett \u2013 fr\u00e4scht, kraftfullt och perfekt balanserat.<\/p>\n<p data-start=\"535\" data-end=\"693\"><strong data-start=\"535\" data-end=\"552\">Serveringsid\u00e9<\/strong><br data-start=\"552\" data-end=\"555\" \/>Fyll ett highballglas med mycket is. Tills\u00e4tt rom, pressa i lite lime, toppa med ginger beer och r\u00f6r f\u00f6rsiktigt. Garnera med en limeskiva.<\/p>\n<p data-start=\"695\" data-end=\"820\"><strong data-start=\"695\" data-end=\"711\">Perfekt till<\/strong><br data-start=\"711\" data-end=\"714\" \/>Fredagsdrink, grillkv\u00e4llar, terrassh\u00e4ng och n\u00e4r du vill servera n\u00e5got som k\u00e4nns genomt\u00e4nkt \u2013 utan kr\u00e5ngel.<\/p>\n","protected":false},"excerpt":{"rendered":"<p>Allt du beh\u00f6ver f\u00f6r en Dark &amp; Stormy av h\u00f6g klass \u2013 samlat i ett set. H\u00e4r f\u00e5r du Planteray Original Dark, som bidrar med djup, varm kryddighet och rej\u00e4l&#8230;<\/p>\n","protected":false},"featured_media":115892,"template":"","meta":{"_acf_changed":false,"rs_blank_template":"","rs_page_bg_color":"","slide_template_v7":""},"product_brand":[],"product_cat":[2391,4401,4403,9232,9424,9531,9533],"product_tag":[],"class_list":{"0":"post-115807","1":"product","2":"type-product","3":"status-publish","4":"has-post-thumbnail","6":"product_cat-rom-sv","7":"product_cat-smaka-laador","8":"product_cat-smaka-laador-cocktail","9":"product_cat-flaskor","10":"product_cat-rom-cocktaillaador","11":"product_cat-paket","12":"product_cat-cocktailpaket","14":"first","15":"instock","16":"sale","17":"virtual","18":"taxable","19":"purchasable","20":"product-type-bundle"},"bundled_by":[],"bundle_stock_status":"instock","bundle_stock_quantity":"","bundle_virtual":false,"bundle_layout":"tabular","bundle_add_to_cart_form_location":"default","bundle_editable_in_cart":false,"bundle_sold_individually_context":"product","bundle_item_grouping":"noindent","bundle_min_size":"","bundle_max_size":"","bundle_price":{"price":{"min":{"incl_tax":"299","excl_tax":"239.2"},"max":{"incl_tax":"299","excl_tax":"239.2"}},"regular_price":{"min":{"incl_tax":"359","excl_tax":"287.2"},"max":{"incl_tax":"359","excl_tax":"287.2"}}},"bundled_items":[{"bundled_item_id":218,"product_id":54827,"menu_order":0,"quantity_min":4,"quantity_max":4,"quantity_default":4,"priced_individually":false,"shipped_individually":false,"override_title":false,"title":"Fentimans Ginger Beer (Gluten Free &#038; Vegan) 50 cl.","override_description":false,"description":"Fentimans Ginger Beer (Gluten Free &#038; Vegan) 50 cl.","optional":false,"hide_thumbnail":false,"discount":"","override_variations":false,"allowed_variations":[""],"override_default_variation_attributes":false,"default_variation_attributes":[],"single_product_visibility":"visible","cart_visibility":"visible","order_visibility":"visible","single_product_price_visibility":"visible","cart_price_visibility":"visible","order_price_visibility":"visible","stock_status":"in_stock"},{"bundled_item_id":219,"product_id":16025,"menu_order":1,"quantity_min":1,"quantity_max":1,"quantity_default":1,"priced_individually":false,"shipped_individually":false,"override_title":false,"title":"Planteray Rum \u2013 Original Dark 70 cl. 40%","override_description":false,"description":"Planteray Rum \u2013 Original Dark 70 cl. 40%","optional":false,"hide_thumbnail":false,"discount":"","override_variations":false,"allowed_variations":[""],"override_default_variation_attributes":false,"default_variation_attributes":[],"single_product_visibility":"visible","cart_visibility":"visible","order_visibility":"visible","single_product_price_visibility":"visible","cart_price_visibility":"visible","order_price_visibility":"visible","stock_status":"in_stock"}],"bundle_sell_ids":[],"acf":[],"_links":{"self":[{"href":"https:\/\/www.raschvin.com\/sv\/wp-json\/wp\/v2\/product\/115807","targetHints":{"allow":["GET"]}}],"collection":[{"href":"https:\/\/www.raschvin.com\/sv\/wp-json\/wp\/v2\/product"}],"about":[{"href":"https:\/\/www.raschvin.com\/sv\/wp-json\/wp\/v2\/types\/product"}],"wp:featuredmedia":[{"embeddable":true,"href":"https:\/\/www.raschvin.com\/sv\/wp-json\/wp\/v2\/media\/115892"}],"wp:attachment":[{"href":"https:\/\/www.raschvin.com\/sv\/wp-json\/wp\/v2\/media?parent=115807"}],"wp:term":[{"taxonomy":"product_brand","embeddable":true,"href":"https:\/\/www.raschvin.com\/sv\/wp-json\/wp\/v2\/product_brand?post=115807"},{"taxonomy":"product_cat","embeddable":true,"href":"https:\/\/www.raschvin.com\/sv\/wp-json\/wp\/v2\/product_cat?post=115807"},{"taxonomy":"product_tag","embeddable":true,"href":"https:\/\/www.raschvin.com\/sv\/wp-json\/wp\/v2\/product_tag?post=115807"}],"curies":[{"name":"wp","href":"https:\/\/api.w.org\/{rel}","templated":true}]}}