{"id":115788,"date":"2026-02-12T19:06:28","date_gmt":"2026-02-12T18:06:28","guid":{"rendered":"https:\/\/www.raschvin.com\/?post_type=product&#038;p=115788"},"modified":"2026-02-12T20:19:10","modified_gmt":"2026-02-12T19:19:10","slug":"passionfruit-spritz-kit-1x50cl-koskenkorva-passionfruit-2x75-cl-althea-prosecco-kopier-2","status":"publish","type":"product","link":"https:\/\/www.raschvin.com\/sv\/produkt\/passionfruit-spritz-kit-1x50cl-koskenkorva-passionfruit-2x75-cl-althea-prosecco-kopier-2\/","title":{"rendered":"Death in the Afternoon Cocktail-Kit (1x75cl. Castellane Champagne + 1&#215;70 cl. Jacques Green Absinthe)"},"content":{"rendered":"<p data-start=\"14\" data-end=\"463\">Ett ikoniskt cocktail-set f\u00f6r dig som vill servera n\u00e5got med b\u00e5de historia, elegans och lite farlig charm. <em data-start=\"223\" data-end=\"247\">Death in the Afternoon<\/em> \u00e4r den klassiska cocktailen med champagne och absint \u2013 k\u00e4nd fr\u00e5n Ernest Hemingways recept: iskall champagne som l\u00e5ngsamt h\u00e4lls \u00f6ver en skv\u00e4tt absint, tills drinken f\u00e5r sin karakteristiska, l\u00e4tt opaliserande \u201cdimma\u201d.<\/p>\n<p data-start=\"465\" data-end=\"807\">H\u00e4r f\u00e5r du en frisk, klassisk <strong data-start=\"495\" data-end=\"519\">Castellane Champagne<\/strong> som bas med fina bubblor och h\u00f6g fr\u00e4sch\u00f6r \u2013 tillsammans med <strong data-start=\"580\" data-end=\"606\">Jacques Green Absinthe<\/strong>, en intensiv gr\u00f6n absint med tydlig \u00f6rtighet och den klassiska anistonade kanten. Tillsammans blir det en <em data-start=\"713\" data-end=\"737\">Death in the Afternoon<\/em> i h\u00f6g klass: krispig, aromatisk och elegant \u2013 med en liten dos drama.<\/p>\n<p data-start=\"809\" data-end=\"840\"><strong data-start=\"809\" data-end=\"838\">S\u00e5 g\u00f6r du (klassisk stil)<\/strong><\/p>\n<ol data-start=\"841\" data-end=\"1096\">\n<li data-start=\"841\" data-end=\"885\">\n<p data-start=\"844\" data-end=\"885\">Kyl b\u00e5de champagne och glas ordentligt.<\/p>\n<\/li>\n<li data-start=\"886\" data-end=\"936\">\n<p data-start=\"889\" data-end=\"936\">H\u00e4ll en liten m\u00e4ngd absint i ett flute\/coupe.<\/p>\n<\/li>\n<li data-start=\"937\" data-end=\"1021\">\n<p data-start=\"940\" data-end=\"1021\">Toppa l\u00e5ngsamt med iskall champagne tills drinken blir l\u00e4tt mj\u00f6lkig\/opalescent.<\/p>\n<\/li>\n<li data-start=\"1022\" data-end=\"1096\">\n<p data-start=\"1025\" data-end=\"1096\">Ingen garnish beh\u00f6vs \u2013 men en citrontwist kan ge extra lyft om du vill.<\/p>\n<\/li>\n<\/ol>\n<p data-start=\"1098\" data-end=\"1233\"><strong data-start=\"1098\" data-end=\"1112\">Smakprofil<\/strong><br data-start=\"1112\" data-end=\"1115\" \/>Torr, fr\u00e4sch champagne m\u00f6ter aromatisk, \u00f6rtig absint med aniston \u2013 ren, krispig avslutning med l\u00e5ng \u201cgrown-up\u201d finish.<\/p>\n<p data-start=\"1235\" data-end=\"1371\"><strong data-start=\"1235\" data-end=\"1251\">Perfekt till<\/strong><br data-start=\"1251\" data-end=\"1254\" \/>Firanden, som aperitif, eller som en showstopper-cocktail n\u00e4r du vill bjuda p\u00e5 n\u00e5got g\u00e4sterna inte dricker varje dag.<\/p>\n","protected":false},"excerpt":{"rendered":"<p>Ett ikoniskt cocktail-set f\u00f6r dig som vill servera n\u00e5got med b\u00e5de historia, elegans och lite farlig charm. Death in the Afternoon \u00e4r den klassiska cocktailen med champagne och absint \u2013&#8230;<\/p>\n","protected":false},"featured_media":115792,"template":"","meta":{"_acf_changed":false,"rs_blank_template":"","rs_page_bg_color":"","slide_template_v7":""},"product_brand":[],"product_cat":[4401,4403,9531,9533],"product_tag":[],"class_list":{"0":"post-115788","1":"product","2":"type-product","3":"status-publish","4":"has-post-thumbnail","6":"product_cat-smaka-laador","7":"product_cat-smaka-laador-cocktail","8":"product_cat-paket","9":"product_cat-cocktailpaket","11":"first","12":"instock","13":"sale","14":"virtual","15":"taxable","16":"purchasable","17":"product-type-bundle"},"bundled_by":[],"bundle_stock_status":"instock","bundle_stock_quantity":"","bundle_virtual":false,"bundle_layout":"tabular","bundle_add_to_cart_form_location":"default","bundle_editable_in_cart":false,"bundle_sold_individually_context":"product","bundle_item_grouping":"noindent","bundle_min_size":"","bundle_max_size":"","bundle_price":{"price":{"min":{"incl_tax":"479","excl_tax":"383.2"},"max":{"incl_tax":"479","excl_tax":"383.2"}},"regular_price":{"min":{"incl_tax":"519","excl_tax":"415.2"},"max":{"incl_tax":"519","excl_tax":"415.2"}}},"bundled_items":[{"bundled_item_id":206,"product_id":21831,"menu_order":0,"quantity_min":1,"quantity_max":1,"quantity_default":1,"priced_individually":false,"shipped_individually":false,"override_title":false,"title":"Champagne De Castellane Brut 75 cl. 12%","override_description":false,"description":"Champagne De Castellane Brut 75 cl. 12%","optional":false,"hide_thumbnail":false,"discount":"","override_variations":false,"allowed_variations":[""],"override_default_variation_attributes":false,"default_variation_attributes":[],"single_product_visibility":"visible","cart_visibility":"visible","order_visibility":"visible","single_product_price_visibility":"visible","cart_price_visibility":"visible","order_price_visibility":"visible","stock_status":"in_stock"},{"bundled_item_id":207,"product_id":16244,"menu_order":1,"quantity_min":1,"quantity_max":1,"quantity_default":1,"priced_individually":false,"shipped_individually":false,"override_title":false,"title":"Jacques Senaux Absinthe Green 70 cl. 70%","override_description":false,"description":"Jacques Senaux Absinthe Green 70 cl. 70%","optional":false,"hide_thumbnail":false,"discount":"","override_variations":false,"allowed_variations":[""],"override_default_variation_attributes":false,"default_variation_attributes":[],"single_product_visibility":"visible","cart_visibility":"visible","order_visibility":"visible","single_product_price_visibility":"visible","cart_price_visibility":"visible","order_price_visibility":"visible","stock_status":"in_stock"}],"bundle_sell_ids":[],"acf":[],"_links":{"self":[{"href":"https:\/\/www.raschvin.com\/sv\/wp-json\/wp\/v2\/product\/115788","targetHints":{"allow":["GET"]}}],"collection":[{"href":"https:\/\/www.raschvin.com\/sv\/wp-json\/wp\/v2\/product"}],"about":[{"href":"https:\/\/www.raschvin.com\/sv\/wp-json\/wp\/v2\/types\/product"}],"wp:featuredmedia":[{"embeddable":true,"href":"https:\/\/www.raschvin.com\/sv\/wp-json\/wp\/v2\/media\/115792"}],"wp:attachment":[{"href":"https:\/\/www.raschvin.com\/sv\/wp-json\/wp\/v2\/media?parent=115788"}],"wp:term":[{"taxonomy":"product_brand","embeddable":true,"href":"https:\/\/www.raschvin.com\/sv\/wp-json\/wp\/v2\/product_brand?post=115788"},{"taxonomy":"product_cat","embeddable":true,"href":"https:\/\/www.raschvin.com\/sv\/wp-json\/wp\/v2\/product_cat?post=115788"},{"taxonomy":"product_tag","embeddable":true,"href":"https:\/\/www.raschvin.com\/sv\/wp-json\/wp\/v2\/product_tag?post=115788"}],"curies":[{"name":"wp","href":"https:\/\/api.w.org\/{rel}","templated":true}]}}