{"id":115765,"date":"2026-02-12T18:43:25","date_gmt":"2026-02-12T17:43:25","guid":{"rendered":"https:\/\/www.raschvin.com\/?post_type=product&#038;p=115765"},"modified":"2026-02-12T18:49:11","modified_gmt":"2026-02-12T17:49:11","slug":"dry-vermut-spritz-kit-1x75cl-lustau-vermut-dry-2x75-cl-althea-prosecco-kopier","status":"publish","type":"product","link":"https:\/\/www.raschvin.com\/sv\/produkt\/dry-vermut-spritz-kit-1x75cl-lustau-vermut-dry-2x75-cl-althea-prosecco-kopier\/","title":{"rendered":"Passionfruit Spritz-Kit (1x50cl. Koskenkorva Passionfruit + 2&#215;75 cl. Althea Prosecco)"},"content":{"rendered":"<p data-start=\"151\" data-end=\"554\">Tropisk, fr\u00e4sch och riktigt l\u00e4tt att servera. I det h\u00e4r paketet f\u00e5r du <strong data-start=\"328\" data-end=\"356\">Koskenkorva Passionfruit<\/strong> tillsammans med <strong data-start=\"373\" data-end=\"419\">2 flaskor Althea Marika Prosecco Extra Dry<\/strong> \u2013 en kombination som ger en spritz med solig passionsfrukt, pigg syra och krispiga bubblor som g\u00f6r drinken b\u00e5de l\u00e4tt och uppfriskande.<\/p>\n<p data-start=\"556\" data-end=\"753\">Det h\u00e4r \u00e4r spritzen f\u00f6r dig som vill ha en mer fruktig, modern stil: aromatisk, l\u00e4skande och med en fr\u00e4sch finish som g\u00f6r den perfekt till allt fr\u00e5n brunch och f\u00f6rdrink till fest och sommarkv\u00e4llar.<\/p>\n<p data-start=\"755\" data-end=\"866\"><strong data-start=\"755\" data-end=\"769\">Smakprofil<\/strong><br data-start=\"769\" data-end=\"772\" \/>Passionsfrukt, citrus och en fruktig s\u00f6tma i fin balans \u2013 avslutas friskt med livliga bubblor.<\/p>\n<p data-start=\"868\" data-end=\"1088\"><strong data-start=\"868\" data-end=\"885\">Serveringsid\u00e9<\/strong><br data-start=\"885\" data-end=\"888\" \/>Bygg i ett stort glas med mycket is. Tills\u00e4tt Koskenkorva Passionfruit, toppa med prosecco och avsluta g\u00e4rna med en liten skv\u00e4tt sodavatten f\u00f6r extra lyft. Garnera med lime eller en bit passionsfrukt.<\/p>\n<p data-start=\"1090\" data-end=\"1218\"><strong data-start=\"1090\" data-end=\"1106\">Perfekt till<\/strong><br data-start=\"1106\" data-end=\"1109\" \/>Brunch, mingel, terrassh\u00e4ng, sommarfester \u2013 och n\u00e4r du vill bjuda p\u00e5 n\u00e5got fruktigt, fr\u00e4scht och superenkelt.<\/p>\n","protected":false},"excerpt":{"rendered":"<p>Tropisk, fr\u00e4sch och riktigt l\u00e4tt att servera. I det h\u00e4r paketet f\u00e5r du Koskenkorva Passionfruit tillsammans med 2 flaskor Althea Marika Prosecco Extra Dry \u2013 en kombination som ger en&#8230;<\/p>\n","protected":false},"featured_media":116351,"template":"","meta":{"_acf_changed":false,"rs_blank_template":"","rs_page_bg_color":"","slide_template_v7":""},"product_brand":[],"product_cat":[4401,4403,9531,9533,9535],"product_tag":[],"class_list":{"0":"post-115765","1":"product","2":"type-product","3":"status-publish","4":"has-post-thumbnail","6":"product_cat-smaka-laador","7":"product_cat-smaka-laador-cocktail","8":"product_cat-paket","9":"product_cat-cocktailpaket","10":"product_cat-spritzpaket","12":"first","13":"instock","14":"sale","15":"virtual","16":"taxable","17":"purchasable","18":"product-type-bundle"},"bundled_by":[],"bundle_stock_status":"instock","bundle_stock_quantity":"","bundle_virtual":false,"bundle_layout":"tabular","bundle_add_to_cart_form_location":"default","bundle_editable_in_cart":false,"bundle_sold_individually_context":"product","bundle_item_grouping":"noindent","bundle_min_size":"","bundle_max_size":"","bundle_price":{"price":{"min":{"incl_tax":"269","excl_tax":"215.2"},"max":{"incl_tax":"269","excl_tax":"215.2"}},"regular_price":{"min":{"incl_tax":"319","excl_tax":"255.2"},"max":{"incl_tax":"319","excl_tax":"255.2"}}},"bundled_items":[{"bundled_item_id":182,"product_id":49158,"menu_order":0,"quantity_min":2,"quantity_max":2,"quantity_default":2,"priced_individually":false,"shipped_individually":false,"override_title":false,"title":"Althea Marika Extra Dry 75 cl.","override_description":false,"description":"Althea Marika Extra Dry 75 cl.","optional":false,"hide_thumbnail":false,"discount":"","override_variations":false,"allowed_variations":[""],"override_default_variation_attributes":false,"default_variation_attributes":[],"single_product_visibility":"visible","cart_visibility":"visible","order_visibility":"visible","single_product_price_visibility":"visible","cart_price_visibility":"visible","order_price_visibility":"visible","stock_status":"in_stock"},{"bundled_item_id":183,"product_id":39071,"menu_order":1,"quantity_min":1,"quantity_max":1,"quantity_default":1,"priced_individually":false,"shipped_individually":false,"override_title":false,"title":"Koskenkorva Passionfruit 50 cl. 21%","override_description":false,"description":"Koskenkorva Passionfruit 50 cl. 21%","optional":false,"hide_thumbnail":false,"discount":"","override_variations":false,"allowed_variations":[""],"override_default_variation_attributes":false,"default_variation_attributes":[],"single_product_visibility":"visible","cart_visibility":"visible","order_visibility":"visible","single_product_price_visibility":"visible","cart_price_visibility":"visible","order_price_visibility":"visible","stock_status":"in_stock"}],"bundle_sell_ids":[],"acf":[],"_links":{"self":[{"href":"https:\/\/www.raschvin.com\/sv\/wp-json\/wp\/v2\/product\/115765","targetHints":{"allow":["GET"]}}],"collection":[{"href":"https:\/\/www.raschvin.com\/sv\/wp-json\/wp\/v2\/product"}],"about":[{"href":"https:\/\/www.raschvin.com\/sv\/wp-json\/wp\/v2\/types\/product"}],"wp:featuredmedia":[{"embeddable":true,"href":"https:\/\/www.raschvin.com\/sv\/wp-json\/wp\/v2\/media\/116351"}],"wp:attachment":[{"href":"https:\/\/www.raschvin.com\/sv\/wp-json\/wp\/v2\/media?parent=115765"}],"wp:term":[{"taxonomy":"product_brand","embeddable":true,"href":"https:\/\/www.raschvin.com\/sv\/wp-json\/wp\/v2\/product_brand?post=115765"},{"taxonomy":"product_cat","embeddable":true,"href":"https:\/\/www.raschvin.com\/sv\/wp-json\/wp\/v2\/product_cat?post=115765"},{"taxonomy":"product_tag","embeddable":true,"href":"https:\/\/www.raschvin.com\/sv\/wp-json\/wp\/v2\/product_tag?post=115765"}],"curies":[{"name":"wp","href":"https:\/\/api.w.org\/{rel}","templated":true}]}}