{"id":115742,"date":"2026-02-12T18:19:28","date_gmt":"2026-02-12T17:19:28","guid":{"rendered":"https:\/\/www.raschvin.com\/?post_type=product&#038;p=115742"},"modified":"2026-02-12T18:30:00","modified_gmt":"2026-02-12T17:30:00","slug":"rhubarb-strawberry-spritz-kit-1x70-cl-raastoff-strawberry-rhubarb-2x75-cl-althea-prosecco-kopier","status":"publish","type":"product","link":"https:\/\/www.raschvin.com\/sv\/produkt\/rhubarb-strawberry-spritz-kit-1x70-cl-raastoff-strawberry-rhubarb-2x75-cl-althea-prosecco-kopier\/","title":{"rendered":"Dry Vermut Spritz-Kit (1x75cl. Lustau Vermut Dry + 2&#215;75 cl. Althea Prosecco)"},"content":{"rendered":"<p data-start=\"0\" data-end=\"433\">F\u00f6r dig som vill ha en spritz med mer sk\u00e4rpa, mineralitet och vuxen elegans. I det h\u00e4r paketet f\u00e5r du <strong data-start=\"201\" data-end=\"222\">Lustau Vermut Dry<\/strong>, en knastertorr vermouth med tydlig friskhet och en l\u00e4tt salt, havsbrisig karakt\u00e4r, tillsammans med <strong data-start=\"323\" data-end=\"369\">2 flaskor Althea Marika Prosecco Extra Dry<\/strong> som bidrar med krispiga bubblor och ett fr\u00e4scht, fruktigt lyft.<\/p>\n<p data-start=\"435\" data-end=\"698\">Resultatet blir en spritz som k\u00e4nns ren och aptitretande, med \u00f6rtiga nyanser, diskret citrus och en torr, snygg avslutning. Ett perfekt alternativ n\u00e4r du vill servera n\u00e5got som sticker ut fr\u00e5n de s\u00f6tare spritz-varianterna \u2013 och som dessutom \u00e4r riktigt matv\u00e4nligt.<\/p>\n<p data-start=\"700\" data-end=\"814\"><strong data-start=\"700\" data-end=\"714\">Smakprofil<\/strong><br data-start=\"714\" data-end=\"717\" \/>Torr och aromatisk med \u00f6rter, citrus och en l\u00e4tt mineralisk\/salt ton \u2013 toppad med friska bubblor.<\/p>\n<p data-start=\"816\" data-end=\"1050\"><strong data-start=\"816\" data-end=\"833\">Serveringsid\u00e9<\/strong><br data-start=\"833\" data-end=\"836\" \/>Bygg i ett stort vinglas med mycket is. Tills\u00e4tt vermouth, toppa med prosecco och avsluta g\u00e4rna med en liten skv\u00e4tt sodavatten. Garnera med citronskal, en citronskiva eller en gr\u00f6n oliv f\u00f6r en extra \u201csavory\u201d twist.<\/p>\n<p data-start=\"1052\" data-end=\"1194\"><strong data-start=\"1052\" data-end=\"1068\">Perfekt till<\/strong><br data-start=\"1068\" data-end=\"1071\" \/>Aperitif f\u00f6re middagen, skaldjur, salta snacks och alla tillf\u00e4llen n\u00e4r du vill ha en spritz som \u00e4r torr, frisk och elegant.<\/p>\n","protected":false},"excerpt":{"rendered":"<p>F\u00f6r dig som vill ha en spritz med mer sk\u00e4rpa, mineralitet och vuxen elegans. I det h\u00e4r paketet f\u00e5r du Lustau Vermut Dry, en knastertorr vermouth med tydlig friskhet och&#8230;<\/p>\n","protected":false},"featured_media":116348,"template":"","meta":{"_acf_changed":false,"rs_blank_template":"","rs_page_bg_color":"","slide_template_v7":""},"product_brand":[],"product_cat":[4401,4403,9531,9533,9535],"product_tag":[],"class_list":{"0":"post-115742","1":"product","2":"type-product","3":"status-publish","4":"has-post-thumbnail","6":"product_cat-smaka-laador","7":"product_cat-smaka-laador-cocktail","8":"product_cat-paket","9":"product_cat-cocktailpaket","10":"product_cat-spritzpaket","12":"first","13":"instock","14":"sale","15":"virtual","16":"taxable","17":"purchasable","18":"product-type-bundle"},"bundled_by":[],"bundle_stock_status":"instock","bundle_stock_quantity":"","bundle_virtual":false,"bundle_layout":"tabular","bundle_add_to_cart_form_location":"default","bundle_editable_in_cart":false,"bundle_sold_individually_context":"product","bundle_item_grouping":"noindent","bundle_min_size":"","bundle_max_size":"","bundle_price":{"price":{"min":{"incl_tax":"349","excl_tax":"279.2"},"max":{"incl_tax":"349","excl_tax":"279.2"}},"regular_price":{"min":{"incl_tax":"399","excl_tax":"319.2"},"max":{"incl_tax":"399","excl_tax":"319.2"}}},"bundled_items":[{"bundled_item_id":170,"product_id":49158,"menu_order":0,"quantity_min":2,"quantity_max":2,"quantity_default":2,"priced_individually":false,"shipped_individually":false,"override_title":false,"title":"Althea Marika Extra Dry 75 cl.","override_description":false,"description":"Althea Marika Extra Dry 75 cl.","optional":false,"hide_thumbnail":false,"discount":"","override_variations":false,"allowed_variations":[""],"override_default_variation_attributes":false,"default_variation_attributes":[],"single_product_visibility":"visible","cart_visibility":"visible","order_visibility":"visible","single_product_price_visibility":"visible","cart_price_visibility":"visible","order_price_visibility":"visible","stock_status":"in_stock"},{"bundled_item_id":171,"product_id":60723,"menu_order":1,"quantity_min":1,"quantity_max":1,"quantity_default":1,"priced_individually":false,"shipped_individually":false,"override_title":false,"title":"Lustau Vermut \u2013 Seco (Dry White) 75 cl. 15%","override_description":false,"description":"Lustau Vermut \u2013 Seco (Dry White) 75 cl. 15%","optional":false,"hide_thumbnail":false,"discount":"","override_variations":false,"allowed_variations":[""],"override_default_variation_attributes":false,"default_variation_attributes":[],"single_product_visibility":"visible","cart_visibility":"visible","order_visibility":"visible","single_product_price_visibility":"visible","cart_price_visibility":"visible","order_price_visibility":"visible","stock_status":"in_stock"}],"bundle_sell_ids":[],"acf":[],"_links":{"self":[{"href":"https:\/\/www.raschvin.com\/sv\/wp-json\/wp\/v2\/product\/115742","targetHints":{"allow":["GET"]}}],"collection":[{"href":"https:\/\/www.raschvin.com\/sv\/wp-json\/wp\/v2\/product"}],"about":[{"href":"https:\/\/www.raschvin.com\/sv\/wp-json\/wp\/v2\/types\/product"}],"wp:featuredmedia":[{"embeddable":true,"href":"https:\/\/www.raschvin.com\/sv\/wp-json\/wp\/v2\/media\/116348"}],"wp:attachment":[{"href":"https:\/\/www.raschvin.com\/sv\/wp-json\/wp\/v2\/media?parent=115742"}],"wp:term":[{"taxonomy":"product_brand","embeddable":true,"href":"https:\/\/www.raschvin.com\/sv\/wp-json\/wp\/v2\/product_brand?post=115742"},{"taxonomy":"product_cat","embeddable":true,"href":"https:\/\/www.raschvin.com\/sv\/wp-json\/wp\/v2\/product_cat?post=115742"},{"taxonomy":"product_tag","embeddable":true,"href":"https:\/\/www.raschvin.com\/sv\/wp-json\/wp\/v2\/product_tag?post=115742"}],"curies":[{"name":"wp","href":"https:\/\/api.w.org\/{rel}","templated":true}]}}