{"id":115729,"date":"2026-02-12T15:39:38","date_gmt":"2026-02-12T14:39:38","guid":{"rendered":"https:\/\/www.raschvin.com\/?post_type=product&#038;p=115729"},"modified":"2026-02-12T15:46:38","modified_gmt":"2026-02-12T14:46:38","slug":"hugo-spritz-kit-1x70-cl-fleurs-de-sureau-2x75-cl-althea-prosecco-kopier","status":"publish","type":"product","link":"https:\/\/www.raschvin.com\/sv\/produkt\/hugo-spritz-kit-1x70-cl-fleurs-de-sureau-2x75-cl-althea-prosecco-kopier\/","title":{"rendered":"Rhubarb-Strawberry Spritz-Kit (1&#215;70 cl. R\u00e5stoff Strawberry-Rhubarb + 2&#215;75 cl. Althea Prosecco)"},"content":{"rendered":"<p data-start=\"0\" data-end=\"472\">Det h\u00e4r \u00e4r spritzen f\u00f6r dig som vill ha n\u00e5got fruktigt \u2013 men med en fr\u00e4sch twist. <strong data-start=\"196\" data-end=\"226\">R\u00e5stoff Strawberry-Rhubarb<\/strong> ger en h\u00e4rlig kombination av b\u00e4rig s\u00f6tma och pigg rabarberk\u00e4nsla, och tillsammans med <strong data-start=\"313\" data-end=\"359\">2 flaskor Althea Marika Prosecco Extra Dry<\/strong> f\u00e5r du en sprudlande, l\u00e4tt och v\u00e4ldigt serveringsv\u00e4nlig drink som passar lika bra till vardagslyx som till fest.<\/p>\n<p data-start=\"474\" data-end=\"625\">Det \u00e4r en spritz som snabbt blir publikfavorit: l\u00e4tt att blanda, snygg i glaset och med en uppfriskande finish som g\u00f6r att man g\u00e4rna tar en klunk till.<\/p>\n<p data-start=\"627\" data-end=\"851\"><strong data-start=\"627\" data-end=\"644\">Serveringsid\u00e9<\/strong><br data-start=\"644\" data-end=\"647\" \/>Bygg i ett stort glas med mycket is. Tills\u00e4tt R\u00e5stoff Strawberry-Rhubarb, toppa med prosecco och justera med en skv\u00e4tt sodavatten om du vill ha den extra frisk. Garnera med jordgubbe eller en citronskiva.<\/p>\n<p data-start=\"853\" data-end=\"983\"><strong data-start=\"853\" data-end=\"869\">Perfekt till<\/strong><br data-start=\"869\" data-end=\"872\" \/>Brunch, sommarkv\u00e4llar, mingel, picknick \u2013 eller n\u00e4r du vill bjuda p\u00e5 n\u00e5got som k\u00e4nns b\u00e5de lekfullt och elegant.<\/p>\n","protected":false},"excerpt":{"rendered":"<p>Det h\u00e4r \u00e4r spritzen f\u00f6r dig som vill ha n\u00e5got fruktigt \u2013 men med en fr\u00e4sch twist. R\u00e5stoff Strawberry-Rhubarb ger en h\u00e4rlig kombination av b\u00e4rig s\u00f6tma och pigg rabarberk\u00e4nsla, och&#8230;<\/p>\n","protected":false},"featured_media":116363,"template":"","meta":{"_acf_changed":false,"rs_blank_template":"","rs_page_bg_color":"","slide_template_v7":""},"product_brand":[],"product_cat":[4401,4403,9531,9533,9535],"product_tag":[],"class_list":{"0":"post-115729","1":"product","2":"type-product","3":"status-publish","4":"has-post-thumbnail","6":"product_cat-smaka-laador","7":"product_cat-smaka-laador-cocktail","8":"product_cat-paket","9":"product_cat-cocktailpaket","10":"product_cat-spritzpaket","12":"first","13":"instock","14":"sale","15":"virtual","16":"taxable","17":"purchasable","18":"product-type-bundle"},"bundled_by":[],"bundle_stock_status":"instock","bundle_stock_quantity":"","bundle_virtual":false,"bundle_layout":"tabular","bundle_add_to_cart_form_location":"default","bundle_editable_in_cart":false,"bundle_sold_individually_context":"product","bundle_item_grouping":"noindent","bundle_min_size":"","bundle_max_size":"","bundle_price":{"price":{"min":{"incl_tax":"299","excl_tax":"239.2"},"max":{"incl_tax":"299","excl_tax":"239.2"}},"regular_price":{"min":{"incl_tax":"349","excl_tax":"279.2"},"max":{"incl_tax":"349","excl_tax":"279.2"}}},"bundled_items":[{"bundled_item_id":158,"product_id":16009,"menu_order":0,"quantity_min":1,"quantity_max":1,"quantity_default":1,"priced_individually":false,"shipped_individually":false,"override_title":false,"title":"R\u00e5stoff Strawberry-Rhubarb 70 cl. 16,4%","override_description":false,"description":"R\u00e5stoff Strawberry-Rhubarb 70 cl. 16,4%","optional":false,"hide_thumbnail":false,"discount":"","override_variations":false,"allowed_variations":[""],"override_default_variation_attributes":false,"default_variation_attributes":[],"single_product_visibility":"visible","cart_visibility":"visible","order_visibility":"visible","single_product_price_visibility":"visible","cart_price_visibility":"visible","order_price_visibility":"visible","stock_status":"in_stock"},{"bundled_item_id":159,"product_id":49158,"menu_order":1,"quantity_min":2,"quantity_max":2,"quantity_default":2,"priced_individually":false,"shipped_individually":false,"override_title":false,"title":"Althea Marika Extra Dry 75 cl.","override_description":false,"description":"Althea Marika Extra Dry 75 cl.","optional":false,"hide_thumbnail":false,"discount":"","override_variations":false,"allowed_variations":[""],"override_default_variation_attributes":false,"default_variation_attributes":[],"single_product_visibility":"visible","cart_visibility":"visible","order_visibility":"visible","single_product_price_visibility":"visible","cart_price_visibility":"visible","order_price_visibility":"visible","stock_status":"in_stock"}],"bundle_sell_ids":[],"acf":[],"_links":{"self":[{"href":"https:\/\/www.raschvin.com\/sv\/wp-json\/wp\/v2\/product\/115729","targetHints":{"allow":["GET"]}}],"collection":[{"href":"https:\/\/www.raschvin.com\/sv\/wp-json\/wp\/v2\/product"}],"about":[{"href":"https:\/\/www.raschvin.com\/sv\/wp-json\/wp\/v2\/types\/product"}],"wp:featuredmedia":[{"embeddable":true,"href":"https:\/\/www.raschvin.com\/sv\/wp-json\/wp\/v2\/media\/116363"}],"wp:attachment":[{"href":"https:\/\/www.raschvin.com\/sv\/wp-json\/wp\/v2\/media?parent=115729"}],"wp:term":[{"taxonomy":"product_brand","embeddable":true,"href":"https:\/\/www.raschvin.com\/sv\/wp-json\/wp\/v2\/product_brand?post=115729"},{"taxonomy":"product_cat","embeddable":true,"href":"https:\/\/www.raschvin.com\/sv\/wp-json\/wp\/v2\/product_cat?post=115729"},{"taxonomy":"product_tag","embeddable":true,"href":"https:\/\/www.raschvin.com\/sv\/wp-json\/wp\/v2\/product_tag?post=115729"}],"curies":[{"name":"wp","href":"https:\/\/api.w.org\/{rel}","templated":true}]}}