{"id":115715,"date":"2026-02-12T15:25:15","date_gmt":"2026-02-12T14:25:15","guid":{"rendered":"https:\/\/www.raschvin.com\/?post_type=product&#038;p=115715"},"modified":"2026-02-12T15:31:54","modified_gmt":"2026-02-12T14:31:54","slug":"june-peach-spritz-kit-1x70-cl-june-wild-peach-2x75-cl-althea-prosecco-kopier","status":"publish","type":"product","link":"https:\/\/www.raschvin.com\/sv\/produkt\/june-peach-spritz-kit-1x70-cl-june-wild-peach-2x75-cl-althea-prosecco-kopier\/","title":{"rendered":"Hugo Spritz-Kit (1&#215;70 cl. Fleurs de Sureau + 2&#215;75 cl. Althea Prosecco)"},"content":{"rendered":"<p data-start=\"0\" data-end=\"348\">Elegant, blommigt och otroligt l\u00e4tt att tycka om. I det h\u00e4r spritz-paketet kombineras <strong data-start=\"185\" data-end=\"226\">Fleurs de Sureau fr\u00e5n Gabriel Boudier<\/strong> med krispiga bubblor fr\u00e5n <strong data-start=\"253\" data-end=\"289\">Althea Marika Prosecco Extra Dry<\/strong> \u2013 en perfekt duo f\u00f6r att g\u00f6ra en klassisk <strong data-start=\"332\" data-end=\"347\">Hugo Spritz<\/strong>.<\/p>\n<p data-start=\"350\" data-end=\"606\">Fl\u00e4dern ger aromatisk friskhet och mjuka blomstertoner, medan proseccon bidrar med livliga bubblor och en ren, fr\u00e4sch avslutning. Resultatet \u00e4r en spritz som k\u00e4nns b\u00e5de somrig och sofistikerad \u2013 lika r\u00e4tt som aperitif som till brunch, terrassh\u00e4ng och fest.<\/p>\n<p data-start=\"608\" data-end=\"699\"><strong data-start=\"608\" data-end=\"622\">Smakprofil<\/strong><br data-start=\"622\" data-end=\"625\" \/>Fl\u00e4derblom, citrus och l\u00e4tt s\u00f6tma \u2013 lyft av friska bubblor och frisk syra.<\/p>\n<p data-start=\"701\" data-end=\"872\"><strong data-start=\"701\" data-end=\"729\">S\u00e5 g\u00f6r du en Hugo Spritz<\/strong><br data-start=\"729\" data-end=\"732\" \/>Fyll ett stort glas med is. Tills\u00e4tt fl\u00e4derlik\u00f6r, toppa med prosecco och avsluta med en liten skv\u00e4tt sodavatten. Garnera med lime och mynta.<\/p>\n<p data-start=\"874\" data-end=\"998\"><strong data-start=\"874\" data-end=\"890\">Perfekt till<\/strong><br data-start=\"890\" data-end=\"893\" \/>Aperitif, sommarkv\u00e4llar, mingel och alla tillf\u00e4llen n\u00e4r du vill servera n\u00e5got friskt, elegant och enkelt.<\/p>\n","protected":false},"excerpt":{"rendered":"<p>Elegant, blommigt och otroligt l\u00e4tt att tycka om. I det h\u00e4r spritz-paketet kombineras Fleurs de Sureau fr\u00e5n Gabriel Boudier med krispiga bubblor fr\u00e5n Althea Marika Prosecco Extra Dry \u2013 en&#8230;<\/p>\n","protected":false},"featured_media":116367,"template":"","meta":{"_acf_changed":false,"rs_blank_template":"","rs_page_bg_color":"","slide_template_v7":""},"product_brand":[],"product_cat":[4401,4403,9531,9533,9535],"product_tag":[],"class_list":{"0":"post-115715","1":"product","2":"type-product","3":"status-publish","4":"has-post-thumbnail","6":"product_cat-smaka-laador","7":"product_cat-smaka-laador-cocktail","8":"product_cat-paket","9":"product_cat-cocktailpaket","10":"product_cat-spritzpaket","12":"first","13":"instock","14":"sale","15":"virtual","16":"taxable","17":"purchasable","18":"product-type-bundle"},"bundled_by":[],"bundle_stock_status":"instock","bundle_stock_quantity":"","bundle_virtual":false,"bundle_layout":"tabular","bundle_add_to_cart_form_location":"default","bundle_editable_in_cart":false,"bundle_sold_individually_context":"product","bundle_item_grouping":"noindent","bundle_min_size":"","bundle_max_size":"","bundle_price":{"price":{"min":{"incl_tax":"379","excl_tax":"303.2"},"max":{"incl_tax":"379","excl_tax":"303.2"}},"regular_price":{"min":{"incl_tax":"459","excl_tax":"367.2"},"max":{"incl_tax":"459","excl_tax":"367.2"}}},"bundled_items":[{"bundled_item_id":146,"product_id":49158,"menu_order":0,"quantity_min":2,"quantity_max":2,"quantity_default":2,"priced_individually":false,"shipped_individually":false,"override_title":false,"title":"Althea Marika Extra Dry 75 cl.","override_description":false,"description":"Althea Marika Extra Dry 75 cl.","optional":false,"hide_thumbnail":false,"discount":"","override_variations":false,"allowed_variations":[""],"override_default_variation_attributes":false,"default_variation_attributes":[],"single_product_visibility":"visible","cart_visibility":"visible","order_visibility":"visible","single_product_price_visibility":"visible","cart_price_visibility":"visible","order_price_visibility":"visible","stock_status":"in_stock"},{"bundled_item_id":147,"product_id":78429,"menu_order":1,"quantity_min":1,"quantity_max":1,"quantity_default":1,"priced_individually":false,"shipped_individually":false,"override_title":false,"title":"Liqueur de Fleurs de Sureau (Elderflower Liqueur) \u2013 Gabriel Boudier 70 cl. 18%","override_description":false,"description":"Liqueur de Fleurs de Sureau (Elderflower Liqueur) \u2013 Gabriel Boudier 70 cl. 18%","optional":false,"hide_thumbnail":false,"discount":"","override_variations":false,"allowed_variations":[""],"override_default_variation_attributes":false,"default_variation_attributes":[],"single_product_visibility":"visible","cart_visibility":"visible","order_visibility":"visible","single_product_price_visibility":"visible","cart_price_visibility":"visible","order_price_visibility":"visible","stock_status":"in_stock"}],"bundle_sell_ids":[],"acf":[],"_links":{"self":[{"href":"https:\/\/www.raschvin.com\/sv\/wp-json\/wp\/v2\/product\/115715","targetHints":{"allow":["GET"]}}],"collection":[{"href":"https:\/\/www.raschvin.com\/sv\/wp-json\/wp\/v2\/product"}],"about":[{"href":"https:\/\/www.raschvin.com\/sv\/wp-json\/wp\/v2\/types\/product"}],"wp:featuredmedia":[{"embeddable":true,"href":"https:\/\/www.raschvin.com\/sv\/wp-json\/wp\/v2\/media\/116367"}],"wp:attachment":[{"href":"https:\/\/www.raschvin.com\/sv\/wp-json\/wp\/v2\/media?parent=115715"}],"wp:term":[{"taxonomy":"product_brand","embeddable":true,"href":"https:\/\/www.raschvin.com\/sv\/wp-json\/wp\/v2\/product_brand?post=115715"},{"taxonomy":"product_cat","embeddable":true,"href":"https:\/\/www.raschvin.com\/sv\/wp-json\/wp\/v2\/product_cat?post=115715"},{"taxonomy":"product_tag","embeddable":true,"href":"https:\/\/www.raschvin.com\/sv\/wp-json\/wp\/v2\/product_tag?post=115715"}],"curies":[{"name":"wp","href":"https:\/\/api.w.org\/{rel}","templated":true}]}}