{"id":115704,"date":"2026-02-12T14:49:09","date_gmt":"2026-02-12T13:49:09","guid":{"rendered":"https:\/\/www.raschvin.com\/?post_type=product&#038;p=115704"},"modified":"2026-02-12T15:20:51","modified_gmt":"2026-02-12T14:20:51","slug":"amaro-spritz-kit-1x70-cl-amaro-tosolini-2x75-cl-althea-prosecco-kopier","status":"publish","type":"product","link":"https:\/\/www.raschvin.com\/sv\/produkt\/amaro-spritz-kit-1x70-cl-amaro-tosolini-2x75-cl-althea-prosecco-kopier\/","title":{"rendered":"June Peach Spritz-Kit (1&#215;70 cl. June Wild Peach + 2&#215;75 cl. Althea Prosecco)"},"content":{"rendered":"<p data-start=\"14\" data-end=\"595\">En spritz med fransk elegans och ren sommark\u00e4nsla. <strong data-start=\"177\" data-end=\"219\">G\u2019Vine JUNE Wild Peach &amp; Summer Fruits<\/strong> \u00e4r baserad p\u00e5 G\u2019Vines karakt\u00e4ristiska druvbaserade gin och bjuder p\u00e5 en delikat, fruktig profil med <strong data-start=\"320\" data-end=\"408\">saftig vild persika, ljusa sommarfrukter, florala nyanser och en l\u00e4tt touch av enb\u00e4r<\/strong>. Tillsammans med <strong data-start=\"426\" data-end=\"472\">2 flaskor Althea Marika Prosecco Extra Dry<\/strong> f\u00e5r du krispiga bubblor som lyfter fr\u00e4sch\u00f6ren och ger en spritz som k\u00e4nns b\u00e5de lyxig, l\u00e4tt och oemotst\u00e5ndligt l\u00e4ttdrucken.<\/p>\n<p data-start=\"597\" data-end=\"767\">Det \u00e4r den typen av drink som smakar terrass i sol: mjuk frukt, elegant aromatik och en ren avslutning som g\u00f6r den perfekt som aperitif \u2013 och \u00e4nnu b\u00e4ttre i gott s\u00e4llskap.<\/p>\n<p data-start=\"769\" data-end=\"871\"><strong data-start=\"769\" data-end=\"783\">Smakprofil<\/strong><br data-start=\"783\" data-end=\"786\" \/>Vild persika och sommarfrukt, florala toner och diskret enb\u00e4r \u2013 mjuk, frisk och l\u00e4tt.<\/p>\n<p data-start=\"873\" data-end=\"1056\"><strong data-start=\"873\" data-end=\"890\">Serveringsid\u00e9<\/strong><br data-start=\"890\" data-end=\"893\" \/>Fyll ett stort vinglas med is. Tills\u00e4tt JUNE, toppa med prosecco och avsluta med en liten skv\u00e4tt sodavatten f\u00f6r extra lyft. Garnera med persika, citron eller lime.<\/p>\n<p data-start=\"1058\" data-end=\"1196\"><strong data-start=\"1058\" data-end=\"1074\">Perfekt till<\/strong><br data-start=\"1074\" data-end=\"1077\" \/>Terrassh\u00e4ng, brunch, firanden och som en stilfull \u201cready-to-spritz\u201d-l\u00f6sning n\u00e4r det ska vara b\u00e5de enkelt och exklusivt.<\/p>\n","protected":false},"excerpt":{"rendered":"<p>En spritz med fransk elegans och ren sommark\u00e4nsla. G\u2019Vine JUNE Wild Peach &amp; Summer Fruits \u00e4r baserad p\u00e5 G\u2019Vines karakt\u00e4ristiska druvbaserade gin och bjuder p\u00e5 en delikat, fruktig profil med&#8230;<\/p>\n","protected":false},"featured_media":116382,"template":"","meta":{"_acf_changed":false,"rs_blank_template":"","rs_page_bg_color":"","slide_template_v7":""},"product_brand":[],"product_cat":[2404,4401,4403,9469,9471,9531,9533,9535],"product_tag":[],"class_list":{"0":"post-115704","1":"product","2":"type-product","3":"status-publish","4":"has-post-thumbnail","6":"product_cat-gin-sv","7":"product_cat-smaka-laador","8":"product_cat-smaka-laador-cocktail","9":"product_cat-flaskor-gin","10":"product_cat-gin-cocktailboxar","11":"product_cat-paket","12":"product_cat-cocktailpaket","13":"product_cat-spritzpaket","15":"first","16":"instock","17":"sale","18":"virtual","19":"taxable","20":"purchasable","21":"product-type-bundle"},"bundled_by":[],"bundle_stock_status":"instock","bundle_stock_quantity":"","bundle_virtual":false,"bundle_layout":"tabular","bundle_add_to_cart_form_location":"default","bundle_editable_in_cart":false,"bundle_sold_individually_context":"product","bundle_item_grouping":"noindent","bundle_min_size":"","bundle_max_size":"","bundle_price":{"price":{"min":{"incl_tax":"449","excl_tax":"359.2"},"max":{"incl_tax":"449","excl_tax":"359.2"}},"regular_price":{"min":{"incl_tax":"519","excl_tax":"415.2"},"max":{"incl_tax":"519","excl_tax":"415.2"}}},"bundled_items":[{"bundled_item_id":130,"product_id":15904,"menu_order":0,"quantity_min":1,"quantity_max":1,"quantity_default":1,"priced_individually":false,"shipped_individually":false,"override_title":false,"title":"G Vine &#8211; June Wild Peach &#038; Summer Fruits 70 cl. 37,5%","override_description":false,"description":"G Vine &#8211; June Wild Peach &#038; Summer Fruits 70 cl. 37,5%","optional":false,"hide_thumbnail":false,"discount":"","override_variations":false,"allowed_variations":[""],"override_default_variation_attributes":false,"default_variation_attributes":[],"single_product_visibility":"visible","cart_visibility":"visible","order_visibility":"visible","single_product_price_visibility":"visible","cart_price_visibility":"visible","order_price_visibility":"visible","stock_status":"in_stock"},{"bundled_item_id":131,"product_id":49158,"menu_order":1,"quantity_min":2,"quantity_max":2,"quantity_default":2,"priced_individually":false,"shipped_individually":false,"override_title":false,"title":"Althea Marika Extra Dry 75 cl.","override_description":false,"description":"Althea Marika Extra Dry 75 cl.","optional":false,"hide_thumbnail":false,"discount":"","override_variations":false,"allowed_variations":[""],"override_default_variation_attributes":false,"default_variation_attributes":[],"single_product_visibility":"visible","cart_visibility":"visible","order_visibility":"visible","single_product_price_visibility":"visible","cart_price_visibility":"visible","order_price_visibility":"visible","stock_status":"in_stock"}],"bundle_sell_ids":[],"acf":[],"_links":{"self":[{"href":"https:\/\/www.raschvin.com\/sv\/wp-json\/wp\/v2\/product\/115704","targetHints":{"allow":["GET"]}}],"collection":[{"href":"https:\/\/www.raschvin.com\/sv\/wp-json\/wp\/v2\/product"}],"about":[{"href":"https:\/\/www.raschvin.com\/sv\/wp-json\/wp\/v2\/types\/product"}],"wp:featuredmedia":[{"embeddable":true,"href":"https:\/\/www.raschvin.com\/sv\/wp-json\/wp\/v2\/media\/116382"}],"wp:attachment":[{"href":"https:\/\/www.raschvin.com\/sv\/wp-json\/wp\/v2\/media?parent=115704"}],"wp:term":[{"taxonomy":"product_brand","embeddable":true,"href":"https:\/\/www.raschvin.com\/sv\/wp-json\/wp\/v2\/product_brand?post=115704"},{"taxonomy":"product_cat","embeddable":true,"href":"https:\/\/www.raschvin.com\/sv\/wp-json\/wp\/v2\/product_cat?post=115704"},{"taxonomy":"product_tag","embeddable":true,"href":"https:\/\/www.raschvin.com\/sv\/wp-json\/wp\/v2\/product_tag?post=115704"}],"curies":[{"name":"wp","href":"https:\/\/api.w.org\/{rel}","templated":true}]}}