{"id":115697,"date":"2026-02-12T14:21:53","date_gmt":"2026-02-12T13:21:53","guid":{"rendered":"https:\/\/www.raschvin.com\/?post_type=product&#038;p=115697"},"modified":"2026-02-12T14:47:40","modified_gmt":"2026-02-12T13:47:40","slug":"sarti-spritz-kit-1x70-cl-sarti-rosa-2x75-cl-althea-prosecco-kopier","status":"publish","type":"product","link":"https:\/\/www.raschvin.com\/sv\/produkt\/sarti-spritz-kit-1x70-cl-sarti-rosa-2x75-cl-althea-prosecco-kopier\/","title":{"rendered":"Amaro Spritz-Kit (1&#215;70 cl. Amaro Tosolini + 2&#215;75 cl. Althea Prosecco)"},"content":{"rendered":"<p data-start=\"11\" data-end=\"419\">Til dig, der foretr\u00e6kker en spritz med mere dybde, kant og elegance. Her f\u00e5r du <strong data-start=\"186\" data-end=\"222\">Amaro Tosolini fra Bepi Tosolini<\/strong> \u2013 en aromatisk, bitters\u00f8d amaro med et strejf af citrus \u2013 sammen med <strong data-start=\"292\" data-end=\"338\">2 flasker Althea Marika Prosecco Extra Dry<\/strong>, der tilf\u00f8rer spr\u00f8de bobler og l\u00f8fter udtrykket til en stilren, voksen aperitif.<\/p>\n<p data-start=\"421\" data-end=\"598\">I glasset er det balancen, der vinder: urtet friskhed, delikat bitterhed og en ren, t\u00f8r finish, som g\u00f8r den lige s\u00e5 velegnet f\u00f8r middagen som til terrassehygge og sm\u00e5 fejringer.<\/p>\n<p data-start=\"600\" data-end=\"691\"><strong data-start=\"600\" data-end=\"615\">Smagsprofil<\/strong><br data-start=\"615\" data-end=\"618\" \/>Urtet og citrusdrevet, elegant bitters\u00f8d med frisk, knitrende afslutning.<\/p>\n<p data-start=\"693\" data-end=\"857\"><strong data-start=\"693\" data-end=\"710\">Serveringsid\u00e9<\/strong><br data-start=\"710\" data-end=\"713\" \/>Fyld et stort glas med is. Tils\u00e6t amaro, top med prosecco og afslut med et lille skv\u00e6t danskvand. Pynt med appelsinskal eller en skive appelsin.<\/p>\n","protected":false},"excerpt":{"rendered":"<p>Til dig, der foretr\u00e6kker en spritz med mere dybde, kant og elegance. Her f\u00e5r du Amaro Tosolini fra Bepi Tosolini \u2013 en aromatisk, bitters\u00f8d amaro med et strejf af citrus&#8230;<\/p>\n","protected":false},"featured_media":116376,"template":"","meta":{"_acf_changed":false,"rs_blank_template":"","rs_page_bg_color":"","slide_template_v7":""},"product_brand":[],"product_cat":[4401,4403,9529,9531,9533],"product_tag":[],"class_list":{"0":"post-115697","1":"product","2":"type-product","3":"status-publish","4":"has-post-thumbnail","6":"product_cat-smaka-laador","7":"product_cat-smaka-laador-cocktail","8":"product_cat-raschs-egenimport","9":"product_cat-paket","10":"product_cat-cocktailpaket","12":"first","13":"instock","14":"sale","15":"virtual","16":"taxable","17":"purchasable","18":"product-type-bundle"},"bundled_by":[],"bundle_stock_status":"instock","bundle_stock_quantity":"","bundle_virtual":false,"bundle_layout":"tabular","bundle_add_to_cart_form_location":"default","bundle_editable_in_cart":false,"bundle_sold_individually_context":"product","bundle_item_grouping":"noindent","bundle_min_size":"","bundle_max_size":"","bundle_price":{"price":{"min":{"incl_tax":"359","excl_tax":"287.2"},"max":{"incl_tax":"359","excl_tax":"287.2"}},"regular_price":{"min":{"incl_tax":"439","excl_tax":"351.2"},"max":{"incl_tax":"439","excl_tax":"351.2"}}},"bundled_items":[{"bundled_item_id":118,"product_id":49158,"menu_order":0,"quantity_min":2,"quantity_max":2,"quantity_default":2,"priced_individually":false,"shipped_individually":false,"override_title":false,"title":"Althea Marika Extra Dry 75 cl.","override_description":false,"description":"Althea Marika Extra Dry 75 cl.","optional":false,"hide_thumbnail":false,"discount":"","override_variations":false,"allowed_variations":[""],"override_default_variation_attributes":false,"default_variation_attributes":[],"single_product_visibility":"visible","cart_visibility":"visible","order_visibility":"visible","single_product_price_visibility":"visible","cart_price_visibility":"visible","order_price_visibility":"visible","stock_status":"in_stock"},{"bundled_item_id":119,"product_id":17005,"menu_order":1,"quantity_min":1,"quantity_max":1,"quantity_default":1,"priced_individually":false,"shipped_individually":false,"override_title":false,"title":"Bepi Tosolini &#8211; Amaro Tosolini Liquore D&#8217;erbe 70 cl. 30%","override_description":false,"description":"Bepi Tosolini &#8211; Amaro Tosolini Liquore D&#8217;erbe 70 cl. 30%","optional":false,"hide_thumbnail":false,"discount":"","override_variations":false,"allowed_variations":[""],"override_default_variation_attributes":false,"default_variation_attributes":[],"single_product_visibility":"visible","cart_visibility":"visible","order_visibility":"visible","single_product_price_visibility":"visible","cart_price_visibility":"visible","order_price_visibility":"visible","stock_status":"in_stock"}],"bundle_sell_ids":[],"acf":[],"_links":{"self":[{"href":"https:\/\/www.raschvin.com\/sv\/wp-json\/wp\/v2\/product\/115697","targetHints":{"allow":["GET"]}}],"collection":[{"href":"https:\/\/www.raschvin.com\/sv\/wp-json\/wp\/v2\/product"}],"about":[{"href":"https:\/\/www.raschvin.com\/sv\/wp-json\/wp\/v2\/types\/product"}],"wp:featuredmedia":[{"embeddable":true,"href":"https:\/\/www.raschvin.com\/sv\/wp-json\/wp\/v2\/media\/116376"}],"wp:attachment":[{"href":"https:\/\/www.raschvin.com\/sv\/wp-json\/wp\/v2\/media?parent=115697"}],"wp:term":[{"taxonomy":"product_brand","embeddable":true,"href":"https:\/\/www.raschvin.com\/sv\/wp-json\/wp\/v2\/product_brand?post=115697"},{"taxonomy":"product_cat","embeddable":true,"href":"https:\/\/www.raschvin.com\/sv\/wp-json\/wp\/v2\/product_cat?post=115697"},{"taxonomy":"product_tag","embeddable":true,"href":"https:\/\/www.raschvin.com\/sv\/wp-json\/wp\/v2\/product_tag?post=115697"}],"curies":[{"name":"wp","href":"https:\/\/api.w.org\/{rel}","templated":true}]}}