{"id":115687,"date":"2026-02-12T14:07:00","date_gmt":"2026-02-12T13:07:00","guid":{"rendered":"https:\/\/www.raschvin.com\/?post_type=product&#038;p=115687"},"modified":"2026-02-12T14:14:24","modified_gmt":"2026-02-12T13:14:24","slug":"aperol-spritz-kit-1x100-cl-aperol-2x75-cl-althea-prosecco-kopier","status":"publish","type":"product","link":"https:\/\/www.raschvin.com\/sv\/produkt\/aperol-spritz-kit-1x100-cl-aperol-2x75-cl-althea-prosecco-kopier\/","title":{"rendered":"Sarti Spritz-Kit (1&#215;70 cl. Sarti Rosa + 2&#215;75 cl. Althea Prosecco)"},"content":{"rendered":"<p data-start=\"12\" data-end=\"407\">N\u00e4r du vill ha en spritz med lite extra wow \u00e4r Sarti Rosa ett s\u00e4kert kort. Den fruktiga, eleganta ros\u00e9-aperitifen f\u00e5r h\u00e4r perfekt s\u00e4llskap av <strong data-start=\"228\" data-end=\"264\">Althea Marika Prosecco Extra Dry<\/strong>, som bidrar med krispiga bubblor och en frisk, ren avslutning. Resultatet blir en modern spritz som \u00e4r lika snygg i glaset som l\u00e4tt att \u00e4lska.<\/p>\n<p data-start=\"409\" data-end=\"576\">I glaset f\u00e5r du en vackert rosa spritz med mycket arom, fin bitters\u00f6t balans och en l\u00e4skande finish som passar lika bra till eftermiddagsh\u00e4ng som till festliga sk\u00e5lar.<\/p>\n<p data-start=\"578\" data-end=\"678\"><strong data-start=\"578\" data-end=\"592\">Smakprofil<\/strong><br data-start=\"592\" data-end=\"595\" \/>R\u00f6da b\u00e4r och citrus med en liten bitter touch, lyft av fina bubblor och frisk syra.<\/p>\n<p data-start=\"680\" data-end=\"851\"><strong data-start=\"680\" data-end=\"697\">Serveringsid\u00e9<\/strong><br data-start=\"697\" data-end=\"700\" \/>Fyll ett stort glas med is. Tills\u00e4tt Sarti Rosa, toppa med prosecco och justera med en liten skv\u00e4tt sodavatten. Garnera med lime eller pink grapefrukt.<\/p>\n<p data-start=\"853\" data-end=\"988\"><strong data-start=\"853\" data-end=\"869\">Perfekt till<\/strong><br data-start=\"869\" data-end=\"872\" \/>Terrassh\u00e4ng, brunch, v\u00e4nner p\u00e5 bes\u00f6k, firanden \u2013 eller som en enkel, stilfull aperitif som alltid s\u00e4tter st\u00e4mningen.<\/p>\n","protected":false},"excerpt":{"rendered":"<p>N\u00e4r du vill ha en spritz med lite extra wow \u00e4r Sarti Rosa ett s\u00e4kert kort. Den fruktiga, eleganta ros\u00e9-aperitifen f\u00e5r h\u00e4r perfekt s\u00e4llskap av Althea Marika Prosecco Extra Dry,&#8230;<\/p>\n","protected":false},"featured_media":116379,"template":"","meta":{"_acf_changed":false,"rs_blank_template":"","rs_page_bg_color":"","slide_template_v7":""},"product_brand":[],"product_cat":[4401,4403,9531,9533,9535],"product_tag":[],"class_list":{"0":"post-115687","1":"product","2":"type-product","3":"status-publish","4":"has-post-thumbnail","6":"product_cat-smaka-laador","7":"product_cat-smaka-laador-cocktail","8":"product_cat-paket","9":"product_cat-cocktailpaket","10":"product_cat-spritzpaket","12":"first","13":"instock","14":"sale","15":"virtual","16":"taxable","17":"purchasable","18":"product-type-bundle"},"bundled_by":[],"bundle_stock_status":"instock","bundle_stock_quantity":"","bundle_virtual":false,"bundle_layout":"tabular","bundle_add_to_cart_form_location":"default","bundle_editable_in_cart":false,"bundle_sold_individually_context":"product","bundle_item_grouping":"noindent","bundle_min_size":"","bundle_max_size":"","bundle_price":{"price":{"min":{"incl_tax":"319","excl_tax":"255.2"},"max":{"incl_tax":"319","excl_tax":"255.2"}},"regular_price":{"min":{"incl_tax":"369","excl_tax":"295.2"},"max":{"incl_tax":"369","excl_tax":"295.2"}}},"bundled_items":[{"bundled_item_id":99,"product_id":52882,"menu_order":1,"quantity_min":1,"quantity_max":1,"quantity_default":1,"priced_individually":false,"shipped_individually":false,"override_title":false,"title":"Sarti Rosa Aperitivo 70 cl. 14%","override_description":false,"description":"Sarti Rosa Aperitivo 70 cl. 14%","optional":false,"hide_thumbnail":false,"discount":"","override_variations":false,"allowed_variations":[""],"override_default_variation_attributes":false,"default_variation_attributes":[],"single_product_visibility":"visible","cart_visibility":"visible","order_visibility":"visible","single_product_price_visibility":"visible","cart_price_visibility":"visible","order_price_visibility":"visible","stock_status":"in_stock"},{"bundled_item_id":104,"product_id":49158,"menu_order":1,"quantity_min":2,"quantity_max":2,"quantity_default":2,"priced_individually":false,"shipped_individually":false,"override_title":false,"title":"Althea Marika Extra Dry 75 cl.","override_description":false,"description":"Althea Marika Extra Dry 75 cl.","optional":false,"hide_thumbnail":false,"discount":"","override_variations":false,"allowed_variations":[""],"override_default_variation_attributes":false,"default_variation_attributes":[],"single_product_visibility":"visible","cart_visibility":"visible","order_visibility":"visible","single_product_price_visibility":"visible","cart_price_visibility":"visible","order_price_visibility":"visible","stock_status":"in_stock"}],"bundle_sell_ids":[],"acf":[],"_links":{"self":[{"href":"https:\/\/www.raschvin.com\/sv\/wp-json\/wp\/v2\/product\/115687","targetHints":{"allow":["GET"]}}],"collection":[{"href":"https:\/\/www.raschvin.com\/sv\/wp-json\/wp\/v2\/product"}],"about":[{"href":"https:\/\/www.raschvin.com\/sv\/wp-json\/wp\/v2\/types\/product"}],"wp:featuredmedia":[{"embeddable":true,"href":"https:\/\/www.raschvin.com\/sv\/wp-json\/wp\/v2\/media\/116379"}],"wp:attachment":[{"href":"https:\/\/www.raschvin.com\/sv\/wp-json\/wp\/v2\/media?parent=115687"}],"wp:term":[{"taxonomy":"product_brand","embeddable":true,"href":"https:\/\/www.raschvin.com\/sv\/wp-json\/wp\/v2\/product_brand?post=115687"},{"taxonomy":"product_cat","embeddable":true,"href":"https:\/\/www.raschvin.com\/sv\/wp-json\/wp\/v2\/product_cat?post=115687"},{"taxonomy":"product_tag","embeddable":true,"href":"https:\/\/www.raschvin.com\/sv\/wp-json\/wp\/v2\/product_tag?post=115687"}],"curies":[{"name":"wp","href":"https:\/\/api.w.org\/{rel}","templated":true}]}}