{"id":115649,"date":"2026-02-12T13:53:11","date_gmt":"2026-02-12T12:53:11","guid":{"rendered":"https:\/\/www.raschvin.com\/?post_type=product&#038;p=115649"},"modified":"2026-02-12T14:05:14","modified_gmt":"2026-02-12T13:05:14","slug":"limocello-spritz-kit-1x70-cl-bepi-limoncello-2x75-cl-althea-prosecco-kopier","status":"publish","type":"product","link":"https:\/\/www.raschvin.com\/sv\/produkt\/limocello-spritz-kit-1x70-cl-bepi-limoncello-2x75-cl-althea-prosecco-kopier\/","title":{"rendered":"Aperol Spritz-Kit (1&#215;100 cl. Aperol + 2&#215;75 cl. Althea Prosecco)"},"content":{"rendered":"<p data-start=\"12\" data-end=\"385\">Allt du beh\u00f6ver f\u00f6r en riktigt bra Aperol Spritz \u2013 samlat i ett paket. H\u00e4r f\u00e5r du <strong data-start=\"163\" data-end=\"189\">1 flaska Aperol 100 cl<\/strong> tillsammans med <strong data-start=\"206\" data-end=\"252\">2 flaskor Althea Marika Prosecco Extra Dry<\/strong>, som med sina friska, livliga bubblor lyfter Aperols karakt\u00e4ristiska bitters\u00f6tma och apelsintoner till en spritz med perfekt balans.<\/p>\n<p data-start=\"387\" data-end=\"541\">Resultatet \u00e4r en ikonisk aperitif: l\u00e4tt, fr\u00e4sch och oemotst\u00e5ndligt s\u00e4llskaplig \u2013 lika r\u00e4tt till f\u00f6rdrinken som till soliga eftermiddagar, mingel och fest.<\/p>\n<p data-start=\"543\" data-end=\"635\"><strong data-start=\"543\" data-end=\"557\">Smakprofil<\/strong><br data-start=\"557\" data-end=\"560\" \/>Bitterljuv apelsin, friska bubblor och en elegant, uppfriskande avslutning.<\/p>\n<p data-start=\"637\" data-end=\"789\"><strong data-start=\"637\" data-end=\"655\">Serveringstips<\/strong><br data-start=\"655\" data-end=\"658\" \/>Fyll ett stort glas med is. H\u00e4ll i Aperol, toppa med prosecco och avsluta g\u00e4rna med en skv\u00e4tt sodavatten. Garnera med apelsinskiva.<\/p>\n<p data-start=\"791\" data-end=\"882\"><strong data-start=\"791\" data-end=\"807\">Perfekt till<\/strong><br data-start=\"807\" data-end=\"810\" \/>Aperitif, brunch, terrassh\u00e4ng, firanden och spontana kv\u00e4llar med v\u00e4nner.<\/p>\n","protected":false},"excerpt":{"rendered":"<p>Allt du beh\u00f6ver f\u00f6r en riktigt bra Aperol Spritz \u2013 samlat i ett paket. H\u00e4r f\u00e5r du 1 flaska Aperol 100 cl tillsammans med 2 flaskor Althea Marika Prosecco Extra&#8230;<\/p>\n","protected":false},"featured_media":116370,"template":"","meta":{"_acf_changed":false,"rs_blank_template":"","rs_page_bg_color":"","slide_template_v7":""},"product_brand":[],"product_cat":[4401,4403,9531,9533,9535],"product_tag":[],"class_list":{"0":"post-115649","1":"product","2":"type-product","3":"status-publish","4":"has-post-thumbnail","6":"product_cat-smaka-laador","7":"product_cat-smaka-laador-cocktail","8":"product_cat-paket","9":"product_cat-cocktailpaket","10":"product_cat-spritzpaket","12":"first","13":"instock","14":"sale","15":"featured","16":"virtual","17":"taxable","18":"purchasable","19":"product-type-bundle"},"bundled_by":[],"bundle_stock_status":"instock","bundle_stock_quantity":"","bundle_virtual":false,"bundle_layout":"tabular","bundle_add_to_cart_form_location":"default","bundle_editable_in_cart":false,"bundle_sold_individually_context":"product","bundle_item_grouping":"noindent","bundle_min_size":"","bundle_max_size":"","bundle_price":{"price":{"min":{"incl_tax":"339","excl_tax":"271.2"},"max":{"incl_tax":"339","excl_tax":"271.2"}},"regular_price":{"min":{"incl_tax":"389","excl_tax":"311.2"},"max":{"incl_tax":"389","excl_tax":"311.2"}}},"bundled_items":[{"bundled_item_id":88,"product_id":16197,"menu_order":1,"quantity_min":1,"quantity_max":1,"quantity_default":1,"priced_individually":false,"shipped_individually":false,"override_title":false,"title":"Aperol Aperitivo 100 cl. 11%","override_description":false,"description":"Aperol Aperitivo 100 cl. 11%","optional":false,"hide_thumbnail":false,"discount":"","override_variations":false,"allowed_variations":[""],"override_default_variation_attributes":false,"default_variation_attributes":[],"single_product_visibility":"visible","cart_visibility":"visible","order_visibility":"visible","single_product_price_visibility":"visible","cart_price_visibility":"visible","order_price_visibility":"visible","stock_status":"in_stock"},{"bundled_item_id":107,"product_id":49158,"menu_order":1,"quantity_min":2,"quantity_max":2,"quantity_default":2,"priced_individually":false,"shipped_individually":false,"override_title":false,"title":"Althea Marika Extra Dry 75 cl.","override_description":false,"description":"Althea Marika Extra Dry 75 cl.","optional":false,"hide_thumbnail":false,"discount":"","override_variations":false,"allowed_variations":[""],"override_default_variation_attributes":false,"default_variation_attributes":[],"single_product_visibility":"visible","cart_visibility":"visible","order_visibility":"visible","single_product_price_visibility":"visible","cart_price_visibility":"visible","order_price_visibility":"visible","stock_status":"in_stock"}],"bundle_sell_ids":[],"acf":[],"_links":{"self":[{"href":"https:\/\/www.raschvin.com\/sv\/wp-json\/wp\/v2\/product\/115649","targetHints":{"allow":["GET"]}}],"collection":[{"href":"https:\/\/www.raschvin.com\/sv\/wp-json\/wp\/v2\/product"}],"about":[{"href":"https:\/\/www.raschvin.com\/sv\/wp-json\/wp\/v2\/types\/product"}],"wp:featuredmedia":[{"embeddable":true,"href":"https:\/\/www.raschvin.com\/sv\/wp-json\/wp\/v2\/media\/116370"}],"wp:attachment":[{"href":"https:\/\/www.raschvin.com\/sv\/wp-json\/wp\/v2\/media?parent=115649"}],"wp:term":[{"taxonomy":"product_brand","embeddable":true,"href":"https:\/\/www.raschvin.com\/sv\/wp-json\/wp\/v2\/product_brand?post=115649"},{"taxonomy":"product_cat","embeddable":true,"href":"https:\/\/www.raschvin.com\/sv\/wp-json\/wp\/v2\/product_cat?post=115649"},{"taxonomy":"product_tag","embeddable":true,"href":"https:\/\/www.raschvin.com\/sv\/wp-json\/wp\/v2\/product_tag?post=115649"}],"curies":[{"name":"wp","href":"https:\/\/api.w.org\/{rel}","templated":true}]}}