{"id":115620,"date":"2026-02-12T10:32:33","date_gmt":"2026-02-12T09:32:33","guid":{"rendered":"https:\/\/www.raschvin.com\/produkt\/limocello-spritz-kit-1x70-cl-bepi-limoncello-2x75-cl-althea-prosecco\/"},"modified":"2026-02-12T10:32:33","modified_gmt":"2026-02-12T09:32:33","slug":"limocello-spritz-kit-1x70-cl-bepi-limoncello-2x75-cl-althea-prosecco","status":"publish","type":"product","link":"https:\/\/www.raschvin.com\/sv\/produkt\/limocello-spritz-kit-1x70-cl-bepi-limoncello-2x75-cl-althea-prosecco\/","title":{"rendered":"Limocello Spritz-Kit (1&#215;70 cl. Bepi Limoncello + 2&#215;75 cl. Althea Prosecco)"},"content":{"rendered":"<p data-start=\"12\" data-end=\"478\">Sk\u00e4m bort dig sj\u00e4lv (eller en lycklig mottagare) med en spritz-upplevelse i den mer eleganta \u00e4nden av skalan. Det h\u00e4r paketet kombinerar <strong data-start=\"199\" data-end=\"227\">Bepi Tosolini Limoncello<\/strong> \u2013 k\u00e4nd f\u00f6r sin rena, intensiva citruskarakt\u00e4r \u2013 med <strong data-start=\"280\" data-end=\"316\">Althea Marika Prosecco Extra Dry<\/strong>, som bidrar med fina, ih\u00e5llande bubblor och en sofistikerad fruktprofil. Tillsammans skapar de en Limoncello Spritz med precision, l\u00e4tthet och lyxig drickbarhet.<\/p>\n<p data-start=\"480\" data-end=\"714\">I glaset f\u00e5r du solgul fr\u00e4sch\u00f6r, delikata bubblor och en vacker balans mellan citrus, diskret s\u00f6tma och en l\u00e5ng, ren avslutning. En spritz som k\u00e4nns genomt\u00e4nkt och exklusiv \u2013 perfekt n\u00e4r det f\u00e5r vara lite mer \u00e4n \u201cbara\u201d en sommardrink.<\/p>\n<p data-start=\"716\" data-end=\"822\"><strong data-start=\"716\" data-end=\"732\">Perfekt till<\/strong><br data-start=\"732\" data-end=\"735\" \/>Aperitif f\u00f6re en god middag, firande, g\u00e4ster p\u00e5 terrassen \u2013 eller som en stilfull g\u00e5va.<\/p>\n<p data-start=\"824\" data-end=\"1045\"><strong data-start=\"824\" data-end=\"844\">Serveringsritual<\/strong><br data-start=\"844\" data-end=\"847\" \/>Servera i ett stort vinglas med mycket is. Tills\u00e4tt limoncello, toppa med prosecco och avsluta med en liten skv\u00e4tt sodavatten f\u00f6r extra lyft. Garnera med citronskal f\u00f6r den sista, eleganta detaljen.<\/p>\n","protected":false},"excerpt":{"rendered":"<p>Sk\u00e4m bort dig sj\u00e4lv (eller en lycklig mottagare) med en spritz-upplevelse i den mer eleganta \u00e4nden av skalan. Det h\u00e4r paketet kombinerar Bepi Tosolini Limoncello \u2013 k\u00e4nd f\u00f6r sin rena,&#8230;<\/p>\n","protected":false},"featured_media":116373,"template":"","meta":{"_acf_changed":false,"rs_blank_template":"","rs_page_bg_color":"","slide_template_v7":""},"product_brand":[],"product_cat":[4401,4403,9529,9531,9533,9535],"product_tag":[],"class_list":{"0":"post-115620","1":"product","2":"type-product","3":"status-publish","4":"has-post-thumbnail","6":"product_cat-smaka-laador","7":"product_cat-smaka-laador-cocktail","8":"product_cat-raschs-egenimport","9":"product_cat-paket","10":"product_cat-cocktailpaket","11":"product_cat-spritzpaket","13":"first","14":"instock","15":"sale","16":"virtual","17":"taxable","18":"purchasable","19":"product-type-bundle"},"bundled_by":[],"bundle_stock_status":"instock","bundle_stock_quantity":"","bundle_virtual":false,"bundle_layout":"tabular","bundle_add_to_cart_form_location":"default","bundle_editable_in_cart":false,"bundle_sold_individually_context":"product","bundle_item_grouping":"noindent","bundle_min_size":"","bundle_max_size":"","bundle_price":{"price":{"min":{"incl_tax":"319","excl_tax":"255.2"},"max":{"incl_tax":"319","excl_tax":"255.2"}},"regular_price":{"min":{"incl_tax":"379","excl_tax":"303.2"},"max":{"incl_tax":"379","excl_tax":"303.2"}}},"bundled_items":[{"bundled_item_id":78,"product_id":17017,"menu_order":0,"quantity_min":1,"quantity_max":1,"quantity_default":1,"priced_individually":false,"shipped_individually":false,"override_title":false,"title":"Bepi Tosolini &#8211; Premium Limoncello 70 cl. 28%","override_description":false,"description":"Bepi Tosolini &#8211; Premium Limoncello 70 cl. 28%","optional":false,"hide_thumbnail":false,"discount":"","override_variations":false,"allowed_variations":[""],"override_default_variation_attributes":false,"default_variation_attributes":[],"single_product_visibility":"visible","cart_visibility":"visible","order_visibility":"visible","single_product_price_visibility":"visible","cart_price_visibility":"visible","order_price_visibility":"visible","stock_status":"in_stock"},{"bundled_item_id":79,"product_id":49158,"menu_order":1,"quantity_min":2,"quantity_max":2,"quantity_default":2,"priced_individually":false,"shipped_individually":false,"override_title":false,"title":"Althea Marika Extra Dry 75 cl.","override_description":false,"description":"Althea Marika Extra Dry 75 cl.","optional":false,"hide_thumbnail":false,"discount":"","override_variations":false,"allowed_variations":[""],"override_default_variation_attributes":false,"default_variation_attributes":[],"single_product_visibility":"visible","cart_visibility":"visible","order_visibility":"visible","single_product_price_visibility":"visible","cart_price_visibility":"visible","order_price_visibility":"visible","stock_status":"in_stock"}],"bundle_sell_ids":[],"acf":[],"_links":{"self":[{"href":"https:\/\/www.raschvin.com\/sv\/wp-json\/wp\/v2\/product\/115620","targetHints":{"allow":["GET"]}}],"collection":[{"href":"https:\/\/www.raschvin.com\/sv\/wp-json\/wp\/v2\/product"}],"about":[{"href":"https:\/\/www.raschvin.com\/sv\/wp-json\/wp\/v2\/types\/product"}],"wp:featuredmedia":[{"embeddable":true,"href":"https:\/\/www.raschvin.com\/sv\/wp-json\/wp\/v2\/media\/116373"}],"wp:attachment":[{"href":"https:\/\/www.raschvin.com\/sv\/wp-json\/wp\/v2\/media?parent=115620"}],"wp:term":[{"taxonomy":"product_brand","embeddable":true,"href":"https:\/\/www.raschvin.com\/sv\/wp-json\/wp\/v2\/product_brand?post=115620"},{"taxonomy":"product_cat","embeddable":true,"href":"https:\/\/www.raschvin.com\/sv\/wp-json\/wp\/v2\/product_cat?post=115620"},{"taxonomy":"product_tag","embeddable":true,"href":"https:\/\/www.raschvin.com\/sv\/wp-json\/wp\/v2\/product_tag?post=115620"}],"curies":[{"name":"wp","href":"https:\/\/api.w.org\/{rel}","templated":true}]}}