{"id":115442,"date":"2026-02-11T07:47:53","date_gmt":"2026-02-11T06:47:53","guid":{"rendered":"https:\/\/www.raschvin.com\/?post_type=product&#038;p=115442"},"modified":"2026-02-11T07:54:31","modified_gmt":"2026-02-11T06:54:31","slug":"becker-cremant-de-alsace-extra-brut-nature-eco-75-cl-kopier","status":"publish","type":"product","link":"https:\/\/www.raschvin.com\/sv\/produkt\/becker-cremant-de-alsace-extra-brut-nature-eco-75-cl-kopier\/","title":{"rendered":"Becker Cr\u00e9mant de Alsace Extra Brut &#8211; ECO 75 cl."},"content":{"rendered":"<p data-start=\"1454\" data-end=\"1880\">Domaine Jean Becker \u00e4r lika skickliga p\u00e5 mousserande vin som p\u00e5 stilla vin. Det bevisar denna ekologiska Cr\u00e9mant d\u2019Alsace. Den \u00e4r gjord enligt den \u201dtraditionella\u201d metoden av druvorna auxerrois (90 %), pinot gris (3 %) och chardonnay (7 %), som sk\u00f6rdas f\u00f6r hand n\u00e4r de \u00e4r perfekt mogna. Innan degorgering f\u00e5r vinet ligga 6 m\u00e5nader p\u00e5 j\u00e4stf\u00e4llningen, vilket ger djup och komplexitet. Det tappas som Extra Brut med 5 gram dosage.<\/p>\n<p data-start=\"1882\" data-end=\"2081\"><strong data-start=\"1882\" data-end=\"1891\">F\u00e4rg:<\/strong> Ljust gyllene.<br data-start=\"1906\" data-end=\"1909\" \/><strong data-start=\"1909\" data-end=\"1918\">Doft:<\/strong> Citron, grapefrukt, mandel och p\u00e4ron.<br data-start=\"1956\" data-end=\"1959\" \/><strong data-start=\"1959\" data-end=\"1968\">Smak:<\/strong> Perfekt balans och knivskarp syra. Toner av citrus (mandarin, citron), \u00e4pple och j\u00e4st. Ett riktigt h\u00e4rligt glas!<\/p>\n<p data-start=\"2083\" data-end=\"2196\"><strong data-start=\"2083\" data-end=\"2105\">Serveringsf\u00f6rslag:<\/strong> Njut v\u00e4l kyld till fisk, skaldjur, kaviar eller ostar som Brillat-Savarin och Ossau-Iraty.<\/p>\n<p data-start=\"2198\" data-end=\"2820\" data-is-last-node=\"\" data-is-only-node=\"\">Domaine Jean Becker \u00e4r ett gammalt, familje\u00e4gt vinhus i Alsace med r\u00f6tter tillbaka till 1610. Sedan 1999 har de odlat sina vinmarker ekologiskt och sedan 2001 erbjuder de uteslutande ekologiska viner. Syskonen Martine, Phillipe och Francois Becker driver idag huset tillsammans med \u00f6vriga teamet i Zellenberg i Alsace. De flesta vinerna g\u00f6rs p\u00e5 klassiska alsatiska vita druvsorter \u2013 pinot blanc, riesling, sylvaner, gew\u00fcrztraminer osv. \u2013 men familjen g\u00f6r \u00e4ven enstaka r\u00f6dviner p\u00e5 pinot noir. Becker odlar dessutom vin p\u00e5 flera av de fr\u00e4msta Grand Cru-l\u00e4gena, bland annat Froehn, Schoenenbourg, Mandelberg och Sonnenglantz.<\/p>\n","protected":false},"excerpt":{"rendered":"<p>French Sparkling Wine<\/p>\n","protected":false},"featured_media":115575,"template":"","meta":{"_acf_changed":false,"rs_blank_template":"","rs_page_bg_color":"","slide_template_v7":""},"product_brand":[],"product_cat":[2776,2783,2788],"product_tag":[],"class_list":{"0":"post-115442","1":"product","2":"type-product","3":"status-publish","4":"has-post-thumbnail","6":"product_cat-mousserende-sv","7":"product_cat-cremant-sv","8":"product_cat-vin-sv","9":"pa_drue-chardonnay-sv","10":"pa_drue-pinot-auxerrois-sv","11":"pa_drue-pinot-gris-sv","12":"pa_land-frankrike","13":"pa_oekologisk-yes-sv","14":"pa_procent-12-5-sv","15":"pa_producent-becker-sv","16":"pa_region-alsace-sv","17":"pa_serveringstemperatur-8-10-sv","18":"pa_volume-75-sv","20":"first","21":"instock","22":"taxable","23":"shipping-taxable","24":"purchasable","25":"product-type-simple"},"bundled_by":[],"bundle_stock_status":"instock","bundle_stock_quantity":null,"bundle_virtual":false,"bundle_layout":"","bundle_add_to_cart_form_location":"","bundle_editable_in_cart":false,"bundle_sold_individually_context":"","bundle_item_grouping":"","bundle_min_size":"","bundle_max_size":"","bundle_price":[],"bundled_items":[],"bundle_sell_ids":[],"acf":[],"_links":{"self":[{"href":"https:\/\/www.raschvin.com\/sv\/wp-json\/wp\/v2\/product\/115442","targetHints":{"allow":["GET"]}}],"collection":[{"href":"https:\/\/www.raschvin.com\/sv\/wp-json\/wp\/v2\/product"}],"about":[{"href":"https:\/\/www.raschvin.com\/sv\/wp-json\/wp\/v2\/types\/product"}],"wp:featuredmedia":[{"embeddable":true,"href":"https:\/\/www.raschvin.com\/sv\/wp-json\/wp\/v2\/media\/115575"}],"wp:attachment":[{"href":"https:\/\/www.raschvin.com\/sv\/wp-json\/wp\/v2\/media?parent=115442"}],"wp:term":[{"taxonomy":"product_brand","embeddable":true,"href":"https:\/\/www.raschvin.com\/sv\/wp-json\/wp\/v2\/product_brand?post=115442"},{"taxonomy":"product_cat","embeddable":true,"href":"https:\/\/www.raschvin.com\/sv\/wp-json\/wp\/v2\/product_cat?post=115442"},{"taxonomy":"product_tag","embeddable":true,"href":"https:\/\/www.raschvin.com\/sv\/wp-json\/wp\/v2\/product_tag?post=115442"}],"curies":[{"name":"wp","href":"https:\/\/api.w.org\/{rel}","templated":true}]}}